{"id":3867,"date":"2020-04-08T09:52:49","date_gmt":"2020-04-08T07:52:49","guid":{"rendered":"https:\/\/nova.depoles.com\/trgovina\/rocno-strizenje-hs250\/"},"modified":"2026-02-12T13:43:38","modified_gmt":"2026-02-12T12:43:38","slug":"rocno-strizenje-hs250","status":"publish","type":"product","link":"https:\/\/www.depoles.com\/hr\/trgovina\/rocno-strizenje-hs250\/","title":{"rendered":"\u0160kare za lim HS250"},"content":{"rendered":"<p><strong>Tehni\u010dni podatki<\/strong><\/p>\n<table>\n<tbody>\n<tr>\n<th colspan=\"2\">Obdelava plo\u010devine<\/th>\n<\/tr>\n<tr>\n<td>Max. debelina ravnega materiala (mm)<\/td>\n<td>6<\/td>\n<\/tr>\n<tr>\n<td>Max. premer okroglega jekla (mm)<\/td>\n<td>13<\/td>\n<\/tr>\n<tr>\n<td>Dol\u017eina no\u017ea (mm)<\/td>\n<td>250<\/td>\n<\/tr>\n<tr>\n<th colspan=\"2\">Te\u017ea<\/th>\n<\/tr>\n<tr>\n<td>Bruto te\u017ea (kg)<\/td>\n<td>23,50<\/td>\n<\/tr>\n<tr>\n<td>Netto te\u017ea (kg)<\/td>\n<td>21,50<\/td>\n<\/tr>\n<tr>\n<th colspan=\"2\">Pakiranje<\/th>\n<\/tr>\n<tr>\n<td>Dol\u017eina pakiranja (mm)<\/td>\n<td>770<\/td>\n<\/tr>\n<tr>\n<td>\u0160irina pakiranja (mm)<\/td>\n<td>185<\/td>\n<\/tr>\n<tr>\n<td>Vi\u0161ina pakiranja (mm)<\/td>\n<td>470<\/td>\n<\/tr>\n<tr>\n<th colspan=\"2\">Splo\u0161ni podatki<\/th>\n<\/tr>\n<tr>\n<td>EAN koda<\/td>\n<td>9120039901381<\/td>\n<\/tr>\n<\/tbody>\n<\/table>\n","protected":false},"excerpt":{"rendered":"<h3>Poudarki izdelka<\/h3>\n<p>Ta rezalnik je namenjen rezanju kovinskih plo\u0161\u010d, okroglih in ravnih jekel. Izdelan je iz visokooglji\u010dnih jeklenih plo\u0161\u010d, ki zagotavljajo dolgo obstojnost. Omogo\u010da udobno upravljanje z eno roko in ima visoko zmogljivost rezanja.<\/p>\n<ul>\n<li>Avtomatski poteg nazaj ro\u010dice do vzmeti<\/li>\n<li>Samodejno dr\u017ealo prepre\u010duje torzijo med rezanjem<\/li>\n<li>Ohi\u0161je iz trdnega litega \u017eeleza z luknjami za pritrditev, na primer na tla<\/li>\n<\/ul>\n","protected":false},"featured_media":3868,"template":"","meta":[],"product_brand":[],"product_cat":[1047,1043],"product_tag":[],"class_list":{"0":"post-3867","1":"product","2":"type-product","3":"status-publish","4":"has-post-thumbnail","6":"product_cat-skarje-za-plocevino","7":"product_cat-stroji-za-kovine","9":"first","10":"instock","11":"shipping-taxable","12":"purchasable","13":"product-type-simple"},"_links":{"self":[{"href":"https:\/\/www.depoles.com\/hr\/wp-json\/wp\/v2\/product\/3867","targetHints":{"allow":["GET"]}}],"collection":[{"href":"https:\/\/www.depoles.com\/hr\/wp-json\/wp\/v2\/product"}],"about":[{"href":"https:\/\/www.depoles.com\/hr\/wp-json\/wp\/v2\/types\/product"}],"wp:featuredmedia":[{"embeddable":true,"href":"https:\/\/www.depoles.com\/hr\/wp-json\/wp\/v2\/media\/3868"}],"wp:attachment":[{"href":"https:\/\/www.depoles.com\/hr\/wp-json\/wp\/v2\/media?parent=3867"}],"wp:term":[{"taxonomy":"product_brand","embeddable":true,"href":"https:\/\/www.depoles.com\/hr\/wp-json\/wp\/v2\/product_brand?post=3867"},{"taxonomy":"product_cat","embeddable":true,"href":"https:\/\/www.depoles.com\/hr\/wp-json\/wp\/v2\/product_cat?post=3867"},{"taxonomy":"product_tag","embeddable":true,"href":"https:\/\/www.depoles.com\/hr\/wp-json\/wp\/v2\/product_tag?post=3867"}],"curies":[{"name":"wp","href":"https:\/\/api.w.org\/{rel}","templated":true}]}}