{"id":3871,"date":"2020-04-08T09:52:39","date_gmt":"2020-04-08T07:52:39","guid":{"rendered":"https:\/\/nova.depoles.com\/trgovina\/giljotinsko-strizenje-bss1000p\/"},"modified":"2025-12-17T15:46:09","modified_gmt":"2025-12-17T14:46:09","slug":"giljotinsko-strizenje-bss1000p","status":"publish","type":"product","link":"https:\/\/www.depoles.com\/hr\/trgovina\/giljotinsko-strizenje-bss1000p\/","title":{"rendered":"\u0160kare za lim BSS1000P"},"content":{"rendered":"<table>\n<tbody>\n<tr>\n<th colspan=\"2\">Dimenzije<\/th>\n<\/tr>\n<tr>\n<td>Velikost mize (mm)<\/td>\n<td>120 x 50<\/td>\n<\/tr>\n<tr>\n<td>Skupne dimenzije (mm)<\/td>\n<td>1260 x 540<\/td>\n<\/tr>\n<tr>\n<th colspan=\"2\">Rezanje<\/th>\n<\/tr>\n<tr>\n<td>Maksimalna dol\u017eina rezanja 90\u00b0 (mm)<\/td>\n<td>1000<\/td>\n<\/tr>\n<tr>\n<th colspan=\"2\">Obdelava plo\u010devine<\/th>\n<\/tr>\n<tr>\n<td>Maksimalna debelina plo\u010devine (mm)<\/td>\n<td>1<\/td>\n<\/tr>\n<tr>\n<td>Raz\u0161iritev \u0161irine izvle\u010dna do (mm)<\/td>\n<td>600<\/td>\n<\/tr>\n<tr>\n<th colspan=\"2\">Te\u017ea<\/th>\n<\/tr>\n<tr>\n<td>Bruto te\u017ea (kg)<\/td>\n<td>295<\/td>\n<\/tr>\n<tr>\n<td>Netto te\u017ea (kg)<\/td>\n<td>240<\/td>\n<\/tr>\n<tr>\n<th colspan=\"2\">Pakiranje<\/th>\n<\/tr>\n<tr>\n<td>Dol\u017eina pakiranja (mm)<\/td>\n<td>1480<\/td>\n<\/tr>\n<tr>\n<td>\u0160irina pakiranja (mm)<\/td>\n<td>960<\/td>\n<\/tr>\n<tr>\n<td>Vi\u0161ina pakiranja (mm)<\/td>\n<td>660<\/td>\n<\/tr>\n<tr>\n<th colspan=\"2\">Splo\u0161ni podatki<\/th>\n<\/tr>\n<tr>\n<td>EAN koda<\/td>\n<td>9120039905792<\/td>\n<\/tr>\n<\/tbody>\n<\/table>\n","protected":false},"excerpt":{"rendered":"<h3>Poudarki<\/h3>\n<ul>\n<li>Velika miza omogo\u010da enostavno nalaganje in nastavitev plo\u010devine.<\/li>\n<li>Rezalna ograja je nastavljiva do 600 mm.<\/li>\n<li>No\u017e je iz visoko kakovostnega jekla.<\/li>\n<li>Povratek rezalne roke podpira vzmet za la\u017eje delo.<\/li>\n<li>Ekscentri\u010dna spona in stojalo sta vklju\u010dena v dostavi.<\/li>\n<\/ul>\n","protected":false},"featured_media":3872,"template":"","meta":[],"product_brand":[],"product_cat":[1047,1043],"product_tag":[],"class_list":{"0":"post-3871","1":"product","2":"type-product","3":"status-publish","4":"has-post-thumbnail","6":"product_cat-skarje-za-plocevino","7":"product_cat-stroji-za-kovine","9":"first","10":"instock","11":"shipping-taxable","12":"purchasable","13":"product-type-simple"},"_links":{"self":[{"href":"https:\/\/www.depoles.com\/hr\/wp-json\/wp\/v2\/product\/3871","targetHints":{"allow":["GET"]}}],"collection":[{"href":"https:\/\/www.depoles.com\/hr\/wp-json\/wp\/v2\/product"}],"about":[{"href":"https:\/\/www.depoles.com\/hr\/wp-json\/wp\/v2\/types\/product"}],"wp:featuredmedia":[{"embeddable":true,"href":"https:\/\/www.depoles.com\/hr\/wp-json\/wp\/v2\/media\/3872"}],"wp:attachment":[{"href":"https:\/\/www.depoles.com\/hr\/wp-json\/wp\/v2\/media?parent=3871"}],"wp:term":[{"taxonomy":"product_brand","embeddable":true,"href":"https:\/\/www.depoles.com\/hr\/wp-json\/wp\/v2\/product_brand?post=3871"},{"taxonomy":"product_cat","embeddable":true,"href":"https:\/\/www.depoles.com\/hr\/wp-json\/wp\/v2\/product_cat?post=3871"},{"taxonomy":"product_tag","embeddable":true,"href":"https:\/\/www.depoles.com\/hr\/wp-json\/wp\/v2\/product_tag?post=3871"}],"curies":[{"name":"wp","href":"https:\/\/api.w.org\/{rel}","templated":true}]}}