{"id":3892,"date":"2020-04-08T09:39:11","date_gmt":"2020-04-08T07:39:11","guid":{"rendered":"https:\/\/nova.depoles.com\/trgovina\/lineta-ed-1000-glf\/"},"modified":"2025-12-17T15:46:39","modified_gmt":"2025-12-17T14:46:39","slug":"lineta-ed-1000-glf","status":"publish","type":"product","link":"https:\/\/www.depoles.com\/hr\/trgovina\/lineta-ed-1000-glf\/","title":{"rendered":"LINETA ED 1000 GLF"},"content":{"rendered":"<p><strong>Tehni\u010dni podatki:<\/strong><\/p>\n<table>\n<tbody>\n<tr>\n<td><strong>Bruto te\u017ea<\/strong><\/td>\n<td>3 kg<\/td>\n<\/tr>\n<tr>\n<td><strong>Netto te\u017ea<\/strong><\/td>\n<td>2 kg<\/td>\n<\/tr>\n<tr>\n<td><strong>\u0160irina embala\u017ee<\/strong><\/td>\n<td>300 mm<\/td>\n<\/tr>\n<tr>\n<td><strong>Dol\u017eina embala\u017ee<\/strong><\/td>\n<td>300 mm<\/td>\n<\/tr>\n<tr>\n<td><strong>Vi\u0161ina embala\u017ee<\/strong><\/td>\n<td>100 mm<\/td>\n<\/tr>\n<\/tbody>\n<\/table>\n","protected":false},"excerpt":{"rendered":"<p>Tehni\u010dni podatki: Bruto te\u017ea 3 kg Netto te\u017ea 2 kg \u0160irina embala\u017ee 300 mm Dol\u017eina embala\u017ee 300 mm Vi\u0161ina embala\u017ee 100 mm<\/p>\n","protected":false},"featured_media":3893,"template":"","meta":[],"product_brand":[],"product_cat":[1043,1059],"product_tag":[],"class_list":{"0":"post-3892","1":"product","2":"type-product","3":"status-publish","4":"has-post-thumbnail","6":"product_cat-stroji-za-kovine","7":"product_cat-struznice-za-kovino","9":"first","10":"instock","11":"shipping-taxable","12":"purchasable","13":"product-type-simple"},"_links":{"self":[{"href":"https:\/\/www.depoles.com\/hr\/wp-json\/wp\/v2\/product\/3892","targetHints":{"allow":["GET"]}}],"collection":[{"href":"https:\/\/www.depoles.com\/hr\/wp-json\/wp\/v2\/product"}],"about":[{"href":"https:\/\/www.depoles.com\/hr\/wp-json\/wp\/v2\/types\/product"}],"wp:featuredmedia":[{"embeddable":true,"href":"https:\/\/www.depoles.com\/hr\/wp-json\/wp\/v2\/media\/3893"}],"wp:attachment":[{"href":"https:\/\/www.depoles.com\/hr\/wp-json\/wp\/v2\/media?parent=3892"}],"wp:term":[{"taxonomy":"product_brand","embeddable":true,"href":"https:\/\/www.depoles.com\/hr\/wp-json\/wp\/v2\/product_brand?post=3892"},{"taxonomy":"product_cat","embeddable":true,"href":"https:\/\/www.depoles.com\/hr\/wp-json\/wp\/v2\/product_cat?post=3892"},{"taxonomy":"product_tag","embeddable":true,"href":"https:\/\/www.depoles.com\/hr\/wp-json\/wp\/v2\/product_tag?post=3892"}],"curies":[{"name":"wp","href":"https:\/\/api.w.org\/{rel}","templated":true}]}}