{"id":4084,"date":"2020-04-07T17:57:32","date_gmt":"2020-04-07T15:57:32","guid":{"rendered":"https:\/\/nova.depoles.com\/trgovina\/kombinirka-robland-nx310-ii\/"},"modified":"2020-04-07T17:57:32","modified_gmt":"2020-04-07T15:57:32","slug":"kombinirka-robland-nx310-ii","status":"publish","type":"product","link":"https:\/\/www.depoles.com\/hr\/trgovina\/kombinirka-robland-nx310-ii\/","title":{"rendered":"KOMBINIRKA ROBLAND NX310 II"},"content":{"rendered":"","protected":false},"excerpt":{"rendered":"<p><strong>PLA\u010cILO NA OBROKE DO 12.000\u20ac-TAKOJ\/LEANPAY<\/strong><\/p>\n<ul>\n<li>vrhunska kombinirka za zelo zahtevnega uporabnika<\/li>\n<li>alu voz dol\u017ein 1600, 2000, 2500 mm<\/li>\n<li>\u017eaga 300 mm\/nagib 90\u00b0-45\u00b0<\/li>\n<li>predrezilo svoj motor\/1Ks<\/li>\n<li>poravnalka debelinka dim 1350 x 310 mm<\/li>\n<li>SPIRAL skoblejna glava opcija<\/li>\n<li>za tehni\u010dne podatke in opremo po\u0161ljite povpra\u0161evanje na email : <a href=\"mailto:info@depoles.com\">info@depoles.com<\/a><\/li>\n<\/ul>\n<p>&nbsp;<\/p>\n","protected":false},"featured_media":4085,"template":"","meta":[],"product_brand":[],"product_cat":[1026,1012],"product_tag":[],"class_list":{"0":"post-4084","1":"product","2":"type-product","3":"status-publish","4":"has-post-thumbnail","6":"product_cat-kombinirke-5-operacij","7":"product_cat-stroji-za-les","9":"first","10":"onbackorder","11":"shipping-taxable","12":"product-type-simple"},"_links":{"self":[{"href":"https:\/\/www.depoles.com\/hr\/wp-json\/wp\/v2\/product\/4084","targetHints":{"allow":["GET"]}}],"collection":[{"href":"https:\/\/www.depoles.com\/hr\/wp-json\/wp\/v2\/product"}],"about":[{"href":"https:\/\/www.depoles.com\/hr\/wp-json\/wp\/v2\/types\/product"}],"wp:featuredmedia":[{"embeddable":true,"href":"https:\/\/www.depoles.com\/hr\/wp-json\/wp\/v2\/media\/4085"}],"wp:attachment":[{"href":"https:\/\/www.depoles.com\/hr\/wp-json\/wp\/v2\/media?parent=4084"}],"wp:term":[{"taxonomy":"product_brand","embeddable":true,"href":"https:\/\/www.depoles.com\/hr\/wp-json\/wp\/v2\/product_brand?post=4084"},{"taxonomy":"product_cat","embeddable":true,"href":"https:\/\/www.depoles.com\/hr\/wp-json\/wp\/v2\/product_cat?post=4084"},{"taxonomy":"product_tag","embeddable":true,"href":"https:\/\/www.depoles.com\/hr\/wp-json\/wp\/v2\/product_tag?post=4084"}],"curies":[{"name":"wp","href":"https:\/\/api.w.org\/{rel}","templated":true}]}}