{"id":4099,"date":"2020-04-07T17:56:59","date_gmt":"2020-04-07T15:56:59","guid":{"rendered":"https:\/\/nova.depoles.com\/trgovina\/namizna-zaga-m500\/"},"modified":"2020-04-07T17:56:59","modified_gmt":"2020-04-07T15:56:59","slug":"namizna-zaga-m500","status":"publish","type":"product","link":"https:\/\/www.depoles.com\/hr\/trgovina\/namizna-zaga-m500\/","title":{"rendered":"Formatna pila M500"},"content":{"rendered":"","protected":false},"excerpt":{"rendered":"<ul>\n<li class=\"p2\"> Mo\u010d motorja 9,2 kW (12 KM) (S6) <\/li>\n<li class=\"p2\"> Te\u017ea 550 kg <\/li>\n<li class=\"p2\"> Najve\u010dji premer lista \u017eage: 500 mm <\/li>\n<li class=\"p2\"> Vi\u0161ina reza pod 90 \u00b0: 175 mm s 500 mm \u017eago <\/li>\n<li class=\"p2\"> Vi\u0161ina reza pod 45 \u00b0: 120 mm s 500 mm \u017eago <\/li>\n<li class=\"p2\"> Eloksirana drsna miza z rezalno dol\u017eino 1450 mm (opcija 2500 mm) <\/li>\n<li class=\"p2\"> Najve\u010dja \u0161irina desno od \u017eage: 1350 mm (opcija 1000 mm) <\/li>\n<li class=\"p2\"> Neobvezna zunanja miza: 1420 x 650 mm\u00b2 (vklju\u010dno s pre\u010dno ograjo z dvema vzvratnima zaporama) <\/li>\n<li class=\"p2\"> Izbirno digitalno branje na pre\u010dni ograji <\/li>\n<li class=\"p3\"> Izbirno digitalno branje na vzporedni ograji <\/li>\n<\/ul>\n<p> <a href=\"https:\/\/robland.com\/wp-content\/uploads\/2019\/07\/M500-2.pdf\" target=\"_blank\" rel=\"noopener noreferrer\"><strong>PDF bro\u0161ura<\/strong><\/a><\/p>\n","protected":false},"featured_media":4100,"template":"","meta":[],"product_brand":[],"product_cat":[1028,1012],"product_tag":[],"class_list":{"0":"post-4099","1":"product","2":"type-product","3":"status-publish","4":"has-post-thumbnail","6":"product_cat-mizne-zage","7":"product_cat-stroji-za-les","9":"first","10":"instock","11":"shipping-taxable","12":"product-type-simple"},"_links":{"self":[{"href":"https:\/\/www.depoles.com\/hr\/wp-json\/wp\/v2\/product\/4099","targetHints":{"allow":["GET"]}}],"collection":[{"href":"https:\/\/www.depoles.com\/hr\/wp-json\/wp\/v2\/product"}],"about":[{"href":"https:\/\/www.depoles.com\/hr\/wp-json\/wp\/v2\/types\/product"}],"wp:featuredmedia":[{"embeddable":true,"href":"https:\/\/www.depoles.com\/hr\/wp-json\/wp\/v2\/media\/4100"}],"wp:attachment":[{"href":"https:\/\/www.depoles.com\/hr\/wp-json\/wp\/v2\/media?parent=4099"}],"wp:term":[{"taxonomy":"product_brand","embeddable":true,"href":"https:\/\/www.depoles.com\/hr\/wp-json\/wp\/v2\/product_brand?post=4099"},{"taxonomy":"product_cat","embeddable":true,"href":"https:\/\/www.depoles.com\/hr\/wp-json\/wp\/v2\/product_cat?post=4099"},{"taxonomy":"product_tag","embeddable":true,"href":"https:\/\/www.depoles.com\/hr\/wp-json\/wp\/v2\/product_tag?post=4099"}],"curies":[{"name":"wp","href":"https:\/\/api.w.org\/{rel}","templated":true}]}}