{"id":4115,"date":"2020-02-21T12:14:35","date_gmt":"2020-02-21T11:14:35","guid":{"rendered":"https:\/\/nova.depoles.com\/trgovina\/hss-brusilni-disk-svedra-cbn-bsg30pro-hss\/"},"modified":"2026-02-16T13:25:32","modified_gmt":"2026-02-16T12:25:32","slug":"hss-brusilni-disk-svedra-cbn-bsg30pro-hss","status":"publish","type":"product","link":"https:\/\/www.depoles.com\/hr\/trgovina\/hss-brusilni-disk-svedra-cbn-bsg30pro-hss\/","title":{"rendered":"HSS brusni disk CBN BSG30PRO-HSS"},"content":{"rendered":"<p><strong>Tehni\u010dni podatki:<\/strong><\/p>\n<ul>\n<li><strong>Te\u017ea:<\/strong>\n<ul>\n<li>Bruto te\u017ea: 0,50 kg<\/li>\n<li>Netto te\u017ea: 0,40 kg<\/li>\n<\/ul>\n<\/li>\n<li><strong>Embala\u017ea:<\/strong>\n<ul>\n<li>Dol\u017eina embala\u017ee: 110 mm<\/li>\n<li>\u0160irina embala\u017ee: 110 mm<\/li>\n<li>Vi\u0161ina embala\u017ee: 20 mm<\/li>\n<\/ul>\n<\/li>\n<li><strong>Splo\u0161ni podatki:<\/strong>\n<ul>\n<li>EAN koda: 9120058377488<\/li>\n<\/ul>\n<\/li>\n<\/ul>\n","protected":false},"excerpt":{"rendered":"<p>Tehni\u010dni podatki: Te\u017ea: Bruto te\u017ea: 0,50 kg Netto te\u017ea: 0,40 kg Embala\u017ea: Dol\u017eina embala\u017ee: 110 mm \u0160irina embala\u017ee: 110 mm Vi\u0161ina embala\u017ee: 20 mm Splo\u0161ni podatki: EAN koda: 9120058377488<\/p>\n","protected":false},"featured_media":4116,"template":"","meta":[],"product_brand":[],"product_cat":[1066,1062],"product_tag":[],"class_list":{"0":"post-4115","1":"product","2":"type-product","3":"status-publish","4":"has-post-thumbnail","6":"product_cat-brusilniki-poliranje-brusenje","7":"product_cat-oprema-za-delavnice-delovne-mize-ponki","9":"first","10":"instock","11":"shipping-taxable","12":"purchasable","13":"product-type-simple"},"_links":{"self":[{"href":"https:\/\/www.depoles.com\/hr\/wp-json\/wp\/v2\/product\/4115","targetHints":{"allow":["GET"]}}],"collection":[{"href":"https:\/\/www.depoles.com\/hr\/wp-json\/wp\/v2\/product"}],"about":[{"href":"https:\/\/www.depoles.com\/hr\/wp-json\/wp\/v2\/types\/product"}],"wp:featuredmedia":[{"embeddable":true,"href":"https:\/\/www.depoles.com\/hr\/wp-json\/wp\/v2\/media\/4116"}],"wp:attachment":[{"href":"https:\/\/www.depoles.com\/hr\/wp-json\/wp\/v2\/media?parent=4115"}],"wp:term":[{"taxonomy":"product_brand","embeddable":true,"href":"https:\/\/www.depoles.com\/hr\/wp-json\/wp\/v2\/product_brand?post=4115"},{"taxonomy":"product_cat","embeddable":true,"href":"https:\/\/www.depoles.com\/hr\/wp-json\/wp\/v2\/product_cat?post=4115"},{"taxonomy":"product_tag","embeddable":true,"href":"https:\/\/www.depoles.com\/hr\/wp-json\/wp\/v2\/product_tag?post=4115"}],"curies":[{"name":"wp","href":"https:\/\/api.w.org\/{rel}","templated":true}]}}