{"id":4125,"date":"2020-02-21T12:14:28","date_gmt":"2020-02-21T11:14:28","guid":{"rendered":"https:\/\/nova.depoles.com\/trgovina\/ostralnik-vrtalne-freze-bsg26pro_230v\/"},"modified":"2025-12-17T15:47:10","modified_gmt":"2025-12-17T14:47:10","slug":"ostralnik-vrtalne-freze-bsg26pro_230v","status":"publish","type":"product","link":"https:\/\/www.depoles.com\/hr\/trgovina\/ostralnik-vrtalne-freze-bsg26pro_230v\/","title":{"rendered":"BRUSILICA\/\u0160ILJILO ZA SVRDLA BSG26PRO_230V"},"content":{"rendered":"<p><strong>Tehni\u010dni podatki izdelka<\/strong><\/p>\n<ul>\n<li><strong>Podatki o motorju<\/strong>\n<ul>\n<li>Mo\u010d motorja S1: 250 W<\/li>\n<li>Napetost: 230 V \/ 50 Hz<\/li>\n<\/ul>\n<\/li>\n<li><strong>Bru\u0161enje<\/strong>\n<ul>\n<li>Premer vrtalnika: 13-26 mm<\/li>\n<li>Hitrost brusnega kamna: 4800 min\u207b\u00b9<\/li>\n<\/ul>\n<\/li>\n<li><strong>Te\u017ea<\/strong>\n<ul>\n<li>Bruto te\u017ea: 29 kg<\/li>\n<li>Netto te\u017ea: 27 kg<\/li>\n<\/ul>\n<\/li>\n<li><strong>Embala\u017ea<\/strong>\n<ul>\n<li>\u0160irina embala\u017ee: 250 mm<\/li>\n<li>Dol\u017eina embala\u017ee: 460 mm<\/li>\n<li>Vi\u0161ina embala\u017ee: 250 mm<\/li>\n<\/ul>\n<\/li>\n<li><strong>Splo\u0161ni podatki<\/strong>\n<ul>\n<li>EAN koda: 9120058377969<\/li>\n<\/ul>\n<\/li>\n<\/ul>\n","protected":false},"excerpt":{"rendered":"<h3>Opis izdelka<\/h3>\n<p>Ta brusilnik omogo\u010da hitro in natan\u010dno ostrenje ter je enostaven za uporabo. Opremljen je z diamantnim diskom kot standardom, ki zagotavlja izjemno natan\u010den kot ostrenja. Mo\u010dan in zanesljiv motor ima dolgo \u017eivljenjsko dobo, menjava ostrilnih obro\u010dev pa je preprosta. Omogo\u010da to\u010dkovni kot ostrenja med 90\u00b0 in 135\u00b0.<\/p>\n<ul>\n<li>Hitro in natan\u010dno ostrenje<\/li>\n<li>Enostaven za uporabo<\/li>\n<li>Diamantni disk kot standard \u2013 natan\u010den kot<\/li>\n<li>Mo\u010dan, zanesljiv motor z dolgo \u017eivljenjsko dobo<\/li>\n<li>Enostavna menjava ostrilnih obro\u010dev<\/li>\n<li>To\u010dkovni kot ostrenja med 90\u00b0 in 135\u00b0<\/li>\n<\/ul>\n<p><strong>Vsebina izdelka:<\/strong> diamantni disk, 14 vlo\u017ekov: \u00f813-12, &#8230; \u00f826-25<\/p>\n","protected":false},"featured_media":4126,"template":"","meta":[],"product_brand":[],"product_cat":[1066,1062],"product_tag":[],"class_list":{"0":"post-4125","1":"product","2":"type-product","3":"status-publish","4":"has-post-thumbnail","6":"product_cat-brusilniki-poliranje-brusenje","7":"product_cat-oprema-za-delavnice-delovne-mize-ponki","9":"first","10":"instock","11":"shipping-taxable","12":"purchasable","13":"product-type-simple"},"_links":{"self":[{"href":"https:\/\/www.depoles.com\/hr\/wp-json\/wp\/v2\/product\/4125","targetHints":{"allow":["GET"]}}],"collection":[{"href":"https:\/\/www.depoles.com\/hr\/wp-json\/wp\/v2\/product"}],"about":[{"href":"https:\/\/www.depoles.com\/hr\/wp-json\/wp\/v2\/types\/product"}],"wp:featuredmedia":[{"embeddable":true,"href":"https:\/\/www.depoles.com\/hr\/wp-json\/wp\/v2\/media\/4126"}],"wp:attachment":[{"href":"https:\/\/www.depoles.com\/hr\/wp-json\/wp\/v2\/media?parent=4125"}],"wp:term":[{"taxonomy":"product_brand","embeddable":true,"href":"https:\/\/www.depoles.com\/hr\/wp-json\/wp\/v2\/product_brand?post=4125"},{"taxonomy":"product_cat","embeddable":true,"href":"https:\/\/www.depoles.com\/hr\/wp-json\/wp\/v2\/product_cat?post=4125"},{"taxonomy":"product_tag","embeddable":true,"href":"https:\/\/www.depoles.com\/hr\/wp-json\/wp\/v2\/product_tag?post=4125"}],"curies":[{"name":"wp","href":"https:\/\/api.w.org\/{rel}","templated":true}]}}