{"id":4127,"date":"2020-02-21T12:14:24","date_gmt":"2020-02-21T11:14:24","guid":{"rendered":"https:\/\/nova.depoles.com\/trgovina\/struznica-ed-400-fddig-holzmann\/"},"modified":"2026-02-12T13:57:28","modified_gmt":"2026-02-12T12:57:28","slug":"struznica-ed-400-fddig-holzmann","status":"publish","type":"product","link":"https:\/\/www.depoles.com\/hr\/trgovina\/struznica-ed-400-fddig-holzmann\/","title":{"rendered":"TOKARILICA ED 400 FDDIG HOLZMANN"},"content":{"rendered":"<p><strong>Specifikacije izdelka<\/strong><\/p>\n<ul>\n<li><strong>Motor:<\/strong>\n<ul>\n<li>Mo\u010d motorja S1: 450 W<\/li>\n<li>Mo\u010d motorja S6: 630 W<\/li>\n<li>Napetost: 230 V \/ 50 Hz<\/li>\n<li>Dol\u017eina kabla: 1,7 m<\/li>\n<\/ul>\n<\/li>\n<li><strong>Dimenzije:<\/strong>\n<ul>\n<li>Skupne dimenzije: 940 x 380 x 345 mm<\/li>\n<li>\u0160irina postelje: 100 mm<\/li>\n<\/ul>\n<\/li>\n<li><strong>Stru\u017enice:<\/strong>\n<ul>\n<li>Razdalja med sredi\u0161\u010dema: 400 mm<\/li>\n<li>Maksimalni premer ob postelji: 210 mm<\/li>\n<li>Maksimalni premer nad pre\u010dnim drsnikom: 134 mm<\/li>\n<li>Hitrost vretena: 50-2500 min\u207b\u00b9<\/li>\n<li>Premer vretena: 21 mm<\/li>\n<li>Vreteno nosilec: MK3 \/ MT3<\/li>\n<li>Konus repne vpenjalke: MK2 \/ MT2<\/li>\n<li>Podol\u017eni pomik: 0,089 \/ 0,147 \/ 0,198 mm\/obrat<\/li>\n<li>Razpon premika vozi\u010dka: 376 mm<\/li>\n<li>Razpon premika pre\u010dnega drsnika: 80 mm<\/li>\n<li>Razpon premika kotnega drsnika: 55 mm<\/li>\n<li>Razpon premika repne vpenjalke: 55 mm<\/li>\n<li>Obseg metri\u010dnih navojev: 0,5 &#8211; 3 mm\/obrati (14 nastavitev)<\/li>\n<li>Obseg pal\u010dnih navojev: 8 &#8211; 44 TPI (10 nastavitev)<\/li>\n<li>Maksimalna pre\u010dna dimenzija orodnega nosilca: 10 mm<\/li>\n<\/ul>\n<\/li>\n<li><strong>Te\u017ea:<\/strong>\n<ul>\n<li>Bruto te\u017ea: 77 kg<\/li>\n<li>Neto te\u017ea: 70 kg<\/li>\n<\/ul>\n<\/li>\n<li><strong>Embala\u017ea:<\/strong>\n<ul>\n<li>\u0160irina embala\u017ee: 450 mm<\/li>\n<li>Dol\u017eina embala\u017ee: 900 mm<\/li>\n<li>Vi\u0161ina embala\u017ee: 450 mm<\/li>\n<\/ul>\n<\/li>\n<li><strong>Splo\u0161ni podatki:<\/strong>\n<ul>\n<li>EAN koda: 9120058378065<\/li>\n<\/ul>\n<\/li>\n<\/ul>\n","protected":false},"excerpt":{"rendered":"<h4>ED 400 FDDIG z DRO<\/h4>\n<ul>\n<li>serijsko opremljen\u00a0 avtomatskim vzdol\u017enim pomikom<\/li>\n<li>indukcijsko kaljeni in natan\u010dna prizmati\u010dna vodila<\/li>\n<li>kaljeno glavno vreteno z nastavljivim koni\u010dnimi le\u017eajem<\/li>\n<li>visoka sredi\u0161\u010dnost vretena zagotavlja najve\u010djo natan\u010dnost obra\u010danja<\/li>\n<li>hitrost nastavljive preko potenciometra in jo je mogo\u010de hitro od\u010ditati z digitalnega prikaza hitrosti<\/li>\n<li>opremljena z menjalnikom, ki zagotavljajo izjemno \u0161irok razpon rezanja navojev<\/li>\n<li>vodila, priro\u010dno nastavljiva preko V-vodil ki zagotavljajo natan\u010dnost ve\u010d let<\/li>\n<li>mo\u010dan brez vzdr\u017eevanja motor<\/li>\n<li>nemoten prenos mo\u010di zagotavlja stalen navor<\/li>\n<li>Zadnji del se lahko prilagodi za zaviranje<\/li>\n<li>CW \/ CCW na\u010din delovanja<\/li>\n<li>Opomba: Pri vzvratni obratih stroj deluje s polovi\u010dno hitrostjo.<\/li>\n<li>Dvoosno digitalno branje (DRO)<\/li>\n<\/ul>\n<p><strong>vklju\u010deno v dobavo:<\/strong> 3-\u010deljustna vpenjalna glava \u00d8 100 mm, 4-smerno orodje,konica\u00a0 MK3,\u00a0 konica,MK2, zascita vpenjalne glave, pladenj za opilke, menjalnik, orodje<\/p>\n","protected":false},"featured_media":4128,"template":"","meta":[],"product_brand":[],"product_cat":[1043,1059],"product_tag":[314,342,441,514,555,804,832],"class_list":{"0":"post-4127","1":"product","2":"type-product","3":"status-publish","4":"has-post-thumbnail","6":"product_cat-stroji-za-kovine","7":"product_cat-struznice-za-kovino","8":"product_tag-depoles","9":"product_tag-ed400","10":"product_tag-holzmann","11":"product_tag-kovino","12":"product_tag-metal","13":"product_tag-struznica","14":"product_tag-tokarica","16":"first","17":"instock","18":"shipping-taxable","19":"purchasable","20":"product-type-simple"},"_links":{"self":[{"href":"https:\/\/www.depoles.com\/hr\/wp-json\/wp\/v2\/product\/4127","targetHints":{"allow":["GET"]}}],"collection":[{"href":"https:\/\/www.depoles.com\/hr\/wp-json\/wp\/v2\/product"}],"about":[{"href":"https:\/\/www.depoles.com\/hr\/wp-json\/wp\/v2\/types\/product"}],"wp:featuredmedia":[{"embeddable":true,"href":"https:\/\/www.depoles.com\/hr\/wp-json\/wp\/v2\/media\/4128"}],"wp:attachment":[{"href":"https:\/\/www.depoles.com\/hr\/wp-json\/wp\/v2\/media?parent=4127"}],"wp:term":[{"taxonomy":"product_brand","embeddable":true,"href":"https:\/\/www.depoles.com\/hr\/wp-json\/wp\/v2\/product_brand?post=4127"},{"taxonomy":"product_cat","embeddable":true,"href":"https:\/\/www.depoles.com\/hr\/wp-json\/wp\/v2\/product_cat?post=4127"},{"taxonomy":"product_tag","embeddable":true,"href":"https:\/\/www.depoles.com\/hr\/wp-json\/wp\/v2\/product_tag?post=4127"}],"curies":[{"name":"wp","href":"https:\/\/api.w.org\/{rel}","templated":true}]}}