{"id":4130,"date":"2020-02-21T12:14:21","date_gmt":"2020-02-21T11:14:21","guid":{"rendered":"https:\/\/nova.depoles.com\/trgovina\/follow-rest-ed400fdlm\/"},"modified":"2026-02-12T13:55:49","modified_gmt":"2026-02-12T12:55:49","slug":"follow-rest-ed400fdlm","status":"publish","type":"product","link":"https:\/\/www.depoles.com\/hr\/trgovina\/follow-rest-ed400fdlm\/","title":{"rendered":"LINETA FIKSNA ED400FDLM"},"content":{"rendered":"<p><strong>Tehni\u010dni podatki:<\/strong><\/p>\n<ul>\n<li><strong>Te\u017ea:<\/strong>\n<ul>\n<li>Bruto te\u017ea: 3,80 kg<\/li>\n<li>Netto te\u017ea: 3,50 kg<\/li>\n<\/ul>\n<\/li>\n<li><strong>Embal\u017ea:<\/strong>\n<ul>\n<li>Dol\u017eina embala\u017ee: 300 mm<\/li>\n<li>\u0160irina embala\u017ee: 300 mm<\/li>\n<li>Vi\u0161ina embala\u017ee: 100 mm<\/li>\n<\/ul>\n<\/li>\n<li><strong>Splo\u0161ni podatki:<\/strong>\n<ul>\n<li>EAN koda: 9120039905693<\/li>\n<\/ul>\n<\/li>\n<\/ul>\n","protected":false},"excerpt":{"rendered":"<p>Tehni\u010dni podatki: Te\u017ea: Bruto te\u017ea: 3,80 kg Netto te\u017ea: 3,50 kg Embal\u017ea: Dol\u017eina embala\u017ee: 300 mm \u0160irina embala\u017ee: 300 mm Vi\u0161ina embala\u017ee: 100 mm Splo\u0161ni podatki: EAN koda: 9120039905693<\/p>\n","protected":false},"featured_media":4131,"template":"","meta":[],"product_brand":[],"product_cat":[1043,1059],"product_tag":[],"class_list":{"0":"post-4130","1":"product","2":"type-product","3":"status-publish","4":"has-post-thumbnail","6":"product_cat-stroji-za-kovine","7":"product_cat-struznice-za-kovino","9":"first","10":"instock","11":"shipping-taxable","12":"purchasable","13":"product-type-simple"},"_links":{"self":[{"href":"https:\/\/www.depoles.com\/hr\/wp-json\/wp\/v2\/product\/4130","targetHints":{"allow":["GET"]}}],"collection":[{"href":"https:\/\/www.depoles.com\/hr\/wp-json\/wp\/v2\/product"}],"about":[{"href":"https:\/\/www.depoles.com\/hr\/wp-json\/wp\/v2\/types\/product"}],"wp:featuredmedia":[{"embeddable":true,"href":"https:\/\/www.depoles.com\/hr\/wp-json\/wp\/v2\/media\/4131"}],"wp:attachment":[{"href":"https:\/\/www.depoles.com\/hr\/wp-json\/wp\/v2\/media?parent=4130"}],"wp:term":[{"taxonomy":"product_brand","embeddable":true,"href":"https:\/\/www.depoles.com\/hr\/wp-json\/wp\/v2\/product_brand?post=4130"},{"taxonomy":"product_cat","embeddable":true,"href":"https:\/\/www.depoles.com\/hr\/wp-json\/wp\/v2\/product_cat?post=4130"},{"taxonomy":"product_tag","embeddable":true,"href":"https:\/\/www.depoles.com\/hr\/wp-json\/wp\/v2\/product_tag?post=4130"}],"curies":[{"name":"wp","href":"https:\/\/api.w.org\/{rel}","templated":true}]}}