{"id":4134,"date":"2020-02-21T12:14:09","date_gmt":"2020-02-21T11:14:09","guid":{"rendered":"https:\/\/nova.depoles.com\/trgovina\/elektricni-skobeljnik-ehh110_230v\/"},"modified":"2026-03-06T14:01:35","modified_gmt":"2026-03-06T13:01:35","slug":"elektricni-skobeljnik-ehh110_230v","status":"publish","type":"product","link":"https:\/\/www.depoles.com\/hr\/trgovina\/elektricni-skobeljnik-ehh110_230v\/","title":{"rendered":"Elektri\u010dni glodalica EHH110_230V"},"content":{"rendered":"<p><strong>Tehni\u010dna specifikacija izdelka<\/strong><\/p>\n<table>\n<tbody>\n<tr>\n<th colspan=\"2\">Obdelava (planing)<\/th>\n<\/tr>\n<tr>\n<td>Najve\u010dja globina rezanja pri glajenju (mm)<\/td>\n<td>3 (110 mm)<\/td>\n<\/tr>\n<tr>\n<th colspan=\"2\">Podatki o motorju<\/th>\n<\/tr>\n<tr>\n<td>Mo\u010d motorja S1 (W)<\/td>\n<td>1200<\/td>\n<\/tr>\n<tr>\n<td>Napetost<\/td>\n<td>230V \/ 50Hz<\/td>\n<\/tr>\n<tr>\n<td>Razred za\u0161\u010dite<\/td>\n<td>II<\/td>\n<\/tr>\n<tr>\n<th colspan=\"2\">Dimenzije<\/th>\n<\/tr>\n<tr>\n<td>Premer sesalne odprtine (mm)<\/td>\n<td>\u00f8 35<\/td>\n<\/tr>\n<tr>\n<th colspan=\"2\">Splo\u0161no o glajenju<\/th>\n<\/tr>\n<tr>\n<td>Hitrost gredi (min\u207b\u00b9)<\/td>\n<td>16000<\/td>\n<\/tr>\n<tr>\n<td>\u0160tevilo rezil<\/td>\n<td>2<\/td>\n<\/tr>\n<tr>\n<th colspan=\"2\">Raven zvoka in vibracije<\/th>\n<\/tr>\n<tr>\n<td>Raven zvo\u010dne mo\u010di (dB(A))<\/td>\n<td>96<\/td>\n<\/tr>\n<tr>\n<td>Raven zvo\u010dnega tlaka (dB(A))<\/td>\n<td>85<\/td>\n<\/tr>\n<tr>\n<td>Vibracije ro\u010daja (m\/s\u00b2)<\/td>\n<td>5,71<\/td>\n<\/tr>\n<tr>\n<th colspan=\"2\">Te\u017ea<\/th>\n<\/tr>\n<tr>\n<td>Bruto te\u017ea (kg)<\/td>\n<td>6,60<\/td>\n<\/tr>\n<tr>\n<td>Netto te\u017ea (kg)<\/td>\n<td>4,40<\/td>\n<\/tr>\n<tr>\n<th colspan=\"2\">Embala\u017ea<\/th>\n<\/tr>\n<tr>\n<td>\u0160irina embala\u017ee (mm)<\/td>\n<td>190<\/td>\n<\/tr>\n<tr>\n<td>Dol\u017eina embala\u017ee (mm)<\/td>\n<td>360<\/td>\n<\/tr>\n<tr>\n<td>Vi\u0161ina embala\u017ee (mm)<\/td>\n<td>215<\/td>\n<\/tr>\n<tr>\n<th colspan=\"2\">Splo\u0161ni podatki<\/th>\n<\/tr>\n<tr>\n<td>EAN koda<\/td>\n<td>9120058378164<\/td>\n<\/tr>\n<\/tbody>\n<\/table>\n","protected":false},"excerpt":{"rendered":"<h3>Elektri\u010dni skobeljnik<\/h3>\n<p>Elektri\u010dni skobeljnik s skobeljno \u0161irino 110 mm omogo\u010da natan\u010dno in u\u010dinkovito obdelavo lesa. Z visoko hitrostjo gredi zagotavlja popoln zaklju\u010dek, globino skobljanja pa je mogo\u010de nastaviti ro\u010dno od 0 do 3 mm. V-utor omogo\u010da enostavno bru\u0161enje, dodatna mizica pa pove\u010da delovno povr\u0161ino.<\/p>\n<ul>\n<li>Skobeljna \u0161irina: 110 mm<\/li>\n<li>V-utor za enostavno bru\u0161enje<\/li>\n<li>Dimenzije podane mize: 104 x 100 mm<\/li>\n<li>Dimenzije zunanje mizice: 214 x 100 mm<\/li>\n<li>Maksimalna globina odbijanja: 14 mm<\/li>\n<li>Nastavitev globine skobljanja preko ro\u010dnega kolesa (0-3 mm)<\/li>\n<li>Visoka hitrost gredi za popoln zaklju\u010dek<\/li>\n<li>Razli\u010dni dodatki vklju\u010deni<\/li>\n<\/ul>\n<p><strong>Vklju\u010deno v dobavo:<\/strong> rip ograja, globinska zapora rabate, 2x skobeljna no\u017ea (110 x 5,7 x 1,2 mm), vre\u010da za prah, zmanj\u0161anje priklju\u010dka za prah \u00f835-32, pokrov okvirja in skobeljne gredi.<\/p>\n","protected":false},"featured_media":4135,"template":"","meta":[],"product_brand":[],"product_cat":[1034,1012],"product_tag":[],"class_list":{"0":"post-4134","1":"product","2":"type-product","3":"status-publish","4":"has-post-thumbnail","6":"product_cat-rocno-orodje","7":"product_cat-stroji-za-les","9":"first","10":"instock","11":"shipping-taxable","12":"purchasable","13":"product-type-simple"},"_links":{"self":[{"href":"https:\/\/www.depoles.com\/hr\/wp-json\/wp\/v2\/product\/4134","targetHints":{"allow":["GET"]}}],"collection":[{"href":"https:\/\/www.depoles.com\/hr\/wp-json\/wp\/v2\/product"}],"about":[{"href":"https:\/\/www.depoles.com\/hr\/wp-json\/wp\/v2\/types\/product"}],"wp:featuredmedia":[{"embeddable":true,"href":"https:\/\/www.depoles.com\/hr\/wp-json\/wp\/v2\/media\/4135"}],"wp:attachment":[{"href":"https:\/\/www.depoles.com\/hr\/wp-json\/wp\/v2\/media?parent=4134"}],"wp:term":[{"taxonomy":"product_brand","embeddable":true,"href":"https:\/\/www.depoles.com\/hr\/wp-json\/wp\/v2\/product_brand?post=4134"},{"taxonomy":"product_cat","embeddable":true,"href":"https:\/\/www.depoles.com\/hr\/wp-json\/wp\/v2\/product_cat?post=4134"},{"taxonomy":"product_tag","embeddable":true,"href":"https:\/\/www.depoles.com\/hr\/wp-json\/wp\/v2\/product_tag?post=4134"}],"curies":[{"name":"wp","href":"https:\/\/api.w.org\/{rel}","templated":true}]}}