{"id":4143,"date":"2020-02-21T12:14:02","date_gmt":"2020-02-21T11:14:02","guid":{"rendered":"https:\/\/nova.depoles.com\/trgovina\/debelinka-dhm415_400v\/"},"modified":"2026-03-13T09:49:08","modified_gmt":"2026-03-13T08:49:08","slug":"debelinka-dhm415_400v","status":"publish","type":"product","link":"https:\/\/www.depoles.com\/hr\/trgovina\/debelinka-dhm415_400v\/","title":{"rendered":"Debelinka DHM415_400V"},"content":{"rendered":"<p><strong>Specifikacije izdelka<\/strong><\/p>\n<ul>\n<li><strong>Motor<\/strong>\n<ul>\n<li>Mo\u010d motorja S6: 4000 W<\/li>\n<li>Napetost: 400V \/ 3 \/ 50Hz<\/li>\n<li>Hitrost pomika: 6,5 m\/min<\/li>\n<\/ul>\n<\/li>\n<li><strong>Dimenzije<\/strong>\n<ul>\n<li>Premer sesalnega priklju\u010dka: 120 mm<\/li>\n<li>Skupne dimenzije: 985 x 968 x 955 mm<\/li>\n<\/ul>\n<\/li>\n<li><strong>Debelinsko stru\u017eenje<\/strong>\n<ul>\n<li>Velikost mize: 750 x 408 mm<\/li>\n<li>Globina rezanja: 5 mm<\/li>\n<li>\u0160irina za debelinsko stru\u017eenje: 220 mm<\/li>\n<\/ul>\n<\/li>\n<li><strong>Splo\u0161no stru\u017eenje<\/strong>\n<ul>\n<li>Premer gredi: 95 mm<\/li>\n<li>Hitrost gredi: 4200 min\u207b\u00b9<\/li>\n<li>\u0160tevilo rezil: 3<\/li>\n<\/ul>\n<\/li>\n<li><strong>Ravni hrupa in vibracije<\/strong>\n<ul>\n<li>Nivo zvo\u010dne mo\u010di: 108 dB(A)<\/li>\n<li>Nivo zvo\u010dnega tlaka: 100,1 dB(A)<\/li>\n<\/ul>\n<\/li>\n<li><strong>Te\u017ea<\/strong>\n<ul>\n<li>Bruto te\u017ea: 272 kg<\/li>\n<li>Netto te\u017ea: 233 kg<\/li>\n<\/ul>\n<\/li>\n<li><strong>Pakiranje<\/strong>\n<ul>\n<li>\u0160irina pakiranja: 740 mm<\/li>\n<li>Dol\u017eina pakiranja: 815 mm<\/li>\n<li>Vi\u0161ina pakiranja: 1140 mm<\/li>\n<\/ul>\n<\/li>\n<li><strong>Splo\u0161ni podatki<\/strong>\n<ul>\n<li>EAN koda: 9120058377143<\/li>\n<\/ul>\n<\/li>\n<\/ul>\n","protected":false},"excerpt":{"rendered":"<h3>Poudarki izdelka<\/h3>\n<ul>\n<li>Bru\u0161ena miza za zmanj\u0161anje trenja<\/li>\n<li>Ro\u010dno kolo za nastavljanje vi\u0161ine<\/li>\n<li>Natan\u010dna 3-no\u017ena skobeljna gred<\/li>\n<li>Mo\u010dan veri\u017eni pogon napajalne enote<\/li>\n<li>Premer odprtin za zbiranje prahu: 120 mm<\/li>\n<li>Ergonomska in sodobna kon\u010dna obdelava<\/li>\n<li>Maksimalna \u0161irina obdelave: 405 mm<\/li>\n<\/ul>\n<p><strong>Vklju\u010deno v dobavo:<\/strong> name\u0161\u010deni no\u017ei za rezanje (410 x 3 x 30 mm) in nastavitveni profil no\u017ea za skobeljne no\u017ee.<\/p>\n","protected":false},"featured_media":727,"template":"","meta":[],"product_brand":[],"product_cat":[1024,1031,1012],"product_tag":[],"class_list":{"0":"post-4143","1":"product","2":"type-product","3":"status-publish","4":"has-post-thumbnail","6":"product_cat-debelinke","7":"product_cat-poravnalke-debelinke","8":"product_cat-stroji-za-les","10":"first","11":"instock","12":"shipping-taxable","13":"purchasable","14":"product-type-simple"},"_links":{"self":[{"href":"https:\/\/www.depoles.com\/hr\/wp-json\/wp\/v2\/product\/4143","targetHints":{"allow":["GET"]}}],"collection":[{"href":"https:\/\/www.depoles.com\/hr\/wp-json\/wp\/v2\/product"}],"about":[{"href":"https:\/\/www.depoles.com\/hr\/wp-json\/wp\/v2\/types\/product"}],"wp:featuredmedia":[{"embeddable":true,"href":"https:\/\/www.depoles.com\/hr\/wp-json\/wp\/v2\/media\/727"}],"wp:attachment":[{"href":"https:\/\/www.depoles.com\/hr\/wp-json\/wp\/v2\/media?parent=4143"}],"wp:term":[{"taxonomy":"product_brand","embeddable":true,"href":"https:\/\/www.depoles.com\/hr\/wp-json\/wp\/v2\/product_brand?post=4143"},{"taxonomy":"product_cat","embeddable":true,"href":"https:\/\/www.depoles.com\/hr\/wp-json\/wp\/v2\/product_cat?post=4143"},{"taxonomy":"product_tag","embeddable":true,"href":"https:\/\/www.depoles.com\/hr\/wp-json\/wp\/v2\/product_tag?post=4143"}],"curies":[{"name":"wp","href":"https:\/\/api.w.org\/{rel}","templated":true}]}}