{"id":4146,"date":"2020-02-21T12:13:58","date_gmt":"2020-02-21T11:13:58","guid":{"rendered":"https:\/\/nova.depoles.com\/trgovina\/poravnalka-debelinka-holzmann-hob-415-400v\/"},"modified":"2026-02-12T13:35:22","modified_gmt":"2026-02-12T12:35:22","slug":"poravnalka-debelinka-holzmann-hob-415-400v","status":"publish","type":"product","link":"https:\/\/www.depoles.com\/hr\/trgovina\/poravnalka-debelinka-holzmann-hob-415-400v\/","title":{"rendered":"PORAVNAVA DEBLJINE HOLZMANN HOB 415 400V"},"content":{"rendered":"<p><strong>Tehni\u010dna specifikacija<\/strong><\/p>\n<ul>\n<li><strong>Obdelava<\/strong>\n<ul>\n<li>Velikost mizice za glajenje: 1800 x 430 mm<\/li>\n<li>Maksimalna globina rezanja za glajenje: 4 mm<\/li>\n<li>Vodilo za glajenje: 1365 x 155 mm<\/li>\n<li>Naklon vodila: 90\u00b0\u201345\u00b0<\/li>\n<li>Vi\u0161ina mizice za glajenje: 890 mm<\/li>\n<\/ul>\n<\/li>\n<li><strong>Motor<\/strong>\n<ul>\n<li>Mo\u010d motorja S6: 4000 W<\/li>\n<li>Napetost: 400 V \/ 3 faze \/ 50 Hz<\/li>\n<li>Hitrost podajanja: 7 m\/min<\/li>\n<\/ul>\n<\/li>\n<li><strong>Dimenzije<\/strong>\n<ul>\n<li>Vi\u0161ina mizice: 890 mm<\/li>\n<li>Priklju\u010dek za sesanje: 120 mm<\/li>\n<li>Skupne dimenzije: 1860 x 735 x 1085 mm<\/li>\n<\/ul>\n<\/li>\n<li><strong>Debeljenje<\/strong>\n<ul>\n<li>Velikost mizice: 750 x 408 mm<\/li>\n<li>Globina rezanja: 5 mm<\/li>\n<li>\u0160irina debeljenja: 230 mm<\/li>\n<\/ul>\n<\/li>\n<li><strong>Splo\u0161no glajenje<\/strong>\n<ul>\n<li>Premer gredi: 95 mm<\/li>\n<li>Hitrost gredi: 4200 min\u207b\u00b9<\/li>\n<li>\u0160tevilo rezilnikov: 3<\/li>\n<\/ul>\n<\/li>\n<li><strong>Ravni hrupa in vibracij<\/strong>\n<ul>\n<li>Raven zvo\u010dne mo\u010di: 102,6 dB(A)<\/li>\n<li>Raven zvo\u010dnega tlaka: 96,8 dB(A)<\/li>\n<\/ul>\n<\/li>\n<li><strong>Te\u017ea<\/strong>\n<ul>\n<li>Bruto te\u017ea: 433 kg<\/li>\n<li>Netto te\u017ea: 360 kg<\/li>\n<\/ul>\n<\/li>\n<li><strong>Embala\u017ea<\/strong>\n<ul>\n<li>\u0160irina: 740 mm<\/li>\n<li>Dol\u017eina: 1865 mm<\/li>\n<li>Vi\u0161ina: 1085 mm<\/li>\n<\/ul>\n<\/li>\n<li><strong>Splo\u0161ni podatki<\/strong>\n<ul>\n<li>EAN koda: 9120058377129<\/li>\n<\/ul>\n<\/li>\n<\/ul>\n","protected":false},"excerpt":{"rendered":"<h3>Poudarki izdelka<\/h3>\n<ul>\n<li>Kakovostna nastavitev stroja<\/li>\n<li>Sive mize iz litega \u017eeleza z bru\u0161eno povr\u0161ino<\/li>\n<li>Natan\u010dna posteljna 3-no\u017ena skobeljna gred<\/li>\n<li>Debelinska miza s centri\u010dnim vodnikom stolpcev; dodatno vodilo in merilo za prikaz dvigala<\/li>\n<li>Obe mizi iz litega \u017eeleza sta zlo\u017eljivi za nastavljanje debeline<\/li>\n<li>Stabilna ograja, ki se lahko nagiba od 90\u00b0 do 45\u00b0<\/li>\n<li>405 mm debelina in 410 mm skobeljna \u0161irina<\/li>\n<\/ul>\n<p><strong>Vklju\u010deno v dobavo:<\/strong> no\u017ei za skobeljno gred (410 x 3 x 30 mm), nastavitveni merilni no\u017e in ograja.<\/p>\n","protected":false},"featured_media":4147,"template":"","meta":[],"product_brand":[],"product_cat":[1024,1018,1030,1031,1012],"product_tag":[],"class_list":{"0":"post-4146","1":"product","2":"type-product","3":"status-publish","4":"has-post-thumbnail","6":"product_cat-debelinke","7":"product_cat-kombinirke-zaga-rezkar-2-operacije","8":"product_cat-poravnalke","9":"product_cat-poravnalke-debelinke","10":"product_cat-stroji-za-les","12":"first","13":"instock","14":"shipping-taxable","15":"purchasable","16":"product-type-simple"},"_links":{"self":[{"href":"https:\/\/www.depoles.com\/hr\/wp-json\/wp\/v2\/product\/4146","targetHints":{"allow":["GET"]}}],"collection":[{"href":"https:\/\/www.depoles.com\/hr\/wp-json\/wp\/v2\/product"}],"about":[{"href":"https:\/\/www.depoles.com\/hr\/wp-json\/wp\/v2\/types\/product"}],"wp:featuredmedia":[{"embeddable":true,"href":"https:\/\/www.depoles.com\/hr\/wp-json\/wp\/v2\/media\/4147"}],"wp:attachment":[{"href":"https:\/\/www.depoles.com\/hr\/wp-json\/wp\/v2\/media?parent=4146"}],"wp:term":[{"taxonomy":"product_brand","embeddable":true,"href":"https:\/\/www.depoles.com\/hr\/wp-json\/wp\/v2\/product_brand?post=4146"},{"taxonomy":"product_cat","embeddable":true,"href":"https:\/\/www.depoles.com\/hr\/wp-json\/wp\/v2\/product_cat?post=4146"},{"taxonomy":"product_tag","embeddable":true,"href":"https:\/\/www.depoles.com\/hr\/wp-json\/wp\/v2\/product_tag?post=4146"}],"curies":[{"name":"wp","href":"https:\/\/api.w.org\/{rel}","templated":true}]}}