{"id":4148,"date":"2020-02-21T12:13:57","date_gmt":"2020-02-21T11:13:57","guid":{"rendered":"https:\/\/nova.depoles.com\/trgovina\/vrtalnik-bocni-hob260ecoll\/"},"modified":"2026-02-12T13:48:54","modified_gmt":"2026-02-12T12:48:54","slug":"vrtalnik-bocni-hob260ecoll","status":"publish","type":"product","link":"https:\/\/www.depoles.com\/hr\/trgovina\/vrtalnik-bocni-hob260ecoll\/","title":{"rendered":"BO\u010cNI BU\u0160A\u010c HOB260ECOLL"},"content":{"rendered":"<p><strong>Tehni\u010dni podatki<\/strong><\/p>\n<ul>\n<li><strong>Te\u017ea<\/strong>\n<ul>\n<li>Bruto te\u017ea: 23 kg<\/li>\n<li>Netto te\u017ea: 20 kg<\/li>\n<\/ul>\n<\/li>\n<li><strong>Embala\u017ea<\/strong>\n<ul>\n<li>\u0160irina embala\u017ee: 520 mm<\/li>\n<li>Vi\u0161ina embala\u017ee: 430 mm<\/li>\n<li>Dol\u017eina embala\u017ee: 750 mm<\/li>\n<\/ul>\n<\/li>\n<li><strong>Splo\u0161ni podatki<\/strong>\n<ul>\n<li>EAN koda: 9120058373763<\/li>\n<\/ul>\n<\/li>\n<\/ul>\n","protected":false},"excerpt":{"rendered":"<p>Tehni\u010dni podatki Te\u017ea Bruto te\u017ea: 23 kg Netto te\u017ea: 20 kg Embala\u017ea \u0160irina embala\u017ee: 520 mm Vi\u0161ina embala\u017ee: 430 mm Dol\u017eina embala\u017ee: 750 mm Splo\u0161ni podatki EAN koda: 9120058373763<\/p>\n","protected":false},"featured_media":4149,"template":"","meta":[],"product_brand":[],"product_cat":[1012,1039],"product_tag":[228,314,431,441,891],"class_list":{"0":"post-4148","1":"product","2":"type-product","3":"status-publish","4":"has-post-thumbnail","6":"product_cat-stroji-za-les","7":"product_cat-vrtalniki","8":"product_tag-bocni","9":"product_tag-depoles","10":"product_tag-hob260","11":"product_tag-holzmann","12":"product_tag-vrtalnik","14":"first","15":"instock","16":"shipping-taxable","17":"purchasable","18":"product-type-simple"},"_links":{"self":[{"href":"https:\/\/www.depoles.com\/hr\/wp-json\/wp\/v2\/product\/4148","targetHints":{"allow":["GET"]}}],"collection":[{"href":"https:\/\/www.depoles.com\/hr\/wp-json\/wp\/v2\/product"}],"about":[{"href":"https:\/\/www.depoles.com\/hr\/wp-json\/wp\/v2\/types\/product"}],"wp:featuredmedia":[{"embeddable":true,"href":"https:\/\/www.depoles.com\/hr\/wp-json\/wp\/v2\/media\/4149"}],"wp:attachment":[{"href":"https:\/\/www.depoles.com\/hr\/wp-json\/wp\/v2\/media?parent=4148"}],"wp:term":[{"taxonomy":"product_brand","embeddable":true,"href":"https:\/\/www.depoles.com\/hr\/wp-json\/wp\/v2\/product_brand?post=4148"},{"taxonomy":"product_cat","embeddable":true,"href":"https:\/\/www.depoles.com\/hr\/wp-json\/wp\/v2\/product_cat?post=4148"},{"taxonomy":"product_tag","embeddable":true,"href":"https:\/\/www.depoles.com\/hr\/wp-json\/wp\/v2\/product_tag?post=4148"}],"curies":[{"name":"wp","href":"https:\/\/api.w.org\/{rel}","templated":true}]}}