{"id":4156,"date":"2019-11-22T12:58:24","date_gmt":"2019-11-22T11:58:24","guid":{"rendered":"https:\/\/nova.depoles.com\/trgovina\/delovna-miza-wst10\/"},"modified":"2026-02-12T13:57:37","modified_gmt":"2026-02-12T12:57:37","slug":"delovna-miza-wst10","status":"publish","type":"product","link":"https:\/\/www.depoles.com\/hr\/trgovina\/delovna-miza-wst10\/","title":{"rendered":"Radni stol WST10"},"content":{"rendered":"<p><strong>Tehni\u010dna specifikacija:<\/strong><\/p>\n<ul>\n<li><strong>Meritve:<\/strong>\n<ul>\n<li>Razpon vrtenja: 0-90\u00b0<\/li>\n<li>Nosilnost: 100 kg<\/li>\n<li>Skupne dimenzije (\u0160 x G x V): 605 x 625 x (845-1240) mm<\/li>\n<li>Velikost mize: 600 x 250 mm<\/li>\n<\/ul>\n<\/li>\n<li><strong>Te\u017ea:<\/strong>\n<ul>\n<li>Netto te\u017ea: 7,50 kg<\/li>\n<li>Bruto te\u017ea: 8,20 kg<\/li>\n<\/ul>\n<\/li>\n<li><strong>Pakiranje:<\/strong>\n<ul>\n<li>Vi\u0161ina pakiranja: 150 mm<\/li>\n<li>\u0160irina pakiranja: 125 mm<\/li>\n<li>Dol\u017eina pakiranja: 780 mm<\/li>\n<\/ul>\n<\/li>\n<li><strong>Splo\u0161ni podatki:<\/strong>\n<ul>\n<li>EAN koda: 9120058372780<\/li>\n<\/ul>\n<\/li>\n<\/ul>\n","protected":false},"excerpt":{"rendered":"<h3>Poudarki<\/h3>\n<ul>\n<li>Idealno orodje za va\u0161e delo<\/li>\n<li>Lahka, zlo\u017eljiva in enostavna za prena\u0161anje<\/li>\n<li>Delovna plo\u0161\u010da iz MDF plo\u0161\u010de brez popa\u010denja<\/li>\n<li>Goniometer in ravnilo ozna\u010dena na plo\u0161\u010dah MDF<\/li>\n<\/ul>\n","protected":false},"featured_media":4157,"template":"","meta":[],"product_brand":[],"product_cat":[1062,1064],"product_tag":[],"class_list":{"0":"post-4156","1":"product","2":"type-product","3":"status-publish","4":"has-post-thumbnail","6":"product_cat-oprema-za-delavnice-delovne-mize-ponki","7":"product_cat-stojala","9":"first","10":"instock","11":"shipping-taxable","12":"purchasable","13":"product-type-simple"},"_links":{"self":[{"href":"https:\/\/www.depoles.com\/hr\/wp-json\/wp\/v2\/product\/4156","targetHints":{"allow":["GET"]}}],"collection":[{"href":"https:\/\/www.depoles.com\/hr\/wp-json\/wp\/v2\/product"}],"about":[{"href":"https:\/\/www.depoles.com\/hr\/wp-json\/wp\/v2\/types\/product"}],"wp:featuredmedia":[{"embeddable":true,"href":"https:\/\/www.depoles.com\/hr\/wp-json\/wp\/v2\/media\/4157"}],"wp:attachment":[{"href":"https:\/\/www.depoles.com\/hr\/wp-json\/wp\/v2\/media?parent=4156"}],"wp:term":[{"taxonomy":"product_brand","embeddable":true,"href":"https:\/\/www.depoles.com\/hr\/wp-json\/wp\/v2\/product_brand?post=4156"},{"taxonomy":"product_cat","embeddable":true,"href":"https:\/\/www.depoles.com\/hr\/wp-json\/wp\/v2\/product_cat?post=4156"},{"taxonomy":"product_tag","embeddable":true,"href":"https:\/\/www.depoles.com\/hr\/wp-json\/wp\/v2\/product_tag?post=4156"}],"curies":[{"name":"wp","href":"https:\/\/api.w.org\/{rel}","templated":true}]}}