{"id":4159,"date":"2019-11-22T12:58:21","date_gmt":"2019-11-22T11:58:21","guid":{"rendered":"https:\/\/nova.depoles.com\/trgovina\/univerzalno-stojalo-za-stroj-usk2760\/"},"modified":"2026-02-25T17:59:17","modified_gmt":"2026-02-25T16:59:17","slug":"univerzalno-stojalo-za-stroj-usk2760","status":"publish","type":"product","link":"https:\/\/www.depoles.com\/hr\/trgovina\/univerzalno-stojalo-za-stroj-usk2760\/","title":{"rendered":"Univerzalni stalak USK2760"},"content":{"rendered":"<p><strong>Tehni\u010dni podatki:<\/strong><\/p>\n<ul>\n<li><strong>Nosilnost:<\/strong> 150 kg<\/li>\n<li><strong>Skupne dimenzije (\u0160xVxG):<\/strong> (91-171) x 60 x (59-82) mm<\/li>\n<li><strong>Velikost mize:<\/strong> 600 x 460 mm<\/li>\n<li><strong>Maksimalna vi\u0161ina:<\/strong> 730 mm<\/li>\n<li><strong>Te\u017ea:<\/strong>\n<ul>\n<li>Netto te\u017ea: 27 kg<\/li>\n<li>Bruto te\u017ea: 29 kg<\/li>\n<\/ul>\n<\/li>\n<li><strong>Embala\u017ea:<\/strong>\n<ul>\n<li>Vi\u0161ina embala\u017ee: 290 mm<\/li>\n<li>\u0160irina embala\u017ee: 265 mm<\/li>\n<li>Dol\u017eina embala\u017ee: 1630 mm<\/li>\n<\/ul>\n<\/li>\n<li><strong>EAN koda:<\/strong> 9120039900193<\/li>\n<\/ul>\n","protected":false},"excerpt":{"rendered":"<h3>Poudarki izdelka<\/h3>\n<ul>\n<li>Zelo krepko kr\u010denje<\/li>\n<li>Primerno za razli\u010dne \u017eage, drsne \u017eage, stiskalne stiskalnice in drugo<\/li>\n<li>Vpenjalna miza obdelovanca je vklju\u010dena v dostavo<\/li>\n<li>Stojalo z napajanjem 4x230V in zati\u010d za shranjevanje<\/li>\n<li>Obe podporni kolesi obdelovanca sta nastavljivi po vi\u0161ini<\/li>\n<li>Zlo\u017eljivo za prihranek prostora<\/li>\n<li>Dol\u017eina 1500 mm, izvle\u010dna do 2760 mm<\/li>\n<\/ul>\n","protected":false},"featured_media":4160,"template":"","meta":[],"product_brand":[],"product_cat":[1062,1064],"product_tag":[],"class_list":{"0":"post-4159","1":"product","2":"type-product","3":"status-publish","4":"has-post-thumbnail","6":"product_cat-oprema-za-delavnice-delovne-mize-ponki","7":"product_cat-stojala","9":"first","10":"instock","11":"shipping-taxable","12":"purchasable","13":"product-type-simple"},"_links":{"self":[{"href":"https:\/\/www.depoles.com\/hr\/wp-json\/wp\/v2\/product\/4159","targetHints":{"allow":["GET"]}}],"collection":[{"href":"https:\/\/www.depoles.com\/hr\/wp-json\/wp\/v2\/product"}],"about":[{"href":"https:\/\/www.depoles.com\/hr\/wp-json\/wp\/v2\/types\/product"}],"wp:featuredmedia":[{"embeddable":true,"href":"https:\/\/www.depoles.com\/hr\/wp-json\/wp\/v2\/media\/4160"}],"wp:attachment":[{"href":"https:\/\/www.depoles.com\/hr\/wp-json\/wp\/v2\/media?parent=4159"}],"wp:term":[{"taxonomy":"product_brand","embeddable":true,"href":"https:\/\/www.depoles.com\/hr\/wp-json\/wp\/v2\/product_brand?post=4159"},{"taxonomy":"product_cat","embeddable":true,"href":"https:\/\/www.depoles.com\/hr\/wp-json\/wp\/v2\/product_cat?post=4159"},{"taxonomy":"product_tag","embeddable":true,"href":"https:\/\/www.depoles.com\/hr\/wp-json\/wp\/v2\/product_tag?post=4159"}],"curies":[{"name":"wp","href":"https:\/\/api.w.org\/{rel}","templated":true}]}}