{"id":4169,"date":"2019-11-22T12:58:16","date_gmt":"2019-11-22T11:58:16","guid":{"rendered":"https:\/\/nova.depoles.com\/trgovina\/primez-delavniski-z-nagibom-iu125\/"},"modified":"2026-02-12T13:56:21","modified_gmt":"2026-02-12T12:56:21","slug":"primez-delavniski-z-nagibom-iu125","status":"publish","type":"product","link":"https:\/\/www.depoles.com\/hr\/trgovina\/primez-delavniski-z-nagibom-iu125\/","title":{"rendered":"RADNI STEGA\u010c S NAGIBOM IU125"},"content":{"rendered":"<p><strong>Tehni\u010dni podatki<\/strong><\/p>\n<ul>\n<li><strong>Zvice in nakovale<\/strong>\n<ul>\n<li>\u0160irina \u010deljusti: 125 mm<\/li>\n<li>Maksimalno odpiranje \u010deljusti: 100 mm<\/li>\n<li>Vi\u0161ina \u010deljusti: 46 mm<\/li>\n<\/ul>\n<\/li>\n<li><strong>Te\u017ea<\/strong>\n<ul>\n<li>Bruto te\u017ea: 24 kg<\/li>\n<li>Netto te\u017ea: 23 kg<\/li>\n<\/ul>\n<\/li>\n<li><strong>Pakiranje<\/strong>\n<ul>\n<li>Dol\u017eina pakiranja: 410 mm<\/li>\n<li>\u0160irina pakiranja: 250 mm<\/li>\n<li>Vi\u0161ina pakiranja: 180 mm<\/li>\n<\/ul>\n<\/li>\n<li><strong>Splo\u0161ni podatki<\/strong>\n<ul>\n<li>EAN koda: 9120039904412<\/li>\n<\/ul>\n<\/li>\n<\/ul>\n","protected":false},"excerpt":{"rendered":"<h3>Poudarki izdelka<\/h3>\n<ul>\n<li>\u0160irina \u010deljusti: 125 mm<\/li>\n<li>Vi\u0161ina \u010deljusti: 46 mm<\/li>\n<li>Najve\u010dje odpiranje \u010deljusti: 100 mm<\/li>\n<li>Ve\u010dfunkcijski prime\u017e z nagibom delovnega dela \u010dez dve osi<\/li>\n<li>Zaprto vle\u010dno telo prepre\u010duje vdor kovinskih \u010dipov v mehaniko prime\u017ea<\/li>\n<li>Odstranljiv ro\u010daj<\/li>\n<li>Dimenzije embala\u017ee: 460 x 260 x 215 mm<\/li>\n<li>Te\u017ea: 29 kg<\/li>\n<\/ul>\n","protected":false},"featured_media":4170,"template":"","meta":[],"product_brand":[],"product_cat":[1062,1069],"product_tag":[],"class_list":{"0":"post-4169","1":"product","2":"type-product","3":"status-publish","4":"has-post-thumbnail","6":"product_cat-oprema-za-delavnice-delovne-mize-ponki","7":"product_cat-primezi","9":"first","10":"instock","11":"shipping-taxable","12":"purchasable","13":"product-type-simple"},"_links":{"self":[{"href":"https:\/\/www.depoles.com\/hr\/wp-json\/wp\/v2\/product\/4169","targetHints":{"allow":["GET"]}}],"collection":[{"href":"https:\/\/www.depoles.com\/hr\/wp-json\/wp\/v2\/product"}],"about":[{"href":"https:\/\/www.depoles.com\/hr\/wp-json\/wp\/v2\/types\/product"}],"wp:featuredmedia":[{"embeddable":true,"href":"https:\/\/www.depoles.com\/hr\/wp-json\/wp\/v2\/media\/4170"}],"wp:attachment":[{"href":"https:\/\/www.depoles.com\/hr\/wp-json\/wp\/v2\/media?parent=4169"}],"wp:term":[{"taxonomy":"product_brand","embeddable":true,"href":"https:\/\/www.depoles.com\/hr\/wp-json\/wp\/v2\/product_brand?post=4169"},{"taxonomy":"product_cat","embeddable":true,"href":"https:\/\/www.depoles.com\/hr\/wp-json\/wp\/v2\/product_cat?post=4169"},{"taxonomy":"product_tag","embeddable":true,"href":"https:\/\/www.depoles.com\/hr\/wp-json\/wp\/v2\/product_tag?post=4169"}],"curies":[{"name":"wp","href":"https:\/\/api.w.org\/{rel}","templated":true}]}}