{"id":4171,"date":"2019-11-22T12:58:15","date_gmt":"2019-11-22T11:58:15","guid":{"rendered":"https:\/\/nova.depoles.com\/trgovina\/primez-delavniski-strojni-holzmann-i-125\/"},"modified":"2026-02-12T13:57:40","modified_gmt":"2026-02-12T12:57:40","slug":"primez-delavniski-strojni-holzmann-i-125","status":"publish","type":"product","link":"https:\/\/www.depoles.com\/hr\/trgovina\/primez-delavniski-strojni-holzmann-i-125\/","title":{"rendered":"STROJNI RADNI STEGA\u010c HOLZMANN I 125"},"content":{"rendered":"<p><strong>Specifikacija izdelka<\/strong><\/p>\n<ul>\n<li><strong>Zvice in nakovalci<\/strong>\n<ul>\n<li>\u0160irina \u010deljusti: 125 mm<\/li>\n<li>Maksimalna \u0161irina odpiranja \u010deljusti: 100 mm<\/li>\n<li>Vi\u0161ina \u010deljusti: 40 mm<\/li>\n<\/ul>\n<\/li>\n<li><strong>Te\u017ea<\/strong>\n<ul>\n<li>Bruto te\u017ea: 15 kg<\/li>\n<li>Netto te\u017ea: 14 kg<\/li>\n<\/ul>\n<\/li>\n<li><strong>Embal\u017ea\u017ea<\/strong>\n<ul>\n<li>Dol\u017eina embala\u017ee: 320 mm<\/li>\n<li>\u0160irina embala\u017ee: 180 mm<\/li>\n<li>Vi\u0161ina embala\u017ee: 140 mm<\/li>\n<\/ul>\n<\/li>\n<li><strong>Splo\u0161ni podatki<\/strong>\n<ul>\n<li>EAN koda: 9120039905921<\/li>\n<\/ul>\n<\/li>\n<\/ul>\n","protected":false},"excerpt":{"rendered":"<h3>Lastnosti izdelka<\/h3>\n<ul>\n<li>\u0160irina \u010deljusti: 125 mm<\/li>\n<li>Vi\u0161ina \u010deljusti: 40 mm<\/li>\n<li>Maksimalna odprtina \u010deljusti: 125 mm<\/li>\n<li>Ve\u010dfunkcijski prime\u017e omogo\u010da nagibanje obdelovanca v treh oseh<\/li>\n<li>Zaprto vle\u010dno telo prepre\u010duje vdor kovinskih \u010dipov v mehanizem prime\u017ea<\/li>\n<li>Odstranljiv ro\u010daj za enostavno uporabo<\/li>\n<li>Dimenzije embala\u017ee: 560 x 340 x 260 mm<\/li>\n<\/ul>\n","protected":false},"featured_media":4172,"template":"","meta":[],"product_brand":[],"product_cat":[1062,1069],"product_tag":[],"class_list":{"0":"post-4171","1":"product","2":"type-product","3":"status-publish","4":"has-post-thumbnail","6":"product_cat-oprema-za-delavnice-delovne-mize-ponki","7":"product_cat-primezi","9":"first","10":"instock","11":"shipping-taxable","12":"purchasable","13":"product-type-simple"},"_links":{"self":[{"href":"https:\/\/www.depoles.com\/hr\/wp-json\/wp\/v2\/product\/4171","targetHints":{"allow":["GET"]}}],"collection":[{"href":"https:\/\/www.depoles.com\/hr\/wp-json\/wp\/v2\/product"}],"about":[{"href":"https:\/\/www.depoles.com\/hr\/wp-json\/wp\/v2\/types\/product"}],"wp:featuredmedia":[{"embeddable":true,"href":"https:\/\/www.depoles.com\/hr\/wp-json\/wp\/v2\/media\/4172"}],"wp:attachment":[{"href":"https:\/\/www.depoles.com\/hr\/wp-json\/wp\/v2\/media?parent=4171"}],"wp:term":[{"taxonomy":"product_brand","embeddable":true,"href":"https:\/\/www.depoles.com\/hr\/wp-json\/wp\/v2\/product_brand?post=4171"},{"taxonomy":"product_cat","embeddable":true,"href":"https:\/\/www.depoles.com\/hr\/wp-json\/wp\/v2\/product_cat?post=4171"},{"taxonomy":"product_tag","embeddable":true,"href":"https:\/\/www.depoles.com\/hr\/wp-json\/wp\/v2\/product_tag?post=4171"}],"curies":[{"name":"wp","href":"https:\/\/api.w.org\/{rel}","templated":true}]}}