{"id":4199,"date":"2019-11-22T12:58:03","date_gmt":"2019-11-22T11:58:03","guid":{"rendered":"https:\/\/nova.depoles.com\/trgovina\/delavniska-presa-stiskalnica-wp-75-h-holzmann\/"},"modified":"2025-12-17T15:53:41","modified_gmt":"2025-12-17T14:53:41","slug":"delavniska-presa-stiskalnica-wp-75-h-holzmann","status":"publish","type":"product","link":"https:\/\/www.depoles.com\/hr\/trgovina\/delavniska-presa-stiskalnica-wp-75-h-holzmann\/","title":{"rendered":"RADNI\u010cKI PRE\u0160A\/PRESA WP 75 H HOLZMANN"},"content":{"rendered":"<p><strong>Tehni\u010dni podatki:<\/strong><\/p>\n<ul>\n<li><strong>Meritve:<\/strong>\n<ul>\n      &lt;li&lt;stroke in mm: 250<\/li>\n<li>Skupne dimenzije (\u0160 x V) v mm: 1500 x 1950<\/li>\n<li>Tla\u010dna mo\u010d v tonah: 75<\/li>\n<li>Delovna povr\u0161ina v mm: 0-750<\/li>\n<\/ul>\n<\/li>\n<li><strong>Delavnica pre\u0161e:<\/strong>\n<ul>\n<li>Prostor med stebri v mm: 800<\/li>\n<li>Premer bata v mm: 93<\/li>\n<\/ul>\n<\/li>\n<li><strong>Te\u017ea:<\/strong>\n<ul>\n<li>Bruto te\u017ea v kg: 479<\/li>\n<li>Netto te\u017ea v kg: 435<\/li>\n<\/ul>\n<\/li>\n<li><strong>Embalaza:<\/strong>\n<ul>\n<li>Dol\u017eina embala\u017ee v mm: 1100<\/li>\n<li>\u0160irina embala\u017ee v mm: 320<\/li>\n<li>Vi\u0161ina embala\u017ee v mm: 2110<\/li>\n<\/ul>\n<\/li>\n<li><strong>Splo\u0161ni podatki:<\/strong>\n<ul>\n<li>EAN koda: 9120039902074<\/li>\n<\/ul>\n<\/li>\n<\/ul>\n","protected":false},"excerpt":{"rendered":"<ul>\n<li>pre\u0161a 75 ton pritiska<\/li>\n<li>priro\u010dno za dela s stiskanjem, upogibanjem in ravnanjem<\/li>\n<li>manometer<\/li>\n<li>popolna pomo\u010d v delavnici za vzdr\u017eevanje in monta\u017eo<\/li>\n<li>trden enostopenjski pnevmatski hidravli\u010dni cilinder<\/li>\n<li>Dvostopenjska ro\u010dna \u010drpalka<\/li>\n<li>ro\u010dni nadzor tlaka s pomo\u010djo hidravli\u010dne ro\u010dne \u010drpalke ali pnevmatskega tlaka\/kompresorja<\/li>\n<li>samodejni povrat bata<\/li>\n<li>nastavljiva vi\u0161ina stiskalne mize<\/li>\n<li>nastavitev vi\u0161ine mize preko ro\u010dice ro\u010dice<\/li>\n<\/ul>\n","protected":false},"featured_media":771,"template":"","meta":[],"product_brand":[],"product_cat":[1067,1062],"product_tag":[168,305,314,441,676,792],"class_list":{"0":"post-4199","1":"product","2":"type-product","3":"status-publish","4":"has-post-thumbnail","6":"product_cat-delavniske-prese","7":"product_cat-oprema-za-delavnice-delovne-mize-ponki","8":"product_tag-75ton","9":"product_tag-delavniska","10":"product_tag-depoles","11":"product_tag-holzmann","12":"product_tag-presa","13":"product_tag-stiskalnica","15":"first","16":"instock","17":"shipping-taxable","18":"purchasable","19":"product-type-simple"},"_links":{"self":[{"href":"https:\/\/www.depoles.com\/hr\/wp-json\/wp\/v2\/product\/4199","targetHints":{"allow":["GET"]}}],"collection":[{"href":"https:\/\/www.depoles.com\/hr\/wp-json\/wp\/v2\/product"}],"about":[{"href":"https:\/\/www.depoles.com\/hr\/wp-json\/wp\/v2\/types\/product"}],"wp:featuredmedia":[{"embeddable":true,"href":"https:\/\/www.depoles.com\/hr\/wp-json\/wp\/v2\/media\/771"}],"wp:attachment":[{"href":"https:\/\/www.depoles.com\/hr\/wp-json\/wp\/v2\/media?parent=4199"}],"wp:term":[{"taxonomy":"product_brand","embeddable":true,"href":"https:\/\/www.depoles.com\/hr\/wp-json\/wp\/v2\/product_brand?post=4199"},{"taxonomy":"product_cat","embeddable":true,"href":"https:\/\/www.depoles.com\/hr\/wp-json\/wp\/v2\/product_cat?post=4199"},{"taxonomy":"product_tag","embeddable":true,"href":"https:\/\/www.depoles.com\/hr\/wp-json\/wp\/v2\/product_tag?post=4199"}],"curies":[{"name":"wp","href":"https:\/\/api.w.org\/{rel}","templated":true}]}}