{"id":4203,"date":"2019-11-22T12:58:00","date_gmt":"2019-11-22T11:58:00","guid":{"rendered":"https:\/\/nova.depoles.com\/trgovina\/delavniska-presa-stiskalnica-holzmann-wp-30-h\/"},"modified":"2026-02-12T13:54:56","modified_gmt":"2026-02-12T12:54:56","slug":"delavniska-presa-stiskalnica-holzmann-wp-30-h","status":"publish","type":"product","link":"https:\/\/www.depoles.com\/hr\/trgovina\/delavniska-presa-stiskalnica-holzmann-wp-30-h\/","title":{"rendered":"RADNI\u010cKI PRE\u0160A\/PRESA HOLZMANN WP 30 H"},"content":{"rendered":"<p><strong>Tehni\u010dni podatki:<\/strong><\/p>\n<ul>\n<li><strong>Dimenzije:<\/strong>\n<ul>\n      &lt;li<strong>Hod (stroke):<\/strong> 150 mm<\/li>\n<li><strong>\u0160irina postelje (bed width):<\/strong> 535 mm<\/li>\n<li><strong>Skupne dimenzije:<\/strong> 795 x 700 x 1820 mm<\/li>\n<li><strong>Delovno obmo\u010dje (working area):<\/strong> 151 &#8211; 1031 mm<\/li>\n<\/ul>\n<\/li>\n<li><strong>Tla\u010dna mo\u010d (pressing power):<\/strong> 30 t<\/li>\n<li><strong>Te\u017ea:<\/strong>\n<ul>\n<li><strong>Bruto te\u017ea:<\/strong> 200 kg<\/li>\n<li><strong>Netto te\u017ea:<\/strong> 166 kg<\/li>\n<\/ul>\n<\/li>\n<li><strong>Embala\u017ea:<\/strong>\n<ul>\n<li><strong>Dol\u017eina embala\u017ee:<\/strong> 1920 mm<\/li>\n<li><strong>\u0160irina embala\u017ee:<\/strong> 780 mm<\/li>\n<li><strong>Vi\u0161ina embala\u017ee:<\/strong> 270 mm<\/li>\n<\/ul>\n<\/li>\n<li><strong>Splo\u0161ni podatki:<\/strong>\n<ul>\n<li><strong>EAN koda:<\/strong> 9120039902500<\/li>\n<\/ul>\n<\/li>\n<\/ul>\n","protected":false},"excerpt":{"rendered":"<ul>\n<li>30 Ton<\/li>\n<li>priro\u010dno za dela s stiskanjem, upogibanjem in ravnanjem<\/li>\n<li>manometer ozna\u010duje tla\u010dno silo<\/li>\n<li>popolna pomo\u010d v delavnici za vzdr\u017eevanje in monta\u017eo<\/li>\n<li>trden enostopenjski pnevmatski hidravli\u010dni cilinder<\/li>\n<li>samodejni povrat bata<\/li>\n<li>nastavljiva vi\u0161ina stiskalne mize<\/li>\n<li>nastavitev vi\u0161ine mize preko ro\u010dice ro\u010dice<\/li>\n<li>ro\u010dni nadzor tlaka s pomo\u010djo hidravli\u010dne ro\u010dne \u010drpalke ali pnevmatskega tlaka<\/li>\n<\/ul>\n","protected":false},"featured_media":4204,"template":"","meta":[],"product_brand":[],"product_cat":[1067,1062],"product_tag":[139,305,314,441,676,792],"class_list":{"0":"post-4203","1":"product","2":"type-product","3":"status-publish","4":"has-post-thumbnail","6":"product_cat-delavniske-prese","7":"product_cat-oprema-za-delavnice-delovne-mize-ponki","8":"product_tag-30ton","9":"product_tag-delavniska","10":"product_tag-depoles","11":"product_tag-holzmann","12":"product_tag-presa","13":"product_tag-stiskalnica","15":"first","16":"instock","17":"shipping-taxable","18":"purchasable","19":"product-type-simple"},"_links":{"self":[{"href":"https:\/\/www.depoles.com\/hr\/wp-json\/wp\/v2\/product\/4203","targetHints":{"allow":["GET"]}}],"collection":[{"href":"https:\/\/www.depoles.com\/hr\/wp-json\/wp\/v2\/product"}],"about":[{"href":"https:\/\/www.depoles.com\/hr\/wp-json\/wp\/v2\/types\/product"}],"wp:featuredmedia":[{"embeddable":true,"href":"https:\/\/www.depoles.com\/hr\/wp-json\/wp\/v2\/media\/4204"}],"wp:attachment":[{"href":"https:\/\/www.depoles.com\/hr\/wp-json\/wp\/v2\/media?parent=4203"}],"wp:term":[{"taxonomy":"product_brand","embeddable":true,"href":"https:\/\/www.depoles.com\/hr\/wp-json\/wp\/v2\/product_brand?post=4203"},{"taxonomy":"product_cat","embeddable":true,"href":"https:\/\/www.depoles.com\/hr\/wp-json\/wp\/v2\/product_cat?post=4203"},{"taxonomy":"product_tag","embeddable":true,"href":"https:\/\/www.depoles.com\/hr\/wp-json\/wp\/v2\/product_tag?post=4203"}],"curies":[{"name":"wp","href":"https:\/\/api.w.org\/{rel}","templated":true}]}}