{"id":4207,"date":"2019-11-22T12:57:57","date_gmt":"2019-11-22T11:57:57","guid":{"rendered":"https:\/\/nova.depoles.com\/trgovina\/delavniska-presa-wp-50-h-holzmann\/"},"modified":"2026-03-06T14:01:35","modified_gmt":"2026-03-06T13:01:35","slug":"delavniska-presa-wp-50-h-holzmann","status":"publish","type":"product","link":"https:\/\/www.depoles.com\/hr\/trgovina\/delavniska-presa-wp-50-h-holzmann\/","title":{"rendered":"RADNI\u010cKI PRE\u0160A WP 50 H HOLZMANN"},"content":{"rendered":"<p><strong>Tehni\u010dni podatki:<\/strong><\/p>\n<ul>\n<li><strong>Dimenzije:<\/strong>\n<ul>\n      &lt;li<strong>Hod (stroke):<\/strong> 200 mm<\/li>\n<li><strong>Potiskalna mo\u010d:<\/strong> 50 t<\/li>\n<li><strong>Skupne dimenzije:<\/strong> 1400 x 1900 mm<\/li>\n<li><strong>Delovno obmo\u010dje:<\/strong> 155 &#8211; 995 mm<\/li>\n<\/ul>\n<\/li>\n<li><strong>Tovarne pre\u0161e:<\/strong>\n<ul>\n<li><strong>Razmik med stebri:<\/strong> 730 mm<\/li>\n<li><strong>Premer tampona:<\/strong> 76 mm<\/li>\n<\/ul>\n<\/li>\n<li><strong>Te\u017ea:<\/strong>\n<ul>\n<li><strong>Bruto te\u017ea:<\/strong> 344 kg<\/li>\n<li><strong>Netto te\u017ea:<\/strong> 300 kg<\/li>\n<\/ul>\n<\/li>\n<li><strong>Pakiranje:<\/strong>\n<ul>\n<li><strong>Dol\u017eina pakiranja:<\/strong> 980 mm<\/li>\n<li><strong>\u0160irina pakiranja:<\/strong> 310 mm<\/li>\n<li><strong>Vi\u0161ina pakiranja:<\/strong> 2110 mm<\/li>\n<\/ul>\n<\/li>\n<li><strong>Splo\u0161ni podatki:<\/strong>\n<ul>\n<li><strong>EAN koda:<\/strong> 9120039902067<\/li>\n<\/ul>\n<\/li>\n<\/ul>\n","protected":false},"excerpt":{"rendered":"<h5><\/h5>\n<ul>\n<li>50 ton<\/li>\n<li>priro\u010dno za dela s stiskanjem, upogibanjem in ravnanjem<\/li>\n<li>manometer ozna\u010duje tla\u010dno silo<\/li>\n<li>popolna pomo\u010d v delavnici za vzdr\u017eevanje in monta\u017eo<\/li>\n<li>trden enostopenjski pnevmatski hidravli\u010dni cilinder<\/li>\n<li>samodejni povrat bata<\/li>\n<li>nastavljiva vi\u0161ina stiskalne mize<\/li>\n<li>nastavitev vi\u0161ine mize preko ro\u010dice ro\u010dice<\/li>\n<li>ro\u010dni nadzor tlaka s pomo\u010djo hidravli\u010dne ro\u010dne \u010drpalke ali pnevmatskega tlaka<\/li>\n<\/ul>\n","protected":false},"featured_media":4208,"template":"","meta":[],"product_brand":[],"product_cat":[1067,1062],"product_tag":[158,305,314,441,676,792,901],"class_list":{"0":"post-4207","1":"product","2":"type-product","3":"status-publish","4":"has-post-thumbnail","6":"product_cat-delavniske-prese","7":"product_cat-oprema-za-delavnice-delovne-mize-ponki","8":"product_tag-50ton","9":"product_tag-delavniska","10":"product_tag-depoles","11":"product_tag-holzmann","12":"product_tag-presa","13":"product_tag-stiskalnica","14":"product_tag-wp50","16":"first","17":"instock","18":"shipping-taxable","19":"purchasable","20":"product-type-simple"},"_links":{"self":[{"href":"https:\/\/www.depoles.com\/hr\/wp-json\/wp\/v2\/product\/4207","targetHints":{"allow":["GET"]}}],"collection":[{"href":"https:\/\/www.depoles.com\/hr\/wp-json\/wp\/v2\/product"}],"about":[{"href":"https:\/\/www.depoles.com\/hr\/wp-json\/wp\/v2\/types\/product"}],"wp:featuredmedia":[{"embeddable":true,"href":"https:\/\/www.depoles.com\/hr\/wp-json\/wp\/v2\/media\/4208"}],"wp:attachment":[{"href":"https:\/\/www.depoles.com\/hr\/wp-json\/wp\/v2\/media?parent=4207"}],"wp:term":[{"taxonomy":"product_brand","embeddable":true,"href":"https:\/\/www.depoles.com\/hr\/wp-json\/wp\/v2\/product_brand?post=4207"},{"taxonomy":"product_cat","embeddable":true,"href":"https:\/\/www.depoles.com\/hr\/wp-json\/wp\/v2\/product_cat?post=4207"},{"taxonomy":"product_tag","embeddable":true,"href":"https:\/\/www.depoles.com\/hr\/wp-json\/wp\/v2\/product_tag?post=4207"}],"curies":[{"name":"wp","href":"https:\/\/api.w.org\/{rel}","templated":true}]}}