{"id":4211,"date":"2019-11-22T12:57:54","date_gmt":"2019-11-22T11:57:54","guid":{"rendered":"https:\/\/nova.depoles.com\/trgovina\/delavniska-presa-holzmann-wp100h\/"},"modified":"2025-12-17T15:54:24","modified_gmt":"2025-12-17T14:54:24","slug":"delavniska-presa-holzmann-wp100h","status":"publish","type":"product","link":"https:\/\/www.depoles.com\/hr\/trgovina\/delavniska-presa-holzmann-wp100h\/","title":{"rendered":"RADNI\u010cKI PRE\u0160A HOLZMANN WP100H"},"content":{"rendered":"<p><strong>Tehni\u010dni podatki:<\/strong><\/p>\n<ul>\n<li><strong>Meritve:<\/strong>\n<ul>\n    &lt;liHod v mm: 300<\/li>\n<li>Skupne dimenzije v mm: 1200 x 990 x 1837<\/li>\n<li>Tla\u010dna mo\u010d v t: 100<\/li>\n<li>Delovno obmo\u010dje v mm: 93 &#8211; 993<\/li>\n<\/ul>\n<\/li>\n<li><strong>Deli pre\u0161e:<\/strong>\n<ul>\n<li>Razmik med stebri v mm: 785<\/li>\n<\/ul>\n<\/li>\n<li><strong>Te\u017ea:<\/strong>\n<ul>\n<li>Bruto te\u017ea v kg: 766<\/li>\n<li>Netto te\u017ea v kg: 662<\/li>\n<\/ul>\n<\/li>\n<li><strong>Pakiranje:<\/strong>\n<ul>\n<li>Dol\u017eina pakiranja v mm: 1150<\/li>\n<li>\u0160irina pakiranja v mm: 420<\/li>\n<li>Vi\u0161ina pakiranja v mm: 2040<\/li>\n<\/ul>\n<\/li>\n<li><strong>Splo\u0161ni podatki:<\/strong>\n<ul>\n<li>EAN koda: 9120039902517<\/li>\n<\/ul>\n<\/li>\n<\/ul>\n","protected":false},"excerpt":{"rendered":"<h6>pla\u010dila mo\u017ena tudi na do 48 obroke\/lepnapy\/paypal<\/h6>\n<ul>\n<li>100 T pritiska<\/li>\n<li>sistem priklopa na zrak in hidrauliko<\/li>\n<li>priro\u010dno za dela s stiskanjem, upogibanjem in ravnanjem<\/li>\n<li>manometer ozna\u010duje tla\u010dno silo<\/li>\n<li>popolna pomo\u010d v delavnici za vzdr\u017eevanje in monta\u017eo<\/li>\n<li>trden enostopenjski pnevmatski hidravli\u010dni cilinder<\/li>\n<li>samodejni povrat bata<\/li>\n<li>nastavljiva vi\u0161ina\u00a0 mize<\/li>\n<li>nastavitev vi\u0161ine mize preko ro\u010dice<\/li>\n<li>ro\u010dni nadzor tlaka s pomo\u010djo hidravli\u010dne ro\u010dne \u010drpalke ali pnevmatskega tlaka\/kompresorja<\/li>\n<li>vklj. no\u017ena stopalka<\/li>\n<\/ul>\n","protected":false},"featured_media":4212,"template":"","meta":[],"product_brand":[],"product_cat":[1067,1062],"product_tag":[96,305,676,792],"class_list":{"0":"post-4211","1":"product","2":"type-product","3":"status-publish","4":"has-post-thumbnail","6":"product_cat-delavniske-prese","7":"product_cat-oprema-za-delavnice-delovne-mize-ponki","8":"product_tag-100ton","9":"product_tag-delavniska","10":"product_tag-presa","11":"product_tag-stiskalnica","13":"first","14":"instock","15":"shipping-taxable","16":"purchasable","17":"product-type-simple"},"_links":{"self":[{"href":"https:\/\/www.depoles.com\/hr\/wp-json\/wp\/v2\/product\/4211","targetHints":{"allow":["GET"]}}],"collection":[{"href":"https:\/\/www.depoles.com\/hr\/wp-json\/wp\/v2\/product"}],"about":[{"href":"https:\/\/www.depoles.com\/hr\/wp-json\/wp\/v2\/types\/product"}],"wp:featuredmedia":[{"embeddable":true,"href":"https:\/\/www.depoles.com\/hr\/wp-json\/wp\/v2\/media\/4212"}],"wp:attachment":[{"href":"https:\/\/www.depoles.com\/hr\/wp-json\/wp\/v2\/media?parent=4211"}],"wp:term":[{"taxonomy":"product_brand","embeddable":true,"href":"https:\/\/www.depoles.com\/hr\/wp-json\/wp\/v2\/product_brand?post=4211"},{"taxonomy":"product_cat","embeddable":true,"href":"https:\/\/www.depoles.com\/hr\/wp-json\/wp\/v2\/product_cat?post=4211"},{"taxonomy":"product_tag","embeddable":true,"href":"https:\/\/www.depoles.com\/hr\/wp-json\/wp\/v2\/product_tag?post=4211"}],"curies":[{"name":"wp","href":"https:\/\/api.w.org\/{rel}","templated":true}]}}