{"id":4214,"date":"2019-11-22T12:57:49","date_gmt":"2019-11-22T11:57:49","guid":{"rendered":"https:\/\/nova.depoles.com\/trgovina\/delavniska-presa-stiskalnica-30t-holzmann-30t-wp30plus\/"},"modified":"2026-02-12T13:35:55","modified_gmt":"2026-02-12T12:35:55","slug":"delavniska-presa-stiskalnica-30t-holzmann-30t-wp30plus","status":"publish","type":"product","link":"https:\/\/www.depoles.com\/hr\/trgovina\/delavniska-presa-stiskalnica-30t-holzmann-30t-wp30plus\/","title":{"rendered":"Radionicka pre\u0161a\/presa 30T HOLZMANN WP30PLUS"},"content":{"rendered":"<p><strong>Tehni\u010dni podatki<\/strong><\/p>\n<ul>\n<li><strong>Dimenzije<\/strong>\n<ul>\n<li>Delovno obmo\u010dje: 166\u20131126 mm<\/li>\n<li>Tla\u010dna mo\u010d: 30 t \/ 670 bar<\/li>\n<li>Hod: 160 mm<\/li>\n<li>Skupne dimenzije: 780 x 750 x 1838 mm<\/li>\n<\/ul>\n<\/li>\n<li><strong>Te\u017ea<\/strong>\n<ul>\n<li>Netto te\u017ea: 170 kg<\/li>\n<li>Bruto te\u017ea: 181 kg<\/li>\n<\/ul>\n<\/li>\n<li><strong>Pakiranje<\/strong>\n<ul>\n<li>\u0160irina pakiranja: 335 mm<\/li>\n<li>Dol\u017eina pakiranja: 1800 mm<\/li>\n<li>Vi\u0161ina pakiranja: 295 mm<\/li>\n<\/ul>\n<\/li>\n<li><strong>Splo\u0161ni podatki<\/strong>\n<ul>\n<li>EAN koda: 9120058376115<\/li>\n<\/ul>\n<\/li>\n<\/ul>\n","protected":false},"excerpt":{"rendered":"<h3>Poudarki izdelka<\/h3>\n<p>Ta hidravli\u010dni cilinder je priro\u010den za stiskanje, upogibanje in ravnanje. Odli\u010dno se obnese v delavnicah za vzdr\u017eevanje in sestavljanje. Njegove glavne prednosti so:<\/p>\n<ul>\n<li>manometer, ki prikazuje tla\u010dno silo,<\/li>\n<li>trden enostopenjski hidravli\u010dni cilinder,<\/li>\n<li>samodejni povrat bata,<\/li>\n<li>nastavljiva vi\u0161ina stiskalne mize.<\/li>\n<\/ul>\n","protected":false},"featured_media":4215,"template":"","meta":[],"product_brand":[],"product_cat":[1067,1062],"product_tag":[],"class_list":{"0":"post-4214","1":"product","2":"type-product","3":"status-publish","4":"has-post-thumbnail","6":"product_cat-delavniske-prese","7":"product_cat-oprema-za-delavnice-delovne-mize-ponki","9":"first","10":"instock","11":"shipping-taxable","12":"purchasable","13":"product-type-simple"},"_links":{"self":[{"href":"https:\/\/www.depoles.com\/hr\/wp-json\/wp\/v2\/product\/4214","targetHints":{"allow":["GET"]}}],"collection":[{"href":"https:\/\/www.depoles.com\/hr\/wp-json\/wp\/v2\/product"}],"about":[{"href":"https:\/\/www.depoles.com\/hr\/wp-json\/wp\/v2\/types\/product"}],"wp:featuredmedia":[{"embeddable":true,"href":"https:\/\/www.depoles.com\/hr\/wp-json\/wp\/v2\/media\/4215"}],"wp:attachment":[{"href":"https:\/\/www.depoles.com\/hr\/wp-json\/wp\/v2\/media?parent=4214"}],"wp:term":[{"taxonomy":"product_brand","embeddable":true,"href":"https:\/\/www.depoles.com\/hr\/wp-json\/wp\/v2\/product_brand?post=4214"},{"taxonomy":"product_cat","embeddable":true,"href":"https:\/\/www.depoles.com\/hr\/wp-json\/wp\/v2\/product_cat?post=4214"},{"taxonomy":"product_tag","embeddable":true,"href":"https:\/\/www.depoles.com\/hr\/wp-json\/wp\/v2\/product_tag?post=4214"}],"curies":[{"name":"wp","href":"https:\/\/api.w.org\/{rel}","templated":true}]}}