{"id":4216,"date":"2019-11-22T12:57:48","date_gmt":"2019-11-22T11:57:48","guid":{"rendered":"https:\/\/nova.depoles.com\/trgovina\/arbor-press-dop3000\/"},"modified":"2025-12-17T23:49:35","modified_gmt":"2025-12-17T22:49:35","slug":"arbor-press-dop3000","status":"publish","type":"product","link":"https:\/\/www.depoles.com\/hr\/trgovina\/arbor-press-dop3000\/","title":{"rendered":"Arbor press DOP3000"},"content":{"rendered":"<p><strong>Tehni\u010dna specifikacija<\/strong><\/p>\n<ul>\n<li><strong>Obdelava plo\u010devine<\/strong>\n<ul>\n<li>Delo tlak: 3 t<\/li>\n<\/ul>\n<\/li>\n<li><strong>Te\u017ea<\/strong>\n<ul>\n<li>Bruto te\u017ea: 65 kg<\/li>\n<li>Netto te\u017ea: 62 kg<\/li>\n<\/ul>\n<\/li>\n<li><strong>Pakiranje<\/strong>\n<ul>\n<li>Dol\u017eina pakiranja: 460 mm<\/li>\n<li>\u0160irina pakiranja: 240 mm<\/li>\n<li>Vi\u0161ina pakiranja: 640 mm<\/li>\n<\/ul>\n<\/li>\n<li><strong>Splo\u0161ni podatki<\/strong>\n<ul>\n<li>EAN koda: 9120039901435<\/li>\n<\/ul>\n<\/li>\n<\/ul>\n","protected":false},"excerpt":{"rendered":"<h3> poudarja <\/h3>\n<ul>\n<li> visokokakovosten siv okvir iz litega \u017eeleza omogo\u010da zelo visoke sile pritiska <\/li>\n<li> primeren za vgradnjo le\u017eajev, pu\u0161 in drugih priklju\u010dnih del <\/li>\n<li> prestavna sila ro\u010dice preko velikega zobnika in cograila <\/li>\n<li> univerzalna osnovna plo\u0161\u010da <\/li>\n<\/ul>\n","protected":false},"featured_media":4217,"template":"","meta":[],"product_brand":[],"product_cat":[1067,1062],"product_tag":[],"class_list":{"0":"post-4216","1":"product","2":"type-product","3":"status-publish","4":"has-post-thumbnail","6":"product_cat-delavniske-prese","7":"product_cat-oprema-za-delavnice-delovne-mize-ponki","9":"first","10":"instock","11":"shipping-taxable","12":"purchasable","13":"product-type-simple"},"_links":{"self":[{"href":"https:\/\/www.depoles.com\/hr\/wp-json\/wp\/v2\/product\/4216","targetHints":{"allow":["GET"]}}],"collection":[{"href":"https:\/\/www.depoles.com\/hr\/wp-json\/wp\/v2\/product"}],"about":[{"href":"https:\/\/www.depoles.com\/hr\/wp-json\/wp\/v2\/types\/product"}],"wp:featuredmedia":[{"embeddable":true,"href":"https:\/\/www.depoles.com\/hr\/wp-json\/wp\/v2\/media\/4217"}],"wp:attachment":[{"href":"https:\/\/www.depoles.com\/hr\/wp-json\/wp\/v2\/media?parent=4216"}],"wp:term":[{"taxonomy":"product_brand","embeddable":true,"href":"https:\/\/www.depoles.com\/hr\/wp-json\/wp\/v2\/product_brand?post=4216"},{"taxonomy":"product_cat","embeddable":true,"href":"https:\/\/www.depoles.com\/hr\/wp-json\/wp\/v2\/product_cat?post=4216"},{"taxonomy":"product_tag","embeddable":true,"href":"https:\/\/www.depoles.com\/hr\/wp-json\/wp\/v2\/product_tag?post=4216"}],"curies":[{"name":"wp","href":"https:\/\/api.w.org\/{rel}","templated":true}]}}