{"id":4218,"date":"2019-11-22T12:57:47","date_gmt":"2019-11-22T11:57:47","guid":{"rendered":"https:\/\/nova.depoles.com\/trgovina\/arbor-tisk-dop2000\/"},"modified":"2026-02-12T13:48:31","modified_gmt":"2026-02-12T12:48:31","slug":"arbor-tisk-dop2000","status":"publish","type":"product","link":"https:\/\/www.depoles.com\/hr\/trgovina\/arbor-tisk-dop2000\/","title":{"rendered":"Arbor tisak DOP2000"},"content":{"rendered":"<p><strong>Tehni\u010dni podatki<\/strong><\/p>\n<ul>\n<li><strong>Obdelava plo\u010devine<\/strong>\n<ul>\n<li>Delovni tlak: 2 t<\/li>\n<\/ul>\n<\/li>\n<li><strong>Te\u017ea<\/strong>\n<ul>\n<li>Bruto te\u017ea: 38 kg<\/li>\n<li>Netto te\u017ea: 36 kg<\/li>\n<\/ul>\n<\/li>\n<li><strong>Embalaza<\/strong>\n<ul>\n<li>Dol\u017eina embala\u017ee: 460 mm<\/li>\n<li>\u0160irina embala\u017ee: 240 mm<\/li>\n<li>Vi\u0161ina embala\u017ee: 460 mm<\/li>\n<\/ul>\n<\/li>\n<li><strong>Splo\u0161ni podatki<\/strong>\n<ul>\n<li>EAN koda: 9120039900520<\/li>\n<\/ul>\n<\/li>\n<\/ul>\n","protected":false},"excerpt":{"rendered":"<h3>Poudarki izdelka<\/h3>\n<ul>\n<li>Visokokakovosten siv okvir iz litega \u017eeleza omogo\u010da zelo visoke sile pritiska.<\/li>\n<li>Primeren za vgradnjo le\u017eajev, pu\u0161 in drugih priklju\u010dnih del.<\/li>\n<li>Prestavna sila ro\u010dice preko velikega zobnika in cograila.<\/li>\n<li>Univerzalna osnovna plo\u0161\u010da.<\/li>\n<\/ul>\n","protected":false},"featured_media":4219,"template":"","meta":[],"product_brand":[],"product_cat":[1067,1062],"product_tag":[],"class_list":{"0":"post-4218","1":"product","2":"type-product","3":"status-publish","4":"has-post-thumbnail","6":"product_cat-delavniske-prese","7":"product_cat-oprema-za-delavnice-delovne-mize-ponki","9":"first","10":"instock","11":"shipping-taxable","12":"purchasable","13":"product-type-simple"},"_links":{"self":[{"href":"https:\/\/www.depoles.com\/hr\/wp-json\/wp\/v2\/product\/4218","targetHints":{"allow":["GET"]}}],"collection":[{"href":"https:\/\/www.depoles.com\/hr\/wp-json\/wp\/v2\/product"}],"about":[{"href":"https:\/\/www.depoles.com\/hr\/wp-json\/wp\/v2\/types\/product"}],"wp:featuredmedia":[{"embeddable":true,"href":"https:\/\/www.depoles.com\/hr\/wp-json\/wp\/v2\/media\/4219"}],"wp:attachment":[{"href":"https:\/\/www.depoles.com\/hr\/wp-json\/wp\/v2\/media?parent=4218"}],"wp:term":[{"taxonomy":"product_brand","embeddable":true,"href":"https:\/\/www.depoles.com\/hr\/wp-json\/wp\/v2\/product_brand?post=4218"},{"taxonomy":"product_cat","embeddable":true,"href":"https:\/\/www.depoles.com\/hr\/wp-json\/wp\/v2\/product_cat?post=4218"},{"taxonomy":"product_tag","embeddable":true,"href":"https:\/\/www.depoles.com\/hr\/wp-json\/wp\/v2\/product_tag?post=4218"}],"curies":[{"name":"wp","href":"https:\/\/api.w.org\/{rel}","templated":true}]}}