{"id":4224,"date":"2019-11-22T12:57:40","date_gmt":"2019-11-22T11:57:40","guid":{"rendered":"https:\/\/nova.depoles.com\/trgovina\/pomicna-dvizna-miza-sht350xxf\/"},"modified":"2026-02-12T13:54:28","modified_gmt":"2026-02-12T12:54:28","slug":"pomicna-dvizna-miza-sht350xxf","status":"publish","type":"product","link":"https:\/\/www.depoles.com\/hr\/trgovina\/pomicna-dvizna-miza-sht350xxf\/","title":{"rendered":"Pomi\u010dna dizalica stol SHT350XXF"},"content":{"rendered":"<p><strong>Tehni\u010dne specifikacije<\/strong><\/p>\n<ul>\n<li><strong>Dimenzije mize (mm):<\/strong> 905 x 500 x 50<\/li>\n<li><strong>Hod mize (mm):<\/strong> 940<\/li>\n<li><strong>Vi\u0161ina mize (mm):<\/strong> 360 &#8211; 1300<\/li>\n<li><strong>Dvi\u017ena mo\u010d (kg):<\/strong> 350<\/li>\n<li><strong>Premer kolesa (mm):<\/strong> 100<\/li>\n<li><strong>Bruto te\u017ea (kg):<\/strong> 102,30<\/li>\n<li><strong>Netote\u017ea (kg):<\/strong> 100<\/li>\n<li><strong>Dimenzije embala\u017ee (mm):<\/strong>\n<ul>\n<li>\u0160irina: 520<\/li>\n<li>Dol\u017eina: 1010<\/li>\n<li>Vi\u0161ina: 380<\/li>\n<\/ul>\n<\/li>\n<li><strong>EAN koda:<\/strong> 9120058377938<\/li>\n<\/ul>\n","protected":false},"excerpt":{"rendered":"<h3>Poudarki<\/h3>\n<p>Delovna miza je opremljena z no\u017eno stopalko za hidravli\u010dno dviganje, ki omogo\u010da nastavitev ergonomske in individualne delovne vi\u0161ine. Spu\u0161\u010danje mize je enostavno in brezstopenjsko z ro\u010dno ro\u010dico. Poleg tega ima parkirno zavoro, transportni ro\u010daj ter dve vrtljivi kolesi za la\u017eje manevriranje, pri \u010demer kolesni zaustavki zagotavljajo varno pozicioniranje.<\/p>\n","protected":false},"featured_media":4225,"template":"","meta":[],"product_brand":[],"product_cat":[1062,1065],"product_tag":[],"class_list":{"0":"post-4224","1":"product","2":"type-product","3":"status-publish","4":"has-post-thumbnail","6":"product_cat-oprema-za-delavnice-delovne-mize-ponki","7":"product_cat-transportne-naprave","9":"first","10":"instock","11":"shipping-taxable","12":"purchasable","13":"product-type-simple"},"_links":{"self":[{"href":"https:\/\/www.depoles.com\/hr\/wp-json\/wp\/v2\/product\/4224","targetHints":{"allow":["GET"]}}],"collection":[{"href":"https:\/\/www.depoles.com\/hr\/wp-json\/wp\/v2\/product"}],"about":[{"href":"https:\/\/www.depoles.com\/hr\/wp-json\/wp\/v2\/types\/product"}],"wp:featuredmedia":[{"embeddable":true,"href":"https:\/\/www.depoles.com\/hr\/wp-json\/wp\/v2\/media\/4225"}],"wp:attachment":[{"href":"https:\/\/www.depoles.com\/hr\/wp-json\/wp\/v2\/media?parent=4224"}],"wp:term":[{"taxonomy":"product_brand","embeddable":true,"href":"https:\/\/www.depoles.com\/hr\/wp-json\/wp\/v2\/product_brand?post=4224"},{"taxonomy":"product_cat","embeddable":true,"href":"https:\/\/www.depoles.com\/hr\/wp-json\/wp\/v2\/product_cat?post=4224"},{"taxonomy":"product_tag","embeddable":true,"href":"https:\/\/www.depoles.com\/hr\/wp-json\/wp\/v2\/product_tag?post=4224"}],"curies":[{"name":"wp","href":"https:\/\/api.w.org\/{rel}","templated":true}]}}