{"id":4229,"date":"2019-11-22T12:57:33","date_gmt":"2019-11-22T11:57:33","guid":{"rendered":"https:\/\/nova.depoles.com\/trgovina\/univ-premicna-naprava-max-71x71cm-ufe300\/"},"modified":"2026-02-12T13:56:10","modified_gmt":"2026-02-12T12:56:10","slug":"univ-premicna-naprava-max-71x71cm-ufe300","status":"publish","type":"product","link":"https:\/\/www.depoles.com\/hr\/trgovina\/univ-premicna-naprava-max-71x71cm-ufe300\/","title":{"rendered":"Kota\u010di za pomicanje stroja UNIV 71x71cm UFE300"},"content":{"rendered":"<p><strong>Specifikacija izdelka<\/strong><\/p>\n<table>\n<tbody>\n<tr>\n<th colspan=\"2\">Dimenzije<\/th>\n<\/tr>\n<tr>\n<td>Nosilnost (kg)<\/td>\n<td>300<\/td>\n<\/tr>\n<tr>\n<td>Obmo\u010dje nastavitve<\/td>\n<td>y=500-750 mm, x=460-730 mm<\/td>\n<\/tr>\n<tr>\n<th colspan=\"2\">Te\u017ea<\/th>\n<\/tr>\n<tr>\n<td>Bruto te\u017ea (kg)<\/td>\n<td>12<\/td>\n<\/tr>\n<tr>\n<td>Netto te\u017ea (kg)<\/td>\n<td>11<\/td>\n<\/tr>\n<tr>\n<th colspan=\"2\">Pakiranje<\/th>\n<\/tr>\n<tr>\n<td>Vi\u0161ina pakiranja (mm)<\/td>\n<td>160<\/td>\n<\/tr>\n<tr>\n<td>\u0160irina pakiranja (mm)<\/td>\n<td>300<\/td>\n<\/tr>\n<tr>\n<td>Dol\u017eina pakiranja (mm)<\/td>\n<td>550<\/td>\n<\/tr>\n<tr>\n<th colspan=\"2\">Splo\u0161ni podatki<\/th>\n<\/tr>\n<tr>\n<td>EAN koda<\/td>\n<td>9120039902593<\/td>\n<\/tr>\n<\/tbody>\n<\/table>\n","protected":false},"excerpt":{"rendered":"<h3>Poudarki<\/h3>\n<p>Univerzalni teleskopski sistem je prilagodljiv skoraj vsakemu odtisu stroja, kar omogo\u010da enostavno premikanje po delavnici. Volani so na eni strani, polo\u017eaj pa lahko pritrdite s klinasto zavoro. Sistem je primeren za uporabo s kosilnicami, tra\u010dnimi \u017eagami, brusilnimi stroji, kro\u017enimi \u017eagami in podobno.<\/p>\n","protected":false},"featured_media":4230,"template":"","meta":[],"product_brand":[],"product_cat":[1062,1065],"product_tag":[],"class_list":{"0":"post-4229","1":"product","2":"type-product","3":"status-publish","4":"has-post-thumbnail","6":"product_cat-oprema-za-delavnice-delovne-mize-ponki","7":"product_cat-transportne-naprave","9":"first","10":"instock","11":"shipping-taxable","12":"purchasable","13":"product-type-simple"},"_links":{"self":[{"href":"https:\/\/www.depoles.com\/hr\/wp-json\/wp\/v2\/product\/4229","targetHints":{"allow":["GET"]}}],"collection":[{"href":"https:\/\/www.depoles.com\/hr\/wp-json\/wp\/v2\/product"}],"about":[{"href":"https:\/\/www.depoles.com\/hr\/wp-json\/wp\/v2\/types\/product"}],"wp:featuredmedia":[{"embeddable":true,"href":"https:\/\/www.depoles.com\/hr\/wp-json\/wp\/v2\/media\/4230"}],"wp:attachment":[{"href":"https:\/\/www.depoles.com\/hr\/wp-json\/wp\/v2\/media?parent=4229"}],"wp:term":[{"taxonomy":"product_brand","embeddable":true,"href":"https:\/\/www.depoles.com\/hr\/wp-json\/wp\/v2\/product_brand?post=4229"},{"taxonomy":"product_cat","embeddable":true,"href":"https:\/\/www.depoles.com\/hr\/wp-json\/wp\/v2\/product_cat?post=4229"},{"taxonomy":"product_tag","embeddable":true,"href":"https:\/\/www.depoles.com\/hr\/wp-json\/wp\/v2\/product_tag?post=4229"}],"curies":[{"name":"wp","href":"https:\/\/api.w.org\/{rel}","templated":true}]}}