{"id":4232,"date":"2019-11-22T12:57:33","date_gmt":"2019-11-22T11:57:33","guid":{"rendered":"https:\/\/nova.depoles.com\/trgovina\/servisni-vtic-1-25t-rwh125alu\/"},"modified":"2025-12-17T15:55:39","modified_gmt":"2025-12-17T14:55:39","slug":"servisni-vtic-1-25t-rwh125alu","status":"publish","type":"product","link":"https:\/\/www.depoles.com\/hr\/trgovina\/servisni-vtic-1-25t-rwh125alu\/","title":{"rendered":"Dizalica 1.25T RWH125ALU"},"content":{"rendered":"<p><strong>Tehni\u010dni podatki<\/strong><\/p>\n<ul>\n<li><strong>Meritve:<\/strong>\n<ul>\n<li>Dvigalna mo\u010d: 1250 kg<\/li>\n<li>Razpon hoda: 85-375 mm<\/li>\n<li>Skupne dimenzije: 580 x 240 x 150 mm<\/li>\n<\/ul>\n<\/li>\n<li><strong>Te\u017ea:<\/strong>\n<ul>\n<li>Bruto te\u017ea: 13,50 kg<\/li>\n<li>Netto te\u017ea: 12 kg<\/li>\n<\/ul>\n<\/li>\n<li><strong>Embala\u017ea:<\/strong>\n<ul>\n<li>\u0160irina embala\u017ee: 282 mm<\/li>\n<li>Vi\u0161ina embala\u017ee: 164 mm<\/li>\n<li>Dol\u017eina embala\u017ee: 614 mm<\/li>\n<\/ul>\n<\/li>\n<li><strong>Splo\u0161ni podatki:<\/strong>\n<ul>\n<li>EAN koda: 9120039904580<\/li>\n<\/ul>\n<\/li>\n<\/ul>\n","protected":false},"excerpt":{"rendered":"<h3>Poudarki izdelka<\/h3>\n<p>Izdelek izstopa po kakovostni aluminijasti konstrukciji, ki omogo\u010da enostavno premikanje. Primeren je za profesionalno uporabo z vrhunskimi varnostnimi in kakovostnimi standardi ter je posebej primeren za spu\u0161\u010dena vozila. Med klju\u010dnimi lastnostmi so:<\/p>\n<ul>\n<li>servisna vti\u010dnica, ki ustreza najvi\u0161jim standardom za obdelavo in varnost<\/li>\n<li>profesionalna gumijasta podloga na podporni plo\u0161\u010di<\/li>\n<li>mo\u010dnej\u0161i sklepi za dalj\u0161o \u017eivljenjsko dobo<\/li>\n<li>valovita ro\u010dna ro\u010dica za enostavno odpiranje in zapiranje hidravli\u010dnega ventila<\/li>\n<li>prenos mo\u010di v ventil preko kardanskega spoja<\/li>\n<li>pritrditev ro\u010dne ro\u010dice s pi\u0161\u010daljo in vija\u010dnim vijakom v dr\u017ealu<\/li>\n<li>kromirani valj<\/li>\n<li>funkcija hitrega dviga z dvojno \u010drpalko<\/li>\n<\/ul>\n","protected":false},"featured_media":4233,"template":"","meta":[],"product_brand":[],"product_cat":[1062,1065],"product_tag":[],"class_list":{"0":"post-4232","1":"product","2":"type-product","3":"status-publish","4":"has-post-thumbnail","6":"product_cat-oprema-za-delavnice-delovne-mize-ponki","7":"product_cat-transportne-naprave","9":"first","10":"instock","11":"shipping-taxable","12":"purchasable","13":"product-type-simple"},"_links":{"self":[{"href":"https:\/\/www.depoles.com\/hr\/wp-json\/wp\/v2\/product\/4232","targetHints":{"allow":["GET"]}}],"collection":[{"href":"https:\/\/www.depoles.com\/hr\/wp-json\/wp\/v2\/product"}],"about":[{"href":"https:\/\/www.depoles.com\/hr\/wp-json\/wp\/v2\/types\/product"}],"wp:featuredmedia":[{"embeddable":true,"href":"https:\/\/www.depoles.com\/hr\/wp-json\/wp\/v2\/media\/4233"}],"wp:attachment":[{"href":"https:\/\/www.depoles.com\/hr\/wp-json\/wp\/v2\/media?parent=4232"}],"wp:term":[{"taxonomy":"product_brand","embeddable":true,"href":"https:\/\/www.depoles.com\/hr\/wp-json\/wp\/v2\/product_brand?post=4232"},{"taxonomy":"product_cat","embeddable":true,"href":"https:\/\/www.depoles.com\/hr\/wp-json\/wp\/v2\/product_cat?post=4232"},{"taxonomy":"product_tag","embeddable":true,"href":"https:\/\/www.depoles.com\/hr\/wp-json\/wp\/v2\/product_tag?post=4232"}],"curies":[{"name":"wp","href":"https:\/\/api.w.org\/{rel}","templated":true}]}}