{"id":4240,"date":"2019-11-22T12:57:23","date_gmt":"2019-11-22T11:57:23","guid":{"rendered":"https:\/\/nova.depoles.com\/trgovina\/pomicna-dvizna-miza-sht300xf\/"},"modified":"2025-12-17T23:49:44","modified_gmt":"2025-12-17T22:49:44","slug":"pomicna-dvizna-miza-sht300xf","status":"publish","type":"product","link":"https:\/\/www.depoles.com\/hr\/trgovina\/pomicna-dvizna-miza-sht300xf\/","title":{"rendered":"Pomi\u010dni dizalni stol SHT300XF"},"content":{"rendered":"<p><strong>Tehni\u010dna specifikacija:<\/strong><\/p>\n<ul>\n<li><strong>Dimenzije mize (mm):<\/strong> 815 x 500 x 50<\/li>\n<li><strong>Hod mize (mm):<\/strong> 620<\/li>\n<li><strong>Vi\u0161ina mize (mm):<\/strong> 280 &#8211; 900<\/li>\n<li><strong>Dvigalna mo\u010d (kg):<\/strong> 300<\/li>\n<li><strong>Premer koluta (mm):<\/strong> 125<\/li>\n<li><strong>Bruto te\u017ea (kg):<\/strong> 73,80<\/li>\n<li><strong>Netto te\u017ea (kg):<\/strong> 72<\/li>\n<li><strong>Dimenzije embala\u017ee (mm):<\/strong>\n<ul>\n<li>\u0160irina: 510<\/li>\n<li>Dol\u017eina: 900<\/li>\n<li>Vi\u0161ina: 310<\/li>\n<\/ul>\n<\/li>\n<li><strong>EAN koda:<\/strong> 9120058377921<\/li>\n<\/ul>\n","protected":false},"excerpt":{"rendered":"<h3> poudarja <\/h3>\n<ul>\n<li> no\u017ena stopalka za hidravli\u010dno dviganje delovne mize v ergonomsko in individualno delovno vi\u0161ino <\/li>\n<li> enostavno in brezstopenjsko spu\u0161\u010danje delovne mize z ro\u010dno ro\u010dico <\/li>\n<li> parkirna zavora in transportni ro\u010daj <\/li>\n<li> opremljeni z dvema vrtljivima kolesoma za enostavno manevriranje, kolesni zaustavki na kolesih zagotavljajo varno pozicioniranje <\/li>\n<\/ul>\n","protected":false},"featured_media":4241,"template":"","meta":[],"product_brand":[],"product_cat":[1062,1065],"product_tag":[],"class_list":{"0":"post-4240","1":"product","2":"type-product","3":"status-publish","4":"has-post-thumbnail","6":"product_cat-oprema-za-delavnice-delovne-mize-ponki","7":"product_cat-transportne-naprave","9":"first","10":"instock","11":"shipping-taxable","12":"purchasable","13":"product-type-simple"},"_links":{"self":[{"href":"https:\/\/www.depoles.com\/hr\/wp-json\/wp\/v2\/product\/4240","targetHints":{"allow":["GET"]}}],"collection":[{"href":"https:\/\/www.depoles.com\/hr\/wp-json\/wp\/v2\/product"}],"about":[{"href":"https:\/\/www.depoles.com\/hr\/wp-json\/wp\/v2\/types\/product"}],"wp:featuredmedia":[{"embeddable":true,"href":"https:\/\/www.depoles.com\/hr\/wp-json\/wp\/v2\/media\/4241"}],"wp:attachment":[{"href":"https:\/\/www.depoles.com\/hr\/wp-json\/wp\/v2\/media?parent=4240"}],"wp:term":[{"taxonomy":"product_brand","embeddable":true,"href":"https:\/\/www.depoles.com\/hr\/wp-json\/wp\/v2\/product_brand?post=4240"},{"taxonomy":"product_cat","embeddable":true,"href":"https:\/\/www.depoles.com\/hr\/wp-json\/wp\/v2\/product_cat?post=4240"},{"taxonomy":"product_tag","embeddable":true,"href":"https:\/\/www.depoles.com\/hr\/wp-json\/wp\/v2\/product_tag?post=4240"}],"curies":[{"name":"wp","href":"https:\/\/api.w.org\/{rel}","templated":true}]}}