{"id":4254,"date":"2019-11-22T12:57:10","date_gmt":"2019-11-22T11:57:10","guid":{"rendered":"https:\/\/nova.depoles.com\/trgovina\/servisni-vtic-2-5t-rwh250alu\/"},"modified":"2025-12-17T15:56:46","modified_gmt":"2025-12-17T14:56:46","slug":"servisni-vtic-2-5t-rwh250alu","status":"publish","type":"product","link":"https:\/\/www.depoles.com\/hr\/trgovina\/servisni-vtic-2-5t-rwh250alu\/","title":{"rendered":"Dizalica 2.5T RWH250ALU"},"content":{"rendered":"<p><strong>Tehni\u010dni podatki<\/strong><\/p>\n<ul>\n<li><strong>Meritve<\/strong>\n<ul>\n<li>Dvigalna mo\u010d: 2500 kg<\/li>\n<li>Obmo\u010dje hoda: 95-490 mm<\/li>\n<li>Skupne dimenzije: 740 x 340 x 170 mm<\/li>\n<\/ul>\n<\/li>\n<li><strong>Te\u017ea<\/strong>\n<ul>\n<li>Netote\u017ea: 25 kg<\/li>\n<li>Bruto te\u017ea: 27 kg<\/li>\n<\/ul>\n<\/li>\n<li><strong>Embala\u017ea<\/strong>\n<ul>\n<li>Vi\u0161ina embala\u017ee: 180 mm<\/li>\n<li>\u0160irina embala\u017ee: 395 mm<\/li>\n<li>Dol\u017eina embala\u017ee: 774 mm<\/li>\n<\/ul>\n<\/li>\n<li><strong>Splo\u0161ni podatki<\/strong>\n<ul>\n<li>EAN koda: 9120039904603<\/li>\n<\/ul>\n<\/li>\n<\/ul>\n","protected":false},"excerpt":{"rendered":"<h3>Poudarki izdelka<\/h3>\n<p>Ta izdelek izstopa po kakovostni aluminijasti konstrukciji, ki omogo\u010da enostavno premikanje, ter \u0161tevilnih profesionalnih lastnostih:<\/p>\n<ul>\n<li>Servisna vti\u010dnica izpolnjuje vrhunske standarde za obdelavo in varnost.<\/li>\n<li>Primeren za uporabo v delavnicah zaradi visoke kakovosti.<\/li>\n<li>Profesionalna gumijasta podloga na podporni plo\u0161\u010di zagotavlja stabilnost.<\/li>\n<li>Mo\u010dni sklepi podalj\u0161ujejo \u017eivljenjsko dobo izdelka.<\/li>\n<li>Odli\u010den za spu\u0161\u010dena vozila.<\/li>\n<li>Valovita ro\u010dna ro\u010dica omogo\u010da enostavno zapiranje in odpiranje hidravli\u010dnega ventila.<\/li>\n<li>Mo\u010d se prena\u0161a v ventil preko kardanskega spoja.<\/li>\n<li>Ro\u010dica je pritrjena s pi\u0161\u010daljo in vija\u010dnim vijakom v dr\u017ealu.<\/li>\n<li>Kromirani valj zagotavlja dodatno vzdr\u017eljivost.<\/li>\n<li>Funkcija hitrega dviga z dvojno \u010drpalko pospe\u0161i delo.<\/li>\n<\/ul>\n","protected":false},"featured_media":4255,"template":"","meta":[],"product_brand":[],"product_cat":[1062,1065],"product_tag":[],"class_list":{"0":"post-4254","1":"product","2":"type-product","3":"status-publish","4":"has-post-thumbnail","6":"product_cat-oprema-za-delavnice-delovne-mize-ponki","7":"product_cat-transportne-naprave","9":"first","10":"instock","11":"shipping-taxable","12":"purchasable","13":"product-type-simple"},"_links":{"self":[{"href":"https:\/\/www.depoles.com\/hr\/wp-json\/wp\/v2\/product\/4254","targetHints":{"allow":["GET"]}}],"collection":[{"href":"https:\/\/www.depoles.com\/hr\/wp-json\/wp\/v2\/product"}],"about":[{"href":"https:\/\/www.depoles.com\/hr\/wp-json\/wp\/v2\/types\/product"}],"wp:featuredmedia":[{"embeddable":true,"href":"https:\/\/www.depoles.com\/hr\/wp-json\/wp\/v2\/media\/4255"}],"wp:attachment":[{"href":"https:\/\/www.depoles.com\/hr\/wp-json\/wp\/v2\/media?parent=4254"}],"wp:term":[{"taxonomy":"product_brand","embeddable":true,"href":"https:\/\/www.depoles.com\/hr\/wp-json\/wp\/v2\/product_brand?post=4254"},{"taxonomy":"product_cat","embeddable":true,"href":"https:\/\/www.depoles.com\/hr\/wp-json\/wp\/v2\/product_cat?post=4254"},{"taxonomy":"product_tag","embeddable":true,"href":"https:\/\/www.depoles.com\/hr\/wp-json\/wp\/v2\/product_tag?post=4254"}],"curies":[{"name":"wp","href":"https:\/\/api.w.org\/{rel}","templated":true}]}}