{"id":4256,"date":"2019-11-22T12:57:09","date_gmt":"2019-11-22T11:57:09","guid":{"rendered":"https:\/\/nova.depoles.com\/trgovina\/servisni-vtic-1-8t-rwh180alu\/"},"modified":"2025-12-17T15:56:58","modified_gmt":"2025-12-17T14:56:58","slug":"servisni-vtic-1-8t-rwh180alu","status":"publish","type":"product","link":"https:\/\/www.depoles.com\/hr\/trgovina\/servisni-vtic-1-8t-rwh180alu\/","title":{"rendered":"Dizalica 1.8T RWH180ALU"},"content":{"rendered":"<p><strong>Tehni\u010dni podatki<\/strong><\/p>\n<ul>\n<li><strong>Meritve:<\/strong>\n<ul>\n<li>Dvigalna mo\u010d: 1800 kg<\/li>\n<li>Razpon hoda: 85-470 mm<\/li>\n<li>Skupne dimenzije: 715 x 295 x 160 mm<\/li>\n<\/ul>\n<\/li>\n<li><strong>Te\u017ea:<\/strong>\n<ul>\n<li>\u010cista te\u017ea: 19 kg<\/li>\n<li>Bruto te\u017ea: 21 kg<\/li>\n<\/ul>\n<\/li>\n<li><strong>Embala\u017ea:<\/strong>\n<ul>\n<li>Vi\u0161ina embala\u017ee: 175 mm<\/li>\n<li>\u0160irina embala\u017ee: 348 mm<\/li>\n<li>Dol\u017eina embala\u017ee: 769 mm<\/li>\n<\/ul>\n<\/li>\n<li><strong>Splo\u0161ni podatki:<\/strong>\n<ul>\n<li>EAN koda: 9120039904597<\/li>\n<\/ul>\n<\/li>\n<\/ul>\n","protected":false},"excerpt":{"rendered":"<h3>Poudarki izdelka<\/h3>\n<p>Izdelek se odlikuje z aluminijasto konstrukcijo za enostavno premikanje in ustreza vrhunskim servisnim ter varnostnim standardom. Primeren je za profesionalno uporabo in ima ve\u010d funkcionalnih prednosti:<\/p>\n<ul>\n<li>servisna vti\u010dnica po najvi\u0161jih standardih<\/li>\n<li>profesionalna gumijasta podloga na podporni plo\u0161\u010di<\/li>\n<li>mo\u010dni sklepi za dalj\u0161o \u017eivljenjsko dobo<\/li>\n<li>primeren za spu\u0161\u010dena vozila<\/li>\n<li>valovita ro\u010dna ro\u010dica za upravljanje hidravli\u010dnega ventila<\/li>\n<li>prenos mo\u010di preko kardanskega spoja<\/li>\n<li>pritrditev ro\u010dice s pi\u0161\u010daljo in vija\u010dnim vijakom<\/li>\n<li>kromirani valj<\/li>\n<li>funkcija hitrega dviga z dvojno \u010drpalko<\/li>\n<\/ul>\n","protected":false},"featured_media":4257,"template":"","meta":[],"product_brand":[],"product_cat":[1062,1065],"product_tag":[],"class_list":{"0":"post-4256","1":"product","2":"type-product","3":"status-publish","4":"has-post-thumbnail","6":"product_cat-oprema-za-delavnice-delovne-mize-ponki","7":"product_cat-transportne-naprave","9":"first","10":"instock","11":"shipping-taxable","12":"purchasable","13":"product-type-simple"},"_links":{"self":[{"href":"https:\/\/www.depoles.com\/hr\/wp-json\/wp\/v2\/product\/4256","targetHints":{"allow":["GET"]}}],"collection":[{"href":"https:\/\/www.depoles.com\/hr\/wp-json\/wp\/v2\/product"}],"about":[{"href":"https:\/\/www.depoles.com\/hr\/wp-json\/wp\/v2\/types\/product"}],"wp:featuredmedia":[{"embeddable":true,"href":"https:\/\/www.depoles.com\/hr\/wp-json\/wp\/v2\/media\/4257"}],"wp:attachment":[{"href":"https:\/\/www.depoles.com\/hr\/wp-json\/wp\/v2\/media?parent=4256"}],"wp:term":[{"taxonomy":"product_brand","embeddable":true,"href":"https:\/\/www.depoles.com\/hr\/wp-json\/wp\/v2\/product_brand?post=4256"},{"taxonomy":"product_cat","embeddable":true,"href":"https:\/\/www.depoles.com\/hr\/wp-json\/wp\/v2\/product_cat?post=4256"},{"taxonomy":"product_tag","embeddable":true,"href":"https:\/\/www.depoles.com\/hr\/wp-json\/wp\/v2\/product_tag?post=4256"}],"curies":[{"name":"wp","href":"https:\/\/api.w.org\/{rel}","templated":true}]}}