{"id":4258,"date":"2019-11-22T12:57:08","date_gmt":"2019-11-22T11:57:08","guid":{"rendered":"https:\/\/nova.depoles.com\/trgovina\/zaga-ab1015\/"},"modified":"2025-12-17T23:49:58","modified_gmt":"2025-12-17T22:49:58","slug":"zaga-ab1015","status":"publish","type":"product","link":"https:\/\/www.depoles.com\/hr\/trgovina\/zaga-ab1015\/","title":{"rendered":"pila AB1015"},"content":{"rendered":"<p><strong>Tehni\u010dne specifikacije:<\/strong><\/p>\n<ul>\n<li><strong>Nosilnost:<\/strong> 500 kg<\/li>\n<li><strong>Te\u017ea:<\/strong>\n<ul>\n<li>Bruto te\u017ea: 6,40 kg<\/li>\n<li>Netto te\u017ea: 6 kg<\/li>\n<\/ul>\n<\/li>\n<li><strong>Embala\u017ea (dimenzije):<\/strong>\n<ul>\n<li>\u0160irina: 120 mm<\/li>\n<li>Dol\u017eina: 920 mm<\/li>\n<li>Vi\u0161ina: 130 mm<\/li>\n<\/ul>\n<\/li>\n<li><strong>EAN koda:<\/strong> 9120058378058<\/li>\n<\/ul>\n","protected":false},"excerpt":{"rendered":"<h3> poudarja <\/h3>\n<ul>\n<li> zlo\u017eljiva \u017eaga <\/li>\n<li> noge s stabilnim stojalom na vseh povr\u0161inah <\/li>\n<li> zaradi zlo\u017eljivih nog in ro\u010daja enostavno odlo\u017eiti in preva\u017eati. Noge je mogo\u010de popolnoma pospraviti v ohi\u0161je. <\/li>\n<li> dimenzije izdelka &#8211; odprt polo\u017eaj: 1015x675x730 mm, dimenzije izdelka zaprt polo\u017eaj: 1015x103x120 mm <\/li>\n<li> Z zdru\u017eitvijo dveh \u017eag lahko dobite stabilno delovno povr\u0161ino. (Dodatni material ni prilo\u017een, npr. Delovna plo\u0161\u010da) <\/li>\n<li> maks. obremenitev 500 kg na \u017eago <\/li>\n<\/ul>\n","protected":false},"featured_media":4259,"template":"","meta":[],"product_brand":[],"product_cat":[1042,1062],"product_tag":[],"class_list":{"0":"post-4258","1":"product","2":"type-product","3":"status-publish","4":"has-post-thumbnail","6":"product_cat-elektro-omarica-razdelilec","7":"product_cat-oprema-za-delavnice-delovne-mize-ponki","9":"first","10":"instock","11":"shipping-taxable","12":"purchasable","13":"product-type-simple"},"_links":{"self":[{"href":"https:\/\/www.depoles.com\/hr\/wp-json\/wp\/v2\/product\/4258","targetHints":{"allow":["GET"]}}],"collection":[{"href":"https:\/\/www.depoles.com\/hr\/wp-json\/wp\/v2\/product"}],"about":[{"href":"https:\/\/www.depoles.com\/hr\/wp-json\/wp\/v2\/types\/product"}],"wp:featuredmedia":[{"embeddable":true,"href":"https:\/\/www.depoles.com\/hr\/wp-json\/wp\/v2\/media\/4259"}],"wp:attachment":[{"href":"https:\/\/www.depoles.com\/hr\/wp-json\/wp\/v2\/media?parent=4258"}],"wp:term":[{"taxonomy":"product_brand","embeddable":true,"href":"https:\/\/www.depoles.com\/hr\/wp-json\/wp\/v2\/product_brand?post=4258"},{"taxonomy":"product_cat","embeddable":true,"href":"https:\/\/www.depoles.com\/hr\/wp-json\/wp\/v2\/product_cat?post=4258"},{"taxonomy":"product_tag","embeddable":true,"href":"https:\/\/www.depoles.com\/hr\/wp-json\/wp\/v2\/product_tag?post=4258"}],"curies":[{"name":"wp","href":"https:\/\/api.w.org\/{rel}","templated":true}]}}