{"id":4261,"date":"2019-11-22T12:57:07","date_gmt":"2019-11-22T11:57:07","guid":{"rendered":"https:\/\/nova.depoles.com\/trgovina\/diamantna-plosca-disk-150-bsg13e-diam\/"},"modified":"2026-02-12T13:48:14","modified_gmt":"2026-02-12T12:48:14","slug":"diamantna-plosca-disk-150-bsg13e-diam","status":"publish","type":"product","link":"https:\/\/www.depoles.com\/hr\/trgovina\/diamantna-plosca-disk-150-bsg13e-diam\/","title":{"rendered":"DIJAMANTNI BRUSNI DISK 150 BSG13E-DIAM"},"content":{"rendered":"<p><strong>Specifikacija izdelka:<\/strong><\/p>\n<ul>\n<li><strong>Te\u017ea:<\/strong>\n<ul>\n<li>Bruto te\u017ea: 0,20 kg<\/li>\n<li>Netto te\u017ea: 0,15 kg<\/li>\n<\/ul>\n<\/li>\n<li><strong>Embala\u017ea:<\/strong>\n<ul>\n<li>Vi\u0161ina embala\u017ee: 0 mm<\/li>\n<li>\u0160irina embala\u017ee: 0 mm<\/li>\n<li>Dol\u017eina embala\u017ee: 0 mm<\/li>\n<\/ul>\n<\/li>\n<li><strong>Splo\u0161ni podatki:<\/strong>\n<ul>\n<li>EAN koda: 9120058371578<\/li>\n<\/ul>\n<\/li>\n<\/ul>\n","protected":false},"excerpt":{"rendered":"<h3>Poudarki izdelka<\/h3>\n<p>Ta ve\u010dfunkcijska naprava zdru\u017euje pet funkcij v eni sami enoti, kar omogo\u010da hitro in enostavno prilagajanje glede na potrebe. Je robustna, trpe\u017ena in vsestransko uporabna, vklju\u010duje MDF plo\u0161\u010do ter ima ve\u010d vhodov in izhodov za elektri\u010dno napajanje.<\/p>\n<ul>\n<li><strong>5 funkcij v eni napravi:<\/strong> delovna miza, delovna plo\u0161\u010dad\/oder, plazilci, ro\u010dni vozi\u010dki in vozi\u010dki<\/li>\n<li>Hitro in enostavno preklapljanje med funkcijami<\/li>\n<li>1x vhod 230 V in 3x izhod 230 V<\/li>\n<li>Maksimalna nosilnost delovne mize (800 mm): 150 kg<\/li>\n<li>Maksimalna nosilnost odra (560 mm): 300 kg<\/li>\n<li>Maksimalna nosilnost tovornega nosilca: 150 kg<\/li>\n<li>Dimenzije ogrodja: 1280 x 580 x 560 mm<\/li>\n<li>Dimenzije delovne mize: 1400 x 580 x 75 mm<\/li>\n<li>Dimenzije vozi\u010dka (dolly): 1130 x 580 x 75 mm<\/li>\n<li>Skupni tok: 16 A<\/li>\n<\/ul>\n","protected":false},"featured_media":4262,"template":"","meta":[],"product_brand":[],"product_cat":[1042,1062],"product_tag":[],"class_list":{"0":"post-4261","1":"product","2":"type-product","3":"status-publish","4":"has-post-thumbnail","6":"product_cat-elektro-omarica-razdelilec","7":"product_cat-oprema-za-delavnice-delovne-mize-ponki","9":"first","10":"instock","11":"shipping-taxable","12":"purchasable","13":"product-type-simple"},"_links":{"self":[{"href":"https:\/\/www.depoles.com\/hr\/wp-json\/wp\/v2\/product\/4261","targetHints":{"allow":["GET"]}}],"collection":[{"href":"https:\/\/www.depoles.com\/hr\/wp-json\/wp\/v2\/product"}],"about":[{"href":"https:\/\/www.depoles.com\/hr\/wp-json\/wp\/v2\/types\/product"}],"wp:featuredmedia":[{"embeddable":true,"href":"https:\/\/www.depoles.com\/hr\/wp-json\/wp\/v2\/media\/4262"}],"wp:attachment":[{"href":"https:\/\/www.depoles.com\/hr\/wp-json\/wp\/v2\/media?parent=4261"}],"wp:term":[{"taxonomy":"product_brand","embeddable":true,"href":"https:\/\/www.depoles.com\/hr\/wp-json\/wp\/v2\/product_brand?post=4261"},{"taxonomy":"product_cat","embeddable":true,"href":"https:\/\/www.depoles.com\/hr\/wp-json\/wp\/v2\/product_cat?post=4261"},{"taxonomy":"product_tag","embeddable":true,"href":"https:\/\/www.depoles.com\/hr\/wp-json\/wp\/v2\/product_tag?post=4261"}],"curies":[{"name":"wp","href":"https:\/\/api.w.org\/{rel}","templated":true}]}}