{"id":4269,"date":"2019-11-22T12:57:04","date_gmt":"2019-11-22T11:57:04","guid":{"rendered":"https:\/\/nova.depoles.com\/trgovina\/velikost-brusenja-250-x-50-x-32-mm-nts250sst\/"},"modified":"2026-02-12T13:56:15","modified_gmt":"2026-02-12T12:56:15","slug":"velikost-brusenja-250-x-50-x-32-mm-nts250sst","status":"publish","type":"product","link":"https:\/\/www.depoles.com\/hr\/trgovina\/velikost-brusenja-250-x-50-x-32-mm-nts250sst\/","title":{"rendered":"Brusni disk 250 x 50 x 32 mm NTS250SST"},"content":{"rendered":"<p><strong>Tehni\u010dne specifikacije:<\/strong><\/p>\n<table>\n<tbody>\n<tr>\n<th>Te\u017ea<\/th>\n<td><\/td>\n<\/tr>\n<tr>\n<td>Bruto te\u017ea (kg)<\/td>\n<td>0,30<\/td>\n<\/tr>\n<tr>\n<td>Netto te\u017ea (kg)<\/td>\n<td>0,20<\/td>\n<\/tr>\n<tr>\n<th>Embala\u017ea<\/th>\n<td><\/td>\n<\/tr>\n<tr>\n<td>\u0160irina embala\u017ee (mm)<\/td>\n<td>315<\/td>\n<\/tr>\n<tr>\n<td>Vi\u0161ina embala\u017ee (mm)<\/td>\n<td>300<\/td>\n<\/tr>\n<tr>\n<td>Dol\u017eina embala\u017ee (mm)<\/td>\n<td>485<\/td>\n<\/tr>\n<tr>\n<th>Splo\u0161ni podatki<\/th>\n<td><\/td>\n<\/tr>\n<tr>\n<td>EAN koda<\/td>\n<td>9120058375361<\/td>\n<\/tr>\n<\/tbody>\n<\/table>\n","protected":false},"excerpt":{"rendered":"<h3>Poudarki izdelka<\/h3>\n<p>Ta ve\u010dnamenska naprava zdru\u017euje pet funkcij v eni robustni in trpe\u017eni konstrukciji, ki omogo\u010da hitro in enostavno preklapljanje med razli\u010dnimi na\u010dini uporabe.<\/p>\n<ul>\n<li><strong>5 funkcij v eni napravi:<\/strong> delovna miza, delovna plo\u0161\u010dad\/oder, plazilec, ro\u010dni vozi\u010dek in vozi\u010dek<\/li>\n<li>Hitro in enostavno preklapljanje med funkcijami<\/li>\n<li>1x vhod 230 V in 3x izhod 230 V<\/li>\n<li>Vsestranska uporaba<\/li>\n<li>Vklju\u010dno z MDF plo\u0161\u010do<\/li>\n<li>Maksimalna obremenitev delovne mize (800 mm): 150 kg<\/li>\n<li>Maksimalna nosilnost odra (560 mm): 300 kg<\/li>\n<li>Maksimalna nosilnost tovornega vozi\u010dka: 150 kg<\/li>\n<li>Dimenzije ogrodja: 1280 x 580 x 560 mm<\/li>\n<li>Dimenzije delovne mize: 1400 x 580 x 75 mm<\/li>\n<li>Dimenzije vozi\u010dka (dolly): 1130 x 580 x 75 mm<\/li>\n<li>Skupni tok: 16 A<\/li>\n<\/ul>\n","protected":false},"featured_media":4270,"template":"","meta":[],"product_brand":[],"product_cat":[1042,1062],"product_tag":[],"class_list":{"0":"post-4269","1":"product","2":"type-product","3":"status-publish","4":"has-post-thumbnail","6":"product_cat-elektro-omarica-razdelilec","7":"product_cat-oprema-za-delavnice-delovne-mize-ponki","9":"first","10":"instock","11":"shipping-taxable","12":"purchasable","13":"product-type-simple"},"_links":{"self":[{"href":"https:\/\/www.depoles.com\/hr\/wp-json\/wp\/v2\/product\/4269","targetHints":{"allow":["GET"]}}],"collection":[{"href":"https:\/\/www.depoles.com\/hr\/wp-json\/wp\/v2\/product"}],"about":[{"href":"https:\/\/www.depoles.com\/hr\/wp-json\/wp\/v2\/types\/product"}],"wp:featuredmedia":[{"embeddable":true,"href":"https:\/\/www.depoles.com\/hr\/wp-json\/wp\/v2\/media\/4270"}],"wp:attachment":[{"href":"https:\/\/www.depoles.com\/hr\/wp-json\/wp\/v2\/media?parent=4269"}],"wp:term":[{"taxonomy":"product_brand","embeddable":true,"href":"https:\/\/www.depoles.com\/hr\/wp-json\/wp\/v2\/product_brand?post=4269"},{"taxonomy":"product_cat","embeddable":true,"href":"https:\/\/www.depoles.com\/hr\/wp-json\/wp\/v2\/product_cat?post=4269"},{"taxonomy":"product_tag","embeddable":true,"href":"https:\/\/www.depoles.com\/hr\/wp-json\/wp\/v2\/product_tag?post=4269"}],"curies":[{"name":"wp","href":"https:\/\/api.w.org\/{rel}","templated":true}]}}