{"id":4290,"date":"2019-11-22T12:56:49","date_gmt":"2019-11-22T11:56:49","guid":{"rendered":"https:\/\/nova.depoles.com\/trgovina\/vaxilit-vaksilit-spray-za-rezila-in-povrsine-proti-prijemanju-smole-necistoc-400ml-sgm2\/"},"modified":"2026-04-05T12:35:27","modified_gmt":"2026-04-05T10:35:27","slug":"vaxilit-vaksilit-spray-za-rezila-in-povrsine-proti-prijemanju-smole-necistoc-400ml-sgm2","status":"publish","type":"product","link":"https:\/\/www.depoles.com\/hr\/trgovina\/vaxilit-vaksilit-spray-za-rezila-in-povrsine-proti-prijemanju-smole-necistoc-400ml-sgm2\/","title":{"rendered":"Vaxilit\/vaksilit sprej za o\u0161trice i povr\u0161ine protiv prijanjanja smole i ne\u010disto\u0107a 400ml SGM2"},"content":{"rendered":"<p><strong>Tehni\u010dni podatki:<\/strong><\/p>\n<table>\n<tbody>\n<tr>\n<th colspan=\"2\">Te\u017ea<\/th>\n<\/tr>\n<tr>\n<td>Bruto te\u017ea (kg)<\/td>\n<td>0,60<\/td>\n<\/tr>\n<tr>\n<td>Netto te\u017ea (kg)<\/td>\n<td>0,50<\/td>\n<\/tr>\n<tr>\n<th colspan=\"2\">Pakiranje<\/th>\n<\/tr>\n<tr>\n<td>Dol\u017eina pakiranja (mm)<\/td>\n<td>65<\/td>\n<\/tr>\n<tr>\n<td>\u0160irina pakiranja (mm)<\/td>\n<td>65<\/td>\n<\/tr>\n<tr>\n<td>Vi\u0161ina pakiranja (mm)<\/td>\n<td>156<\/td>\n<\/tr>\n<tr>\n<th colspan=\"2\">Splo\u0161ni podatki<\/th>\n<\/tr>\n<tr>\n<td>EAN koda<\/td>\n<td>9120039904276<\/td>\n<\/tr>\n<\/tbody>\n<\/table>\n","protected":false},"excerpt":{"rendered":"<h3>vaxilit spray -VRHUNSKI<\/h3>\n<ul>\n<li>vrhunska in specialna spray, ki mo\u010dno zmanj\u0161a trenje pri obdelavi<\/li>\n<li>enostavno pospreyate povr\u0161ine<\/li>\n<li>idealen za lepilke, formatne \u017eage, cnc stroje, poravnalke, debelinke, formatne voze, vsa rezil, vsaj prepr\u010duje prijem ne\u010disto\u010d, lepila ali smole na rezilo<\/li>\n<li>mo\u010dno podalj\u0161a ostrino in \u017eivljensko dobo rezilu<\/li>\n<li>zelo pove\u010da preto\u010dnost obdelave v vsakem segmentu<\/li>\n<li>ne pu\u0161\u010da sledi na lesu<\/li>\n<li>je nekaj \u010dasa obstojna na delovni povr\u0161ini, kar omogo\u010da obdelavo z enim nanosom ve\u010dkratno oz za dalj\u0161e obdobje, odvisno tudi od stroja in vrte lesa<\/li>\n<li>zelo priproro\u010dljiva zadeva za vsakega mizarja v delavbnici, saj mo\u010dno pove\u010da kapaciteto in kvaliteton obdelave na vsakem stroju: hoby ali profi<\/li>\n<li>1 kg<\/li>\n<\/ul>\n","protected":false},"featured_media":4291,"template":"","meta":[],"product_brand":[],"product_cat":[1022,1042,1025,1026,1062,1031,1033,1012],"product_tag":[],"class_list":{"0":"post-4290","1":"product","2":"type-product","3":"status-publish","4":"has-post-thumbnail","6":"product_cat-elektricni-rocni-stroji-orodja","7":"product_cat-elektro-omarica-razdelilec","8":"product_cat-formatne-zage","9":"product_cat-kombinirke-5-operacij","10":"product_cat-oprema-za-delavnice-delovne-mize-ponki","11":"product_cat-poravnalke-debelinke","12":"product_cat-robne-lepilke","13":"product_cat-stroji-za-les","15":"first","16":"instock","17":"shipping-taxable","18":"purchasable","19":"product-type-simple"},"_links":{"self":[{"href":"https:\/\/www.depoles.com\/hr\/wp-json\/wp\/v2\/product\/4290","targetHints":{"allow":["GET"]}}],"collection":[{"href":"https:\/\/www.depoles.com\/hr\/wp-json\/wp\/v2\/product"}],"about":[{"href":"https:\/\/www.depoles.com\/hr\/wp-json\/wp\/v2\/types\/product"}],"wp:featuredmedia":[{"embeddable":true,"href":"https:\/\/www.depoles.com\/hr\/wp-json\/wp\/v2\/media\/4291"}],"wp:attachment":[{"href":"https:\/\/www.depoles.com\/hr\/wp-json\/wp\/v2\/media?parent=4290"}],"wp:term":[{"taxonomy":"product_brand","embeddable":true,"href":"https:\/\/www.depoles.com\/hr\/wp-json\/wp\/v2\/product_brand?post=4290"},{"taxonomy":"product_cat","embeddable":true,"href":"https:\/\/www.depoles.com\/hr\/wp-json\/wp\/v2\/product_cat?post=4290"},{"taxonomy":"product_tag","embeddable":true,"href":"https:\/\/www.depoles.com\/hr\/wp-json\/wp\/v2\/product_tag?post=4290"}],"curies":[{"name":"wp","href":"https:\/\/api.w.org\/{rel}","templated":true}]}}