{"id":4298,"date":"2019-11-22T12:56:45","date_gmt":"2019-11-22T11:56:45","guid":{"rendered":"https:\/\/nova.depoles.com\/trgovina\/vaxilit-vaksilit-pasta-za-rezila-in-povrsine-proti-prijemanju-smole-necistoc-1-kg-sgm1\/"},"modified":"2026-03-06T14:01:36","modified_gmt":"2026-03-06T13:01:36","slug":"vaxilit-vaksilit-pasta-za-rezila-in-povrsine-proti-prijemanju-smole-necistoc-1-kg-sgm1","status":"publish","type":"product","link":"https:\/\/www.depoles.com\/hr\/trgovina\/vaxilit-vaksilit-pasta-za-rezila-in-povrsine-proti-prijemanju-smole-necistoc-1-kg-sgm1\/","title":{"rendered":"Vaxilit\/vaksilit pasta profi za vrlo pove\u0107ano klizanje drva bez otpora pri obradi 1 kg SGM1"},"content":{"rendered":"<p><strong>Tehni\u010dni podatki<\/strong><\/p>\n<table>\n<tbody>\n<tr>\n<th colspan=\"2\" style=\"text-align:left\">Te\u017ea<\/th>\n<\/tr>\n<tr>\n<td>Bruto te\u017ea (kg)<\/td>\n<td>1,17<\/td>\n<\/tr>\n<tr>\n<td>Neto te\u017ea (kg)<\/td>\n<td>1<\/td>\n<\/tr>\n<tr>\n<th colspan=\"2\" style=\"text-align:left\">Embala\u017ea<\/th>\n<\/tr>\n<tr>\n<td>Dol\u017eina embala\u017ee (mm)<\/td>\n<td>120<\/td>\n<\/tr>\n<tr>\n<td>\u0160irina embala\u017ee (mm)<\/td>\n<td>120<\/td>\n<\/tr>\n<tr>\n<td>Vi\u0161ina embala\u017ee (mm)<\/td>\n<td>152<\/td>\n<\/tr>\n<tr>\n<th colspan=\"2\" style=\"text-align:left\">Splo\u0161ni podatki<\/th>\n<\/tr>\n<tr>\n<td>EAN koda<\/td>\n<td>9120039904283<\/td>\n<\/tr>\n<\/tbody>\n<\/table>\n","protected":false},"excerpt":{"rendered":"<h3>vaxilit pasta<\/h3>\n<ul>\n<li>vrhunska in specialna pasta, ki mo\u010dno zmanj\u0161a trenje pri obdelavi lesa na debelinki,poravnalki ali ostalih povr\u0161inah pri obdelavi,\u00a0 ter mo\u010dno pove\u010da preto\u010dnost obdelave<\/li>\n<li>enostavno nama\u017eate z \u010dopi\u010dem<\/li>\n<li>ne pu\u0161\u010da sledi na lesu<\/li>\n<li>je nekaj \u010dasa obstojna na delovni povr\u0161ini, kar omogo\u010da obdelavo z enim nanosom ve\u010dkratno oz za dalj\u0161e obdobje, odvisno tudi od stroja in vrte lesa<\/li>\n<li>zelo priproro\u010dljiva zadeva za vsakega mizarja v delavnici, saj mo\u010dno pove\u010da kapaciteto in kvaliteton obdelave na vsakem stroju: hoby ali profi<\/li>\n<li>1 kg<\/li>\n<\/ul>\n","protected":false},"featured_media":4299,"template":"","meta":[],"product_brand":[],"product_cat":[1024,1042,1018,1026,1062,1020,1030,1031,1012],"product_tag":[],"class_list":{"0":"post-4298","1":"product","2":"type-product","3":"status-publish","4":"has-post-thumbnail","6":"product_cat-debelinke","7":"product_cat-elektro-omarica-razdelilec","8":"product_cat-kombinirke-zaga-rezkar-2-operacije","9":"product_cat-kombinirke-5-operacij","10":"product_cat-oprema-za-delavnice-delovne-mize-ponki","11":"product_cat-orodja-oprema","12":"product_cat-poravnalke","13":"product_cat-poravnalke-debelinke","14":"product_cat-stroji-za-les","16":"first","17":"instock","18":"shipping-taxable","19":"purchasable","20":"product-type-simple"},"_links":{"self":[{"href":"https:\/\/www.depoles.com\/hr\/wp-json\/wp\/v2\/product\/4298","targetHints":{"allow":["GET"]}}],"collection":[{"href":"https:\/\/www.depoles.com\/hr\/wp-json\/wp\/v2\/product"}],"about":[{"href":"https:\/\/www.depoles.com\/hr\/wp-json\/wp\/v2\/types\/product"}],"wp:featuredmedia":[{"embeddable":true,"href":"https:\/\/www.depoles.com\/hr\/wp-json\/wp\/v2\/media\/4299"}],"wp:attachment":[{"href":"https:\/\/www.depoles.com\/hr\/wp-json\/wp\/v2\/media?parent=4298"}],"wp:term":[{"taxonomy":"product_brand","embeddable":true,"href":"https:\/\/www.depoles.com\/hr\/wp-json\/wp\/v2\/product_brand?post=4298"},{"taxonomy":"product_cat","embeddable":true,"href":"https:\/\/www.depoles.com\/hr\/wp-json\/wp\/v2\/product_cat?post=4298"},{"taxonomy":"product_tag","embeddable":true,"href":"https:\/\/www.depoles.com\/hr\/wp-json\/wp\/v2\/product_tag?post=4298"}],"curies":[{"name":"wp","href":"https:\/\/api.w.org\/{rel}","templated":true}]}}