{"id":4302,"date":"2019-11-22T12:56:44","date_gmt":"2019-11-22T11:56:44","guid":{"rendered":"https:\/\/nova.depoles.com\/trgovina\/elektricna-zicna-vrv-dvigalo-250kg-esz250d_230v\/"},"modified":"2026-02-12T13:45:57","modified_gmt":"2026-02-12T12:45:57","slug":"elektricna-zicna-vrv-dvigalo-250kg-esz250d_230v","status":"publish","type":"product","link":"https:\/\/www.depoles.com\/hr\/trgovina\/elektricna-zicna-vrv-dvigalo-250kg-esz250d_230v\/","title":{"rendered":"Elektri\u010dna \u017ei\u010dana sajla dizalica 250kg ESZ250D_230V"},"content":{"rendered":"<p><strong>Tehni\u010dni podatki<\/strong><\/p>\n<ul>\n<li><strong>Podatki o motorju<\/strong>\n<ul>\n<li>Mo\u010d motorja: 500 W (S3 25%)<\/li>\n<li>Napetost: 230 V, 50 Hz<\/li>\n<\/ul>\n<\/li>\n<li><strong>Te\u017ea<\/strong>\n<ul>\n<li>Bruto te\u017ea: 11 kg<\/li>\n<li>Netto te\u017ea: 10,5 kg<\/li>\n<\/ul>\n<\/li>\n<li><strong>Pakiranje<\/strong>\n<ul>\n<li>\u0160irina pakiranja: 140 mm<\/li>\n<li>Dol\u017eina pakiranja: 350 mm<\/li>\n<li>Vi\u0161ina pakiranja: 226 mm<\/li>\n<\/ul>\n<\/li>\n<li><strong>Splo\u0161ni podatki<\/strong>\n<ul>\n<li>EAN koda: 9120058376139<\/li>\n<\/ul>\n<\/li>\n<\/ul>\n","protected":false},"excerpt":{"rendered":"<h3>Poudarki<\/h3>\n<p>Elektri\u010dna kabelska dvigala so idealna za dvigovanje in premikanje tovora.<\/p>\n<ul>\n<li>Dolgi operacijski kabel<\/li>\n<li>Prevle\u010dena jeklena plo\u010devina<\/li>\n<li>Ohi\u0161je motorja in menjalnika iz aluminijastih litin<\/li>\n<li>Obremenitev: maks. 125 kg pri max. 12 m, maks. 250 kg pri max. 6 m<\/li>\n<li>3 mm jeklena vrv z natezno trdnostjo 1870 N\/mm\u00b2<\/li>\n<\/ul>\n","protected":false},"featured_media":4303,"template":"","meta":[],"product_brand":[],"product_cat":[1042,1062],"product_tag":[],"class_list":{"0":"post-4302","1":"product","2":"type-product","3":"status-publish","4":"has-post-thumbnail","6":"product_cat-elektro-omarica-razdelilec","7":"product_cat-oprema-za-delavnice-delovne-mize-ponki","9":"first","10":"instock","11":"shipping-taxable","12":"purchasable","13":"product-type-simple"},"_links":{"self":[{"href":"https:\/\/www.depoles.com\/hr\/wp-json\/wp\/v2\/product\/4302","targetHints":{"allow":["GET"]}}],"collection":[{"href":"https:\/\/www.depoles.com\/hr\/wp-json\/wp\/v2\/product"}],"about":[{"href":"https:\/\/www.depoles.com\/hr\/wp-json\/wp\/v2\/types\/product"}],"wp:featuredmedia":[{"embeddable":true,"href":"https:\/\/www.depoles.com\/hr\/wp-json\/wp\/v2\/media\/4303"}],"wp:attachment":[{"href":"https:\/\/www.depoles.com\/hr\/wp-json\/wp\/v2\/media?parent=4302"}],"wp:term":[{"taxonomy":"product_brand","embeddable":true,"href":"https:\/\/www.depoles.com\/hr\/wp-json\/wp\/v2\/product_brand?post=4302"},{"taxonomy":"product_cat","embeddable":true,"href":"https:\/\/www.depoles.com\/hr\/wp-json\/wp\/v2\/product_cat?post=4302"},{"taxonomy":"product_tag","embeddable":true,"href":"https:\/\/www.depoles.com\/hr\/wp-json\/wp\/v2\/product_tag?post=4302"}],"curies":[{"name":"wp","href":"https:\/\/api.w.org\/{rel}","templated":true}]}}