{"id":4304,"date":"2019-11-22T12:56:43","date_gmt":"2019-11-22T11:56:43","guid":{"rendered":"https:\/\/nova.depoles.com\/trgovina\/elektricni-kabelski-koluti-ekr10m_230v\/"},"modified":"2026-03-06T14:01:36","modified_gmt":"2026-03-06T13:01:36","slug":"elektricni-kabelski-koluti-ekr10m_230v","status":"publish","type":"product","link":"https:\/\/www.depoles.com\/hr\/trgovina\/elektricni-kabelski-koluti-ekr10m_230v\/","title":{"rendered":"Elektri\u010dni kabelski koluti EKR10M_230V"},"content":{"rendered":"<p><strong>Specifikacija izdelka<\/strong><\/p>\n<ul>\n<li><strong>Motor:<\/strong>\n<ul>\n<li>Razred za\u0161\u010dite: IP20<\/li>\n<\/ul>\n<\/li>\n<li><strong>Dimenzije:<\/strong>\n<ul>\n<li>Skupne dimenzije (\u0160 x V x G): 330 x 160 x 260 mm<\/li>\n<\/ul>\n<\/li>\n<li><strong>Kolut za cev:<\/strong>\n<ul>\n<li>Material kabla: Guma \/ rubber H05VV-F3G1.5<\/li>\n<li>Dol\u017eina kabla: 10 m + 1 m<\/li>\n<\/ul>\n<\/li>\n<li><strong>Te\u017ea:<\/strong>\n<ul>\n<li>Bruto te\u017ea: 3,60 kg<\/li>\n<li>Netto te\u017ea: 3,40 kg<\/li>\n<\/ul>\n<\/li>\n<li><strong>Embala\u017ea:<\/strong>\n<ul>\n<li>\u0160irina embala\u017ee: 150 mm<\/li>\n<li>Dol\u017eina embala\u017ee: 340 mm<\/li>\n<li>Vi\u0161ina embala\u017ee: 300 mm<\/li>\n<\/ul>\n<\/li>\n<li><strong>Splo\u0161ni podatki:<\/strong>\n<ul>\n<li>EAN koda: 9120058377747<\/li>\n<\/ul>\n<\/li>\n<\/ul>\n","protected":false},"excerpt":{"rendered":"<h3>Poudarki izdelka<\/h3>\n<p>Izdelek vklju\u010duje vse potrebne sestavne dele za monta\u017eo z nagibom in poseben vodilni sistem. Opremljen je z 10 m + 1 m kakovostnim elektro gumijastim kablom ter trdnim ohi\u0161jem. Zagotavlja prenosno toplotno za\u0161\u010dito pri 56 \u00b0C \u00b1 5 \u00b0C in omogo\u010da maksimalno obremenitev 1500 W pri naviti ter 3200 W pri odviti rani.<\/p>\n<ul>\n<li>Vse sestavne dele za monta\u017eo (nagib)<\/li>\n<li>Poseben vodilni sistem<\/li>\n<li>10 m + 1 m kvaliteten elektro gumijast kabel<\/li>\n<li>Trdno ohi\u0161je<\/li>\n<li>Prenosna toplotna za\u0161\u010dita 56 \u00b0C \u00b1 5 \u00b0C<\/li>\n<li>Maksimalna obremenitvena rana: navita 1500 W, odvita 3200 W<\/li>\n<\/ul>\n<p><strong>Vklju\u010deno v dostavo:<\/strong> monta\u017ea na steno<\/p>\n","protected":false},"featured_media":4305,"template":"","meta":[],"product_brand":[],"product_cat":[1042,1062],"product_tag":[],"class_list":{"0":"post-4304","1":"product","2":"type-product","3":"status-publish","4":"has-post-thumbnail","6":"product_cat-elektro-omarica-razdelilec","7":"product_cat-oprema-za-delavnice-delovne-mize-ponki","9":"first","10":"instock","11":"shipping-taxable","12":"purchasable","13":"product-type-simple"},"_links":{"self":[{"href":"https:\/\/www.depoles.com\/hr\/wp-json\/wp\/v2\/product\/4304","targetHints":{"allow":["GET"]}}],"collection":[{"href":"https:\/\/www.depoles.com\/hr\/wp-json\/wp\/v2\/product"}],"about":[{"href":"https:\/\/www.depoles.com\/hr\/wp-json\/wp\/v2\/types\/product"}],"wp:featuredmedia":[{"embeddable":true,"href":"https:\/\/www.depoles.com\/hr\/wp-json\/wp\/v2\/media\/4305"}],"wp:attachment":[{"href":"https:\/\/www.depoles.com\/hr\/wp-json\/wp\/v2\/media?parent=4304"}],"wp:term":[{"taxonomy":"product_brand","embeddable":true,"href":"https:\/\/www.depoles.com\/hr\/wp-json\/wp\/v2\/product_brand?post=4304"},{"taxonomy":"product_cat","embeddable":true,"href":"https:\/\/www.depoles.com\/hr\/wp-json\/wp\/v2\/product_cat?post=4304"},{"taxonomy":"product_tag","embeddable":true,"href":"https:\/\/www.depoles.com\/hr\/wp-json\/wp\/v2\/product_tag?post=4304"}],"curies":[{"name":"wp","href":"https:\/\/api.w.org\/{rel}","templated":true}]}}