{"id":4306,"date":"2019-11-22T12:56:42","date_gmt":"2019-11-22T11:56:42","guid":{"rendered":"https:\/\/nova.depoles.com\/trgovina\/magnetni-profil-za-noze-za-skobljanje-2p-mel2\/"},"modified":"2026-03-18T20:20:58","modified_gmt":"2026-03-18T19:20:58","slug":"magnetni-profil-za-noze-za-skobljanje-2p-mel2","status":"publish","type":"product","link":"https:\/\/www.depoles.com\/hr\/trgovina\/magnetni-profil-za-noze-za-skobljanje-2p-mel2\/","title":{"rendered":"Magnetni nastavci za pode\u0161avanje no\u017eeva poravnava\u010da HOLZMANN \/ 2 kom. MEL2"},"content":{"rendered":"<p><strong>Tehni\u010dni podatki<\/strong><\/p>\n<table>\n<tbody>\n<tr>\n<th colspan=\"2\">Te\u017ea<\/th>\n<\/tr>\n<tr>\n<td>Bruto te\u017ea (kg)<\/td>\n<td>0,60<\/td>\n<\/tr>\n<tr>\n<td>Netto te\u017ea (kg)<\/td>\n<td>0,50<\/td>\n<\/tr>\n<tr>\n<th colspan=\"2\">Embala\u017ea<\/th>\n<\/tr>\n<tr>\n<td>Dol\u017eina embala\u017ee (mm)<\/td>\n<td>150<\/td>\n<\/tr>\n<tr>\n<td>\u0160irina embala\u017ee (mm)<\/td>\n<td>120<\/td>\n<\/tr>\n<tr>\n<td>Vi\u0161ina embala\u017ee (mm)<\/td>\n<td>45<\/td>\n<\/tr>\n<tr>\n<th colspan=\"2\">Splo\u0161ni podatki<\/th>\n<\/tr>\n<tr>\n<td>EAN koda<\/td>\n<td>9120039903170<\/td>\n<\/tr>\n<\/tbody>\n<\/table>\n","protected":false},"excerpt":{"rendered":"<h3>Poudarki<\/h3>\n<p>Pripomo\u010dek za hitro, enostavno in natan\u010dno vstavljanje skobeljnim no\u017eem. Primeren za razli\u010dne premere skobeljnih glav, z enostavnim rokovanjem in nastavitvami.<\/p>\n<ul>\n<li>Hitro, enostavno in natan\u010dno vstavljanje skobeljnim no\u017eem<\/li>\n<li>Primeren za razli\u010dne premere skobeljnih glav<\/li>\n<li>Enostavno rokovanje in nastavitve<\/li>\n<li>V kompletu 2 merilca v leseni \u0161katli<\/li>\n<\/ul>\n","protected":false},"featured_media":4307,"template":"","meta":[],"product_brand":[],"product_cat":[1042,1062,1031],"product_tag":[],"class_list":{"0":"post-4306","1":"product","2":"type-product","3":"status-publish","4":"has-post-thumbnail","6":"product_cat-elektro-omarica-razdelilec","7":"product_cat-oprema-za-delavnice-delovne-mize-ponki","8":"product_cat-poravnalke-debelinke","10":"first","11":"instock","12":"shipping-taxable","13":"purchasable","14":"product-type-simple"},"_links":{"self":[{"href":"https:\/\/www.depoles.com\/hr\/wp-json\/wp\/v2\/product\/4306","targetHints":{"allow":["GET"]}}],"collection":[{"href":"https:\/\/www.depoles.com\/hr\/wp-json\/wp\/v2\/product"}],"about":[{"href":"https:\/\/www.depoles.com\/hr\/wp-json\/wp\/v2\/types\/product"}],"wp:featuredmedia":[{"embeddable":true,"href":"https:\/\/www.depoles.com\/hr\/wp-json\/wp\/v2\/media\/4307"}],"wp:attachment":[{"href":"https:\/\/www.depoles.com\/hr\/wp-json\/wp\/v2\/media?parent=4306"}],"wp:term":[{"taxonomy":"product_brand","embeddable":true,"href":"https:\/\/www.depoles.com\/hr\/wp-json\/wp\/v2\/product_brand?post=4306"},{"taxonomy":"product_cat","embeddable":true,"href":"https:\/\/www.depoles.com\/hr\/wp-json\/wp\/v2\/product_cat?post=4306"},{"taxonomy":"product_tag","embeddable":true,"href":"https:\/\/www.depoles.com\/hr\/wp-json\/wp\/v2\/product_tag?post=4306"}],"curies":[{"name":"wp","href":"https:\/\/api.w.org\/{rel}","templated":true}]}}