{"id":4311,"date":"2019-11-22T12:56:41","date_gmt":"2019-11-22T11:56:41","guid":{"rendered":"https:\/\/nova.depoles.com\/trgovina\/elektricna-zicna-vrv-dvigalo-500kg-esz500d_230v\/"},"modified":"2025-12-17T23:50:21","modified_gmt":"2025-12-17T22:50:21","slug":"elektricna-zicna-vrv-dvigalo-500kg-esz500d_230v","status":"publish","type":"product","link":"https:\/\/www.depoles.com\/hr\/trgovina\/elektricna-zicna-vrv-dvigalo-500kg-esz500d_230v\/","title":{"rendered":"Elektri\u010dna \u017ei\u010dana sajla dizalica 500kg ESZ500D_230V"},"content":{"rendered":"<p><strong>Specifikacije izdelka<\/strong><\/p>\n<ul>\n<li><strong>Motor<\/strong>\n<ul>\n<li>Mo\u010d motorja S1: 900 W (S3 25%)<\/li>\n<li>Napetost: 230 V, 50 Hz<\/li>\n<\/ul>\n<\/li>\n<li><strong>Te\u017ea<\/strong>\n<ul>\n<li>Bruto te\u017ea: 17 kg<\/li>\n<li>Netto te\u017ea: 16,5 kg<\/li>\n<\/ul>\n<\/li>\n<li><strong>Embala\u017ea<\/strong>\n<ul>\n<li>\u0160irina embala\u017ee: 157 mm<\/li>\n<li>Dol\u017eina embala\u017ee: 377 mm<\/li>\n<li>Vi\u0161ina embala\u017ee: 250 mm<\/li>\n<\/ul>\n<\/li>\n<li><strong>Splo\u0161ni podatki<\/strong>\n<ul>\n<li>EAN koda: 9120058376146<\/li>\n<\/ul>\n<\/li>\n<\/ul>\n","protected":false},"excerpt":{"rendered":"<h3> poudarja <\/h3>\n<p><p> Elektri\u010dna kabelska dvigala, idealna za dvigovanje in premikanje tovora. <\/p>\n<ul>\n<li> dolg operacijski kabel <\/li>\n<li> prevle\u010dena jeklena plo\u010devina <\/li>\n<li> ohi\u0161je motorja in menjalnika alu-die-cast <\/li>\n<li> obremenitev <br \/> maks. 250 kg pri max. 12 m <br \/> maks. 500 kg pri max. 6 m <\/li>\n<li> 4,2 mm jeklena vrv, 1770 N \/ mm\u00b2 <\/li>\n<\/ul>\n","protected":false},"featured_media":4312,"template":"","meta":[],"product_brand":[],"product_cat":[1042,1062],"product_tag":[],"class_list":{"0":"post-4311","1":"product","2":"type-product","3":"status-publish","4":"has-post-thumbnail","6":"product_cat-elektro-omarica-razdelilec","7":"product_cat-oprema-za-delavnice-delovne-mize-ponki","9":"first","10":"instock","11":"shipping-taxable","12":"purchasable","13":"product-type-simple"},"_links":{"self":[{"href":"https:\/\/www.depoles.com\/hr\/wp-json\/wp\/v2\/product\/4311","targetHints":{"allow":["GET"]}}],"collection":[{"href":"https:\/\/www.depoles.com\/hr\/wp-json\/wp\/v2\/product"}],"about":[{"href":"https:\/\/www.depoles.com\/hr\/wp-json\/wp\/v2\/types\/product"}],"wp:featuredmedia":[{"embeddable":true,"href":"https:\/\/www.depoles.com\/hr\/wp-json\/wp\/v2\/media\/4312"}],"wp:attachment":[{"href":"https:\/\/www.depoles.com\/hr\/wp-json\/wp\/v2\/media?parent=4311"}],"wp:term":[{"taxonomy":"product_brand","embeddable":true,"href":"https:\/\/www.depoles.com\/hr\/wp-json\/wp\/v2\/product_brand?post=4311"},{"taxonomy":"product_cat","embeddable":true,"href":"https:\/\/www.depoles.com\/hr\/wp-json\/wp\/v2\/product_cat?post=4311"},{"taxonomy":"product_tag","embeddable":true,"href":"https:\/\/www.depoles.com\/hr\/wp-json\/wp\/v2\/product_tag?post=4311"}],"curies":[{"name":"wp","href":"https:\/\/api.w.org\/{rel}","templated":true}]}}