{"id":4317,"date":"2019-11-22T12:56:36","date_gmt":"2019-11-22T11:56:36","guid":{"rendered":"https:\/\/nova.depoles.com\/trgovina\/mokro-in-suho-cistilo-nts30l_230v\/"},"modified":"2025-12-17T16:00:37","modified_gmt":"2025-12-17T15:00:37","slug":"mokro-in-suho-cistilo-nts30l_230v","status":"publish","type":"product","link":"https:\/\/www.depoles.com\/hr\/trgovina\/mokro-in-suho-cistilo-nts30l_230v\/","title":{"rendered":"Usisava\u010d vakuumski mokro i suho NTS30L_230V"},"content":{"rendered":"<p><strong>Tehni\u010dni podatki:<\/strong><\/p>\n<ul>\n<li><strong>Motor:<\/strong>\n<ul>\n<li>Napetost: 230V \/ 50Hz<\/li>\n<li>Mo\u010d motorja (S1): 1400 W<\/li>\n<li>Dol\u017eina kabla: 4 m<\/li>\n<li>Razred za\u0161\u010dite: IPX4<\/li>\n<\/ul>\n<\/li>\n<li><strong>Zbiralci prahu:<\/strong>\n<ul>\n<li>Podtlak: &gt;18 kPa<\/li>\n<\/ul>\n<\/li>\n<li><strong>Raven hrupa in vibracije:<\/strong>\n<ul>\n<li>Raven zvo\u010dnega tlaka: &lt;80 dB(A)<\/li>\n<\/ul>\n<\/li>\n<li><strong>Te\u017ea:<\/strong>\n<ul>\n<li>Bruto te\u017ea: 11 kg<\/li>\n<li>Netto te\u017ea: 10,30 kg<\/li>\n<\/ul>\n<\/li>\n<li><strong>Embal\u017ea:<\/strong>\n<ul>\n<li>\u0160irina embala\u017ee: 390 mm<\/li>\n<li>Dol\u017eina embala\u017ee: 400 mm<\/li>\n<li>Vi\u0161ina embala\u017ee: 790 mm<\/li>\n<\/ul>\n<\/li>\n<li><strong>Splo\u0161ni podatki:<\/strong>\n<ul>\n<li>EAN koda: 9120058377624<\/li>\n<\/ul>\n<\/li>\n<\/ul>\n","protected":false},"excerpt":{"rendered":"<h3>Glavne zna\u010dilnosti<\/h3>\n<ul>\n<li>Mokri in suhi sesalnik z 30-litrskim rezervoarjem iz nerjave\u010dega jekla.<\/li>\n<li>Samodejna vti\u010dnica za elektri\u010dno orodje (start\/stop) z najve\u010djo dovoljeno mo\u010djo 2000 W.<\/li>\n<li>Vklju\u010dene 3 \u0161obe za razli\u010dne povr\u0161ine (preproge, gladka tla).<\/li>\n<li>2 m dolga cev in nastavljiva jeklena cev.<\/li>\n<li>Opremljen s kolesi za enostavno premikanje.<\/li>\n<\/ul>\n","protected":false},"featured_media":4318,"template":"","meta":[],"product_brand":[],"product_cat":[1042,1062],"product_tag":[],"class_list":{"0":"post-4317","1":"product","2":"type-product","3":"status-publish","4":"has-post-thumbnail","6":"product_cat-elektro-omarica-razdelilec","7":"product_cat-oprema-za-delavnice-delovne-mize-ponki","9":"first","10":"instock","11":"shipping-taxable","12":"purchasable","13":"product-type-simple"},"_links":{"self":[{"href":"https:\/\/www.depoles.com\/hr\/wp-json\/wp\/v2\/product\/4317","targetHints":{"allow":["GET"]}}],"collection":[{"href":"https:\/\/www.depoles.com\/hr\/wp-json\/wp\/v2\/product"}],"about":[{"href":"https:\/\/www.depoles.com\/hr\/wp-json\/wp\/v2\/types\/product"}],"wp:featuredmedia":[{"embeddable":true,"href":"https:\/\/www.depoles.com\/hr\/wp-json\/wp\/v2\/media\/4318"}],"wp:attachment":[{"href":"https:\/\/www.depoles.com\/hr\/wp-json\/wp\/v2\/media?parent=4317"}],"wp:term":[{"taxonomy":"product_brand","embeddable":true,"href":"https:\/\/www.depoles.com\/hr\/wp-json\/wp\/v2\/product_brand?post=4317"},{"taxonomy":"product_cat","embeddable":true,"href":"https:\/\/www.depoles.com\/hr\/wp-json\/wp\/v2\/product_cat?post=4317"},{"taxonomy":"product_tag","embeddable":true,"href":"https:\/\/www.depoles.com\/hr\/wp-json\/wp\/v2\/product_tag?post=4317"}],"curies":[{"name":"wp","href":"https:\/\/api.w.org\/{rel}","templated":true}]}}