{"id":4320,"date":"2019-11-22T12:56:31","date_gmt":"2019-11-22T11:56:31","guid":{"rendered":"https:\/\/nova.depoles.com\/trgovina\/vecfunkcijska-delovna-miza-mfs4in1\/"},"modified":"2026-02-12T13:57:40","modified_gmt":"2026-02-12T12:57:40","slug":"vecfunkcijska-delovna-miza-mfs4in1","status":"publish","type":"product","link":"https:\/\/www.depoles.com\/hr\/trgovina\/vecfunkcijska-delovna-miza-mfs4in1\/","title":{"rendered":"Vi\u0161enamjenski radni stol MFS4IN1"},"content":{"rendered":"<p><strong>Tehni\u010dni podatki<\/strong><\/p>\n<ul>\n<li><strong>Dimenzije (\u0161irina x globina x vi\u0161ina):<\/strong> 670 x 750 x 830-1275 mm<\/li>\n<li><strong>Te\u017ea:<\/strong>\n<ul>\n<li>Bruto te\u017ea: 12,70 kg<\/li>\n<li>Neto te\u017ea: 11,80 kg<\/li>\n<\/ul>\n<\/li>\n<li><strong>Embala\u017ea:<\/strong>\n<ul>\n<li>\u0160irina embala\u017ee: 230 mm<\/li>\n<li>Dol\u017eina embala\u017ee: 770 mm<\/li>\n<li>Vi\u0161ina embala\u017ee: 178 mm<\/li>\n<\/ul>\n<\/li>\n<li><strong>Splo\u0161ni podatki:<\/strong>\n<ul>\n<li>EAN koda: 9120058377372<\/li>\n<\/ul>\n<\/li>\n<\/ul>\n","protected":false},"excerpt":{"rendered":"<h3>Poudarki izdelka<\/h3>\n<p>Ve\u010dfunkcijska delovna miza z nastavljivo vi\u0161ino zdru\u017euje \u0161tiri funkcije in omogo\u010da mo\u010dno podporo za razli\u010dne obremenitve:<\/p>\n<ul>\n<li>Stacionarna podpora do 200 kg<\/li>\n<li>Podpora za valje do 100 kg<\/li>\n<li>Podpora za \u017eogo do 100 kg<\/li>\n<li>V-podpora do 50 kg<\/li>\n<\/ul>\n","protected":false},"featured_media":4321,"template":"","meta":[],"product_brand":[],"product_cat":[1042,1062],"product_tag":[],"class_list":{"0":"post-4320","1":"product","2":"type-product","3":"status-publish","4":"has-post-thumbnail","6":"product_cat-elektro-omarica-razdelilec","7":"product_cat-oprema-za-delavnice-delovne-mize-ponki","9":"first","10":"instock","11":"shipping-taxable","12":"purchasable","13":"product-type-simple"},"_links":{"self":[{"href":"https:\/\/www.depoles.com\/hr\/wp-json\/wp\/v2\/product\/4320","targetHints":{"allow":["GET"]}}],"collection":[{"href":"https:\/\/www.depoles.com\/hr\/wp-json\/wp\/v2\/product"}],"about":[{"href":"https:\/\/www.depoles.com\/hr\/wp-json\/wp\/v2\/types\/product"}],"wp:featuredmedia":[{"embeddable":true,"href":"https:\/\/www.depoles.com\/hr\/wp-json\/wp\/v2\/media\/4321"}],"wp:attachment":[{"href":"https:\/\/www.depoles.com\/hr\/wp-json\/wp\/v2\/media?parent=4320"}],"wp:term":[{"taxonomy":"product_brand","embeddable":true,"href":"https:\/\/www.depoles.com\/hr\/wp-json\/wp\/v2\/product_brand?post=4320"},{"taxonomy":"product_cat","embeddable":true,"href":"https:\/\/www.depoles.com\/hr\/wp-json\/wp\/v2\/product_cat?post=4320"},{"taxonomy":"product_tag","embeddable":true,"href":"https:\/\/www.depoles.com\/hr\/wp-json\/wp\/v2\/product_tag?post=4320"}],"curies":[{"name":"wp","href":"https:\/\/api.w.org\/{rel}","templated":true}]}}