{"id":4323,"date":"2019-11-22T12:56:30","date_gmt":"2019-11-22T11:56:30","guid":{"rendered":"https:\/\/nova.depoles.com\/trgovina\/elektricna-zicna-vrv-dvigalo-1000kg-esz1000d_230v\/"},"modified":"2026-02-12T13:35:19","modified_gmt":"2026-02-12T12:35:19","slug":"elektricna-zicna-vrv-dvigalo-1000kg-esz1000d_230v","status":"publish","type":"product","link":"https:\/\/www.depoles.com\/hr\/trgovina\/elektricna-zicna-vrv-dvigalo-1000kg-esz1000d_230v\/","title":{"rendered":"Elektri\u010dna \u017ei\u010dana u\u017ead dizalica 1000kg ESZ1000D_230V"},"content":{"rendered":"<p><strong>Specifikacije izdelka<\/strong><\/p>\n<table>\n<tbody>\n<tr>\n<th colspan=\"2\">Podatki o motorju<\/th>\n<\/tr>\n<tr>\n<td>Mo\u010d motorja S1<\/td>\n<td>1600 W S3 (25%)<\/td>\n<\/tr>\n<tr>\n<td>Napon<\/td>\n<td>230 V 50 Hz<\/td>\n<\/tr>\n<tr>\n<th colspan=\"2\">Te\u017ea<\/th>\n<\/tr>\n<tr>\n<td>Bruto te\u017ea<\/td>\n<td>33,50 kg<\/td>\n<\/tr>\n<tr>\n<td>Netto te\u017ea<\/td>\n<td>31,50 kg<\/td>\n<\/tr>\n<tr>\n<th colspan=\"2\">Embala\u017ea<\/th>\n<\/tr>\n<tr>\n<td>\u0160irina embala\u017ee<\/td>\n<td>230 mm<\/td>\n<\/tr>\n<tr>\n<td>Dol\u017eina embala\u017ee<\/td>\n<td>547 mm<\/td>\n<\/tr>\n<tr>\n<td>Vi\u0161ina embala\u017ee<\/td>\n<td>308 mm<\/td>\n<\/tr>\n<tr>\n<th colspan=\"2\">Splo\u0161ni podatki<\/th>\n<\/tr>\n<tr>\n<td>EAN koda<\/td>\n<td>9120058376153<\/td>\n<\/tr>\n<\/tbody>\n<\/table>\n","protected":false},"excerpt":{"rendered":"<h3>Poudarki<\/h3>\n<p>Elektri\u010dna kabelska dvigala so idealna za dvigovanje in premikanje tovora. Njihove glavne zna\u010dilnosti so:<\/p>\n<ul>\n<li>dolg operacijski kabel<\/li>\n<li>prevle\u010dena jeklena plo\u010devina<\/li>\n<li>ohi\u0161je motorja in menjalnika iz aluminijaste litine<\/li>\n<li>obremenitev: maks. 500 kg pri max. 12 m, maks. 1000 kg pri max. 6 m<\/li>\n<li>5,6 mm jeklena vrv z natezno trdnostjo 1770 N\/mm\u00b2<\/li>\n<\/ul>\n","protected":false},"featured_media":4324,"template":"","meta":[],"product_brand":[],"product_cat":[1042,1062],"product_tag":[],"class_list":{"0":"post-4323","1":"product","2":"type-product","3":"status-publish","4":"has-post-thumbnail","6":"product_cat-elektro-omarica-razdelilec","7":"product_cat-oprema-za-delavnice-delovne-mize-ponki","9":"first","10":"instock","11":"shipping-taxable","12":"purchasable","13":"product-type-simple"},"_links":{"self":[{"href":"https:\/\/www.depoles.com\/hr\/wp-json\/wp\/v2\/product\/4323","targetHints":{"allow":["GET"]}}],"collection":[{"href":"https:\/\/www.depoles.com\/hr\/wp-json\/wp\/v2\/product"}],"about":[{"href":"https:\/\/www.depoles.com\/hr\/wp-json\/wp\/v2\/types\/product"}],"wp:featuredmedia":[{"embeddable":true,"href":"https:\/\/www.depoles.com\/hr\/wp-json\/wp\/v2\/media\/4324"}],"wp:attachment":[{"href":"https:\/\/www.depoles.com\/hr\/wp-json\/wp\/v2\/media?parent=4323"}],"wp:term":[{"taxonomy":"product_brand","embeddable":true,"href":"https:\/\/www.depoles.com\/hr\/wp-json\/wp\/v2\/product_brand?post=4323"},{"taxonomy":"product_cat","embeddable":true,"href":"https:\/\/www.depoles.com\/hr\/wp-json\/wp\/v2\/product_cat?post=4323"},{"taxonomy":"product_tag","embeddable":true,"href":"https:\/\/www.depoles.com\/hr\/wp-json\/wp\/v2\/product_tag?post=4323"}],"curies":[{"name":"wp","href":"https:\/\/api.w.org\/{rel}","templated":true}]}}