{"id":4337,"date":"2019-11-22T12:56:20","date_gmt":"2019-11-22T11:56:20","guid":{"rendered":"https:\/\/nova.depoles.com\/trgovina\/sesalec-vakumski-za-suho-in-mokro-nts-30l_smart_230v\/"},"modified":"2026-02-12T13:55:01","modified_gmt":"2026-02-12T12:55:01","slug":"sesalec-vakumski-za-suho-in-mokro-nts-30l_smart_230v","status":"publish","type":"product","link":"https:\/\/www.depoles.com\/hr\/trgovina\/sesalec-vakumski-za-suho-in-mokro-nts-30l_smart_230v\/","title":{"rendered":"Usisava\u010d vakuumski za suho i mokro NTS 30L_SMART_230V"},"content":{"rendered":"<p><strong>Specifikacije izdelka<\/strong><\/p>\n<table>\n<tr>\n<th colspan=\"2\">Podatki o motorju<\/th>\n<\/tr>\n<tr>\n<td>Mo\u010d motorja S1 (W)<\/td>\n<td>1600<\/td>\n<\/tr>\n<tr>\n<td>Dol\u017eina kabla<\/td>\n<td>4 m<\/td>\n<\/tr>\n<tr>\n<td>Razred za\u0161\u010dite<\/td>\n<td>IPX4<\/td>\n<\/tr>\n<tr>\n<th colspan=\"2\">Sesalniki za prah<\/th>\n<\/tr>\n<tr>\n<td>Negativni tlak (Pa)<\/td>\n<td>&gt;18 kPa<\/td>\n<\/tr>\n<tr>\n<th colspan=\"2\">Raven glasnosti in vibracije<\/th>\n<\/tr>\n<tr>\n<td>Raven zvo\u010dne mo\u010di (dB(A))<\/td>\n<td>&lt;80<\/td>\n<\/tr>\n<tr>\n<th colspan=\"2\">Te\u017ea<\/th>\n<\/tr>\n<tr>\n<td>Bruto te\u017ea (kg)<\/td>\n<td>16,50<\/td>\n<\/tr>\n<tr>\n<td>Netto te\u017ea (kg)<\/td>\n<td>13,50<\/td>\n<\/tr>\n<tr>\n<th colspan=\"2\">Embala\u017ea<\/th>\n<\/tr>\n<tr>\n<td>\u0160irina embala\u017ee (mm)<\/td>\n<td>375<\/td>\n<\/tr>\n<tr>\n<td>Dol\u017eina embala\u017ee (mm)<\/td>\n<td>600<\/td>\n<\/tr>\n<tr>\n<td>Vi\u0161ina embala\u017ee (mm)<\/td>\n<td>575<\/td>\n<\/tr>\n<tr>\n<th colspan=\"2\">Splo\u0161ni podatki<\/th>\n<\/tr>\n<tr>\n<td>EAN koda<\/td>\n<td>9120058377617<\/td>\n<\/tr>\n<\/table>\n","protected":false},"excerpt":{"rendered":"<h3>vakumski sesalec NTS 30 L SMART<\/h3>\n<ul>\n<li>Naprava zdru\u017euje nekaj na\u010dinov delovanja: trojni na\u010din \u010di\u0161\u010denja izhodnega zraka; na\u010din suhega sesanja; na\u010din mokrega sesanja; funkcija \u010di\u0161\u010denja za HEPA-filter; in na\u010din puhanja zraka.<\/li>\n<li>plasti\u010dni rezervoar s prostornino 30 l<\/li>\n<li>Avtomatska vti\u010dnica za elektri\u010dno orodje za zagon \/ zaustavitev do 2000 W priklju\u010dene obremenitve<\/li>\n<li>stalno nastavitev hitrosti<\/li>\n<li>2m sesalna cev in jeklena cev z nastavljivo dol\u017eino<\/li>\n<li>s kolesi za la\u017eji transport<\/li>\n<li>Vklj. velika kombinirana \u0161oba za preprogo in tla; gobica-filter; HEPA filter, adapter za sesalnik, \u0161oba za krta\u010do in vre\u010da za prah<\/li>\n<\/ul>\n","protected":false},"featured_media":2307,"template":"","meta":[],"product_brand":[],"product_cat":[1042,1062,1035,1012],"product_tag":[],"class_list":{"0":"post-4337","1":"product","2":"type-product","3":"status-publish","4":"has-post-thumbnail","6":"product_cat-elektro-omarica-razdelilec","7":"product_cat-oprema-za-delavnice-delovne-mize-ponki","8":"product_cat-sesalci","9":"product_cat-stroji-za-les","11":"first","12":"instock","13":"shipping-taxable","14":"purchasable","15":"product-type-simple"},"_links":{"self":[{"href":"https:\/\/www.depoles.com\/hr\/wp-json\/wp\/v2\/product\/4337","targetHints":{"allow":["GET"]}}],"collection":[{"href":"https:\/\/www.depoles.com\/hr\/wp-json\/wp\/v2\/product"}],"about":[{"href":"https:\/\/www.depoles.com\/hr\/wp-json\/wp\/v2\/types\/product"}],"wp:featuredmedia":[{"embeddable":true,"href":"https:\/\/www.depoles.com\/hr\/wp-json\/wp\/v2\/media\/2307"}],"wp:attachment":[{"href":"https:\/\/www.depoles.com\/hr\/wp-json\/wp\/v2\/media?parent=4337"}],"wp:term":[{"taxonomy":"product_brand","embeddable":true,"href":"https:\/\/www.depoles.com\/hr\/wp-json\/wp\/v2\/product_brand?post=4337"},{"taxonomy":"product_cat","embeddable":true,"href":"https:\/\/www.depoles.com\/hr\/wp-json\/wp\/v2\/product_cat?post=4337"},{"taxonomy":"product_tag","embeddable":true,"href":"https:\/\/www.depoles.com\/hr\/wp-json\/wp\/v2\/product_tag?post=4337"}],"curies":[{"name":"wp","href":"https:\/\/api.w.org\/{rel}","templated":true}]}}