{"id":4344,"date":"2019-11-22T12:56:14","date_gmt":"2019-11-22T11:56:14","guid":{"rendered":"https:\/\/nova.depoles.com\/trgovina\/sesalec-vakumski-za-mokro-in-suho-nts60l\/"},"modified":"2026-02-12T13:55:48","modified_gmt":"2026-02-12T12:55:48","slug":"sesalec-vakumski-za-mokro-in-suho-nts60l","status":"publish","type":"product","link":"https:\/\/www.depoles.com\/hr\/trgovina\/sesalec-vakumski-za-mokro-in-suho-nts60l\/","title":{"rendered":"Usisava\u010d vakuumski za mokro i suho NTS60L_230V"},"content":{"rendered":"<p><strong>Tehni\u010dni podatki<\/strong><\/p>\n<ul>\n<li><strong>Motor:<\/strong>\n<ul>\n<li>Mo\u010d motorja S1: 1400 W<\/li>\n<li>Napetost: 230V \/ 50-60Hz<\/li>\n<li>Dol\u017eina kabla: 4 m<\/li>\n<li>Razred za\u0161\u010dite: IPX4<\/li>\n<\/ul>\n<\/li>\n<li><strong>Zbiralci prahu:<\/strong>\n<ul>\n<li>Podtlak: &gt;18 kPa<\/li>\n<\/ul>\n<\/li>\n<li><strong>Raven glasnosti in vibracije:<\/strong>\n<ul>\n<li>Raven zvo\u010dne mo\u010di: &lt;80 dB(A)<\/li>\n<\/ul>\n<\/li>\n<li><strong>Te\u017ea:<\/strong>\n<ul>\n<li>Bruto te\u017ea: 14,50 kg<\/li>\n<li>Netto te\u017ea: 12,70 kg<\/li>\n<\/ul>\n<\/li>\n<li><strong>Embal\u017ea\u017ea:<\/strong>\n<ul>\n<li>\u0160irina: 450 mm<\/li>\n<li>Dol\u017eina: 470 mm<\/li>\n<li>Vi\u0161ina: 800 mm<\/li>\n<\/ul>\n<\/li>\n<li><strong>Splo\u0161ni podatki:<\/strong>\n<ul>\n<li>EAN koda: 9120058377631<\/li>\n<\/ul>\n<\/li>\n<\/ul>\n","protected":false},"excerpt":{"rendered":"<h3>Opis izdelka<\/h3>\n<p>Mokri in suhi sesalnik z 60-litrskim rezervoarjem iz nerjave\u010dega jekla omogo\u010da u\u010dinkovito \u010di\u0161\u010denje razli\u010dnih povr\u0161in. Opremljen je s samodejno vti\u010dnico za elektri\u010dno orodje (start\/stop) za naprave do 2000 W, kar olaj\u0161a delo brez dodatnih priklju\u010dkov.<\/p>\n<ul>\n<li>Vklju\u010duje tri razli\u010dne \u0161obe za preproge, gladka tla in druge povr\u0161ine<\/li>\n<li>2 m dolg sesalni cevnik (\u00f832 mm) ter jeklena cev z nastavljivo dol\u017eino<\/li>\n<li>Opremljen s kolesi za enostavno premikanje<\/li>\n<\/ul>\n","protected":false},"featured_media":4345,"template":"","meta":[],"product_brand":[],"product_cat":[1042,1062],"product_tag":[],"class_list":{"0":"post-4344","1":"product","2":"type-product","3":"status-publish","4":"has-post-thumbnail","6":"product_cat-elektro-omarica-razdelilec","7":"product_cat-oprema-za-delavnice-delovne-mize-ponki","9":"first","10":"instock","11":"shipping-taxable","12":"purchasable","13":"product-type-simple"},"_links":{"self":[{"href":"https:\/\/www.depoles.com\/hr\/wp-json\/wp\/v2\/product\/4344","targetHints":{"allow":["GET"]}}],"collection":[{"href":"https:\/\/www.depoles.com\/hr\/wp-json\/wp\/v2\/product"}],"about":[{"href":"https:\/\/www.depoles.com\/hr\/wp-json\/wp\/v2\/types\/product"}],"wp:featuredmedia":[{"embeddable":true,"href":"https:\/\/www.depoles.com\/hr\/wp-json\/wp\/v2\/media\/4345"}],"wp:attachment":[{"href":"https:\/\/www.depoles.com\/hr\/wp-json\/wp\/v2\/media?parent=4344"}],"wp:term":[{"taxonomy":"product_brand","embeddable":true,"href":"https:\/\/www.depoles.com\/hr\/wp-json\/wp\/v2\/product_brand?post=4344"},{"taxonomy":"product_cat","embeddable":true,"href":"https:\/\/www.depoles.com\/hr\/wp-json\/wp\/v2\/product_cat?post=4344"},{"taxonomy":"product_tag","embeddable":true,"href":"https:\/\/www.depoles.com\/hr\/wp-json\/wp\/v2\/product_tag?post=4344"}],"curies":[{"name":"wp","href":"https:\/\/api.w.org\/{rel}","templated":true}]}}