{"id":4351,"date":"2019-11-22T12:56:12","date_gmt":"2019-11-22T11:56:12","guid":{"rendered":"https:\/\/nova.depoles.com\/trgovina\/skatla-za-orodje-wzk86crv\/"},"modified":"2025-12-17T23:51:03","modified_gmt":"2025-12-17T22:51:03","slug":"skatla-za-orodje-wzk86crv","status":"publish","type":"product","link":"https:\/\/www.depoles.com\/hr\/trgovina\/skatla-za-orodje-wzk86crv\/","title":{"rendered":"kutija za alat WZK86CRV"},"content":{"rendered":"<p><strong>Tehni\u010dni podatki<\/strong><\/p>\n<table>\n<tbody>\n<tr>\n<td><strong>Te\u017ea<\/strong><\/td>\n<td><\/td>\n<\/tr>\n<tr>\n<td>Netto te\u017ea (kg)<\/td>\n<td>14,30<\/td>\n<\/tr>\n<tr>\n<td>Bruto te\u017ea (kg)<\/td>\n<td>15,30<\/td>\n<\/tr>\n<tr>\n<td><strong>Embala\u017ea<\/strong><\/td>\n<td><\/td>\n<\/tr>\n<tr>\n<td>Dol\u017eina embala\u017ee (mm)<\/td>\n<td>540<\/td>\n<\/tr>\n<tr>\n<td>\u0160irina embala\u017ee (mm)<\/td>\n<td>245<\/td>\n<\/tr>\n<tr>\n<td>Vi\u0161ina embala\u017ee (mm)<\/td>\n<td>250<\/td>\n<\/tr>\n<tr>\n<td><strong>Splo\u0161ni podatki<\/strong><\/td>\n<td><\/td>\n<\/tr>\n<tr>\n<td>EAN koda<\/td>\n<td>9120058371646<\/td>\n<\/tr>\n<\/tbody>\n<\/table>\n","protected":false},"excerpt":{"rendered":"<h3> poudarja <\/h3>\n<ul>\n<li> 20x \u00bd &quot;dr. Vti\u010dnice (8-32 mm) <\/li>\n<li> 1x strojni\u0161ki kladivo 300g <\/li>\n<li> 1x \u00bd &quot;dr. Ratchet <\/li>\n<li> 2x \u00bd &quot;dr. Podalj\u0161ek (5&quot;, 10 &quot;) <\/li>\n<li> 1x \u00bd &quot;dr. Drsna palica (10&quot;) <\/li>\n<li> 1x \u00bd &quot;dr.univerzalni sklep <\/li>\n<li> 2x \u00bd &quot;dr. Vti\u010dnica vti\u010dnice (16\/21 mm) <\/li>\n<li> 17x klju\u010d (6-22 mm) <\/li>\n<li> 20x bit z dr\u017ealom (torx z luknjo (T10-T50) in \u0161estkotni z luknjo (2-10mm)) <\/li>\n<li> 1x ro\u010daj izvija\u010da <\/li>\n<li> 8x \u0161estnajsta klju\u010dna krogli\u010dna glava (1,5-10 mm) <\/li>\n<li> 1x diagonalno kle\u0161\u010de 150mm <\/li>\n<li> 1x dalj\u0161i kle\u0161\u010de 150 mm <\/li>\n<li> 1x kombinirani kle\u0161\u010de 180mm <\/li>\n<li> 1x kle\u0161\u010de za vodno \u010drpalko 240 mm <\/li>\n<li> 1x kle\u0161\u010de za zaklepanje 250 mm <\/li>\n<li> 6x izvija\u010d (re\u017ea: 3&#215;75, 4&#215;100, 6&#215;100, 8&#215;150 \/ phillips: PH1x80, PH2x100mm) <\/li>\n<li> 1x kovinsko ohi\u0161je <\/li>\n<\/ul>\n","protected":false},"featured_media":4352,"template":"","meta":[],"product_brand":[],"product_cat":[1042,1062],"product_tag":[],"class_list":{"0":"post-4351","1":"product","2":"type-product","3":"status-publish","4":"has-post-thumbnail","6":"product_cat-elektro-omarica-razdelilec","7":"product_cat-oprema-za-delavnice-delovne-mize-ponki","9":"first","10":"instock","11":"shipping-taxable","12":"purchasable","13":"product-type-simple"},"_links":{"self":[{"href":"https:\/\/www.depoles.com\/hr\/wp-json\/wp\/v2\/product\/4351","targetHints":{"allow":["GET"]}}],"collection":[{"href":"https:\/\/www.depoles.com\/hr\/wp-json\/wp\/v2\/product"}],"about":[{"href":"https:\/\/www.depoles.com\/hr\/wp-json\/wp\/v2\/types\/product"}],"wp:featuredmedia":[{"embeddable":true,"href":"https:\/\/www.depoles.com\/hr\/wp-json\/wp\/v2\/media\/4352"}],"wp:attachment":[{"href":"https:\/\/www.depoles.com\/hr\/wp-json\/wp\/v2\/media?parent=4351"}],"wp:term":[{"taxonomy":"product_brand","embeddable":true,"href":"https:\/\/www.depoles.com\/hr\/wp-json\/wp\/v2\/product_brand?post=4351"},{"taxonomy":"product_cat","embeddable":true,"href":"https:\/\/www.depoles.com\/hr\/wp-json\/wp\/v2\/product_cat?post=4351"},{"taxonomy":"product_tag","embeddable":true,"href":"https:\/\/www.depoles.com\/hr\/wp-json\/wp\/v2\/product_tag?post=4351"}],"curies":[{"name":"wp","href":"https:\/\/api.w.org\/{rel}","templated":true}]}}