{"id":4377,"date":"2019-11-22T12:55:46","date_gmt":"2019-11-22T11:55:46","guid":{"rendered":"https:\/\/nova.depoles.com\/trgovina\/5-v-1-multi-orodje-mf5in1\/"},"modified":"2026-02-12T13:55:59","modified_gmt":"2026-02-12T12:55:59","slug":"5-v-1-multi-orodje-mf5in1","status":"publish","type":"product","link":"https:\/\/www.depoles.com\/hr\/trgovina\/5-v-1-multi-orodje-mf5in1\/","title":{"rendered":"UNI stalak za strojeve 5 u 1 multi alat MF5IN1"},"content":{"rendered":"<p><strong>Specifikacije izdelka<\/strong><\/p>\n<ul>\n<li><strong>Dimenzije mize:<\/strong> 1130 x 470 mm<\/li>\n<li><strong>Vi\u0161ina mize:<\/strong> 560 \/ 800 mm<\/li>\n<li><strong>Nosilnost:<\/strong> 150 \/ 300 kg<\/li>\n<li><strong>Bruto te\u017ea:<\/strong> 20 kg<\/li>\n<li><strong>Netto te\u017ea:<\/strong> 18,50 kg<\/li>\n<li><strong>Dimenzije embala\u017ee:<\/strong><\/li>\n<ul>\n<li>Vi\u0161ina: 120 mm<\/li>\n<li>Dol\u017eina: 1200 mm<\/li>\n<li>\u0160irina: 590 mm<\/li>\n<\/ul>\n<li><strong>EAN koda:<\/strong> 9120058376078<\/li>\n<\/ul>\n","protected":false},"excerpt":{"rendered":"<h3>Poudarki izdelka<\/h3>\n<p>Ta vsestranska naprava zdru\u017euje pet funkcij v eni sami enoti, kar omogo\u010da hitro in enostavno prilagajanje glede na potrebe. Primerna je za razli\u010dne uporabe, robustna in trpe\u017ena, vklju\u010duje MDF plo\u0161\u010do ter nudi ve\u010d vhodov in izhodov za elektri\u010dno napajanje.<\/p>\n<ul>\n<li><strong>5 funkcij v eni napravi:<\/strong> delovna miza, delovna plo\u0161\u010dad\/oder, plazilci, ro\u010dni vozi\u010dki in vozi\u010dki<\/li>\n<li>Hitro in enostavno preklapljanje med funkcijami<\/li>\n<li>1x vhod 230 V in 3x izhod 230 V<\/li>\n<li>Maksimalna nosilnost delovne mize (800 mm): 150 kg<\/li>\n<li>Maksimalna nosilnost odra (560 mm): 300 kg<\/li>\n<li>Maksimalna nosilnost tovornega nosilca: 150 kg<\/li>\n<li>Robustno ogrodje dimenzij 1280x580x560 mm<\/li>\n<li>Delovna miza dimenzij 1400x580x75 mm<\/li>\n<li>Dolly dimenzij 1130x580x75 mm<\/li>\n<li>Skupni tok 16 A<\/li>\n<\/ul>\n","protected":false},"featured_media":4378,"template":"","meta":[],"product_brand":[],"product_cat":[1041,1062],"product_tag":[],"class_list":{"0":"post-4377","1":"product","2":"type-product","3":"status-publish","4":"has-post-thumbnail","6":"product_cat-oprema-za-delavnice-delovne-mize-ponki-in-police","7":"product_cat-oprema-za-delavnice-delovne-mize-ponki","9":"first","10":"instock","11":"shipping-taxable","12":"purchasable","13":"product-type-simple"},"_links":{"self":[{"href":"https:\/\/www.depoles.com\/hr\/wp-json\/wp\/v2\/product\/4377","targetHints":{"allow":["GET"]}}],"collection":[{"href":"https:\/\/www.depoles.com\/hr\/wp-json\/wp\/v2\/product"}],"about":[{"href":"https:\/\/www.depoles.com\/hr\/wp-json\/wp\/v2\/types\/product"}],"wp:featuredmedia":[{"embeddable":true,"href":"https:\/\/www.depoles.com\/hr\/wp-json\/wp\/v2\/media\/4378"}],"wp:attachment":[{"href":"https:\/\/www.depoles.com\/hr\/wp-json\/wp\/v2\/media?parent=4377"}],"wp:term":[{"taxonomy":"product_brand","embeddable":true,"href":"https:\/\/www.depoles.com\/hr\/wp-json\/wp\/v2\/product_brand?post=4377"},{"taxonomy":"product_cat","embeddable":true,"href":"https:\/\/www.depoles.com\/hr\/wp-json\/wp\/v2\/product_cat?post=4377"},{"taxonomy":"product_tag","embeddable":true,"href":"https:\/\/www.depoles.com\/hr\/wp-json\/wp\/v2\/product_tag?post=4377"}],"curies":[{"name":"wp","href":"https:\/\/api.w.org\/{rel}","templated":true}]}}