{"id":4380,"date":"2019-11-22T12:55:45","date_gmt":"2019-11-22T11:55:45","guid":{"rendered":"https:\/\/nova.depoles.com\/trgovina\/7-predalov-jeklene-omare-69x46x74cm-ww690l\/"},"modified":"2026-02-12T13:54:52","modified_gmt":"2026-02-12T12:54:52","slug":"7-predalov-jeklene-omare-69x46x74cm-ww690l","status":"publish","type":"product","link":"https:\/\/www.depoles.com\/hr\/trgovina\/7-predalov-jeklene-omare-69x46x74cm-ww690l\/","title":{"rendered":"7 ladica \u010deli\u010dnog ormara 69x46x74cm WW690L"},"content":{"rendered":"<p><strong>Tehni\u010dni podatki<\/strong><\/p>\n<ul>\n<li><strong>Dimenzije (mm):<\/strong> 688 x 458 x 875<\/li>\n<li><strong>Mobilne delavnice:<\/strong>\n<ul>\n<li>Maksimalna nosilnost predalov (kg): 25<\/li>\n<li>\u0160tevilo predalov: 7<\/li>\n<\/ul>\n<\/li>\n<li><strong>Te\u017ea:<\/strong>\n<ul>\n<li>Bruto te\u017ea (kg): 42<\/li>\n<li>Netto te\u017ea (kg): 39<\/li>\n<\/ul>\n<\/li>\n<li><strong>Embala\u017ea (mm):<\/strong>\n<ul>\n<li>Dol\u017eina: 745<\/li>\n<li>\u0160irina: 510<\/li>\n<li>Vi\u0161ina: 795<\/li>\n<\/ul>\n<\/li>\n<li><strong>Drugi podatki:<\/strong>\n<ul>\n<li>EAN koda: 9120039902456<\/li>\n<\/ul>\n<\/li>\n<\/ul>\n","protected":false},"excerpt":{"rendered":"<h3>Poudarki izdelka<\/h3>\n<p>Ta izdelek izstopa po varnosti, trdnosti in vzdr\u017eljivosti:<\/p>\n<ul>\n<li>Sistem zaklepanja zagotavlja zanesljivo za\u0161\u010dito.<\/li>\n<li>Oja\u010dana stenska konstrukcija pove\u010duje trdnost in dolgo \u017eivljenjsko dobo.<\/li>\n<li>Pra\u0161kasta barva nudi dodatno za\u0161\u010dito pred rjo in obrabo.<\/li>\n<\/ul>\n","protected":false},"featured_media":4381,"template":"","meta":[],"product_brand":[],"product_cat":[1041,1062],"product_tag":[],"class_list":{"0":"post-4380","1":"product","2":"type-product","3":"status-publish","4":"has-post-thumbnail","6":"product_cat-oprema-za-delavnice-delovne-mize-ponki-in-police","7":"product_cat-oprema-za-delavnice-delovne-mize-ponki","9":"first","10":"instock","11":"shipping-taxable","12":"purchasable","13":"product-type-simple"},"_links":{"self":[{"href":"https:\/\/www.depoles.com\/hr\/wp-json\/wp\/v2\/product\/4380","targetHints":{"allow":["GET"]}}],"collection":[{"href":"https:\/\/www.depoles.com\/hr\/wp-json\/wp\/v2\/product"}],"about":[{"href":"https:\/\/www.depoles.com\/hr\/wp-json\/wp\/v2\/types\/product"}],"wp:featuredmedia":[{"embeddable":true,"href":"https:\/\/www.depoles.com\/hr\/wp-json\/wp\/v2\/media\/4381"}],"wp:attachment":[{"href":"https:\/\/www.depoles.com\/hr\/wp-json\/wp\/v2\/media?parent=4380"}],"wp:term":[{"taxonomy":"product_brand","embeddable":true,"href":"https:\/\/www.depoles.com\/hr\/wp-json\/wp\/v2\/product_brand?post=4380"},{"taxonomy":"product_cat","embeddable":true,"href":"https:\/\/www.depoles.com\/hr\/wp-json\/wp\/v2\/product_cat?post=4380"},{"taxonomy":"product_tag","embeddable":true,"href":"https:\/\/www.depoles.com\/hr\/wp-json\/wp\/v2\/product_tag?post=4380"}],"curies":[{"name":"wp","href":"https:\/\/api.w.org\/{rel}","templated":true}]}}