{"id":4382,"date":"2019-11-22T12:55:44","date_gmt":"2019-11-22T11:55:44","guid":{"rendered":"https:\/\/nova.depoles.com\/trgovina\/skatla-za-orodje-6-predalov-70x46x89cm-ww700q\/"},"modified":"2025-12-17T23:51:26","modified_gmt":"2025-12-17T22:51:26","slug":"skatla-za-orodje-6-predalov-70x46x89cm-ww700q","status":"publish","type":"product","link":"https:\/\/www.depoles.com\/hr\/trgovina\/skatla-za-orodje-6-predalov-70x46x89cm-ww700q\/","title":{"rendered":"Kutija za alat s 6 ladicama 70x46x89cm WW700Q"},"content":{"rendered":"<p><strong>Specifikacije izdelka<\/strong><\/p>\n<ul>\n<li><strong>Dimenzije (v mm):<\/strong> 700 x 460 x 1010<\/li>\n<li><strong>Maksimalna obremenitev predalov (v kg):<\/strong> 45<\/li>\n<li><strong>\u0160tevilo predalov:<\/strong> 6<\/li>\n<li><strong>Bruto te\u017ea (v kg):<\/strong> 66<\/li>\n<li><strong>Net te\u017ea (v kg):<\/strong> 63<\/li>\n<li><strong>Dimenzije embala\u017ee (v mm):<\/strong>\n<ul>\n<li>Dol\u017eina: 760<\/li>\n<li>\u0160irina: 515<\/li>\n<li>Vi\u0161ina: 890<\/li>\n<\/ul>\n<\/li>\n<li><strong>EAN koda:<\/strong> 9120039902463<\/li>\n<\/ul>\n","protected":false},"excerpt":{"rendered":"<h3> poudarja <\/h3>\n<ul>\n<li> Sistem zaklepanja zagotavlja varno varnost. <\/li>\n<li> oja\u010dana stenska konstrukcija doda trdnost in trajnost. <\/li>\n<li> Dodelava pra\u0161kastega premaza nudi dodatno za\u0161\u010dito pred rjo in obstojnost <\/li>\n<\/ul>\n","protected":false},"featured_media":4383,"template":"","meta":[],"product_brand":[],"product_cat":[1041,1062],"product_tag":[],"class_list":{"0":"post-4382","1":"product","2":"type-product","3":"status-publish","4":"has-post-thumbnail","6":"product_cat-oprema-za-delavnice-delovne-mize-ponki-in-police","7":"product_cat-oprema-za-delavnice-delovne-mize-ponki","9":"first","10":"instock","11":"shipping-taxable","12":"purchasable","13":"product-type-simple"},"_links":{"self":[{"href":"https:\/\/www.depoles.com\/hr\/wp-json\/wp\/v2\/product\/4382","targetHints":{"allow":["GET"]}}],"collection":[{"href":"https:\/\/www.depoles.com\/hr\/wp-json\/wp\/v2\/product"}],"about":[{"href":"https:\/\/www.depoles.com\/hr\/wp-json\/wp\/v2\/types\/product"}],"wp:featuredmedia":[{"embeddable":true,"href":"https:\/\/www.depoles.com\/hr\/wp-json\/wp\/v2\/media\/4383"}],"wp:attachment":[{"href":"https:\/\/www.depoles.com\/hr\/wp-json\/wp\/v2\/media?parent=4382"}],"wp:term":[{"taxonomy":"product_brand","embeddable":true,"href":"https:\/\/www.depoles.com\/hr\/wp-json\/wp\/v2\/product_brand?post=4382"},{"taxonomy":"product_cat","embeddable":true,"href":"https:\/\/www.depoles.com\/hr\/wp-json\/wp\/v2\/product_cat?post=4382"},{"taxonomy":"product_tag","embeddable":true,"href":"https:\/\/www.depoles.com\/hr\/wp-json\/wp\/v2\/product_tag?post=4382"}],"curies":[{"name":"wp","href":"https:\/\/api.w.org\/{rel}","templated":true}]}}