{"id":4395,"date":"2019-11-22T12:55:37","date_gmt":"2019-11-22T11:55:37","guid":{"rendered":"https:\/\/nova.depoles.com\/trgovina\/stojalo-za-dvojno-stransko-posodo-za-shranjevanje-ksr94d\/"},"modified":"2026-02-12T13:48:06","modified_gmt":"2026-02-12T12:48:06","slug":"stojalo-za-dvojno-stransko-posodo-za-shranjevanje-ksr94d","status":"publish","type":"product","link":"https:\/\/www.depoles.com\/hr\/trgovina\/stojalo-za-dvojno-stransko-posodo-za-shranjevanje-ksr94d\/","title":{"rendered":"Stalak za dvostranu bo\u010dnu posudu za pohranu KSR94D"},"content":{"rendered":"<p><strong>Tehni\u010dni podatki:<\/strong><\/p>\n<ul>\n<li><strong>Dimenzije (mm):<\/strong> 940 x 590 x 1250<\/li>\n<li><strong>Mobilne delavnice:<\/strong>\n<ul>\n<li>Velikost predalov (mm): 240 x 150 x 125 (30) \/ 165 x 105 x 75 (64)<\/li>\n<li>\u0160tevilo predalov: 94<\/li>\n<\/ul>\n<\/li>\n<li><strong>Te\u017ea:<\/strong>\n<ul>\n<li>Bruto te\u017ea (kg): 33,50<\/li>\n<li>Netto te\u017ea (kg): 30,50<\/li>\n<\/ul>\n<\/li>\n<li><strong>Embala\u017ea (mm):<\/strong>\n<ul>\n<li>Dol\u017eina: 1120<\/li>\n<li>\u0160irina: 520<\/li>\n<li>Vi\u0161ina: 110<\/li>\n<\/ul>\n<\/li>\n<li><strong>Splo\u0161ni podatki:<\/strong>\n<ul>\n<li>EAN koda: 9120039909394<\/li>\n<\/ul>\n<\/li>\n<\/ul>\n","protected":false},"excerpt":{"rendered":"<h3>Poudarki izdelka<\/h3>\n<p>Komplet vsebuje 94 ko\u0161ev razli\u010dnih velikosti, ki so idealni za organizacijo delavnice ali gara\u017ee. Vklju\u010duje:<\/p>\n<ul>\n<li>30 velikih posod dimenzij 240x150x125 mm<\/li>\n<li>64 majhnih posod dimenzij 165x105x75 mm<\/li>\n<li>stojalo iz plo\u010devine z nanosom v prahu<\/li>\n<li>trajne plasti\u010dne posode v rde\u010di barvi<\/li>\n<li>posode so posami\u010dno pritrjene in odstranljive<\/li>\n<li>premi\u010dno stojalo za la\u017eji transport<\/li>\n<li>univerzalna uporaba<\/li>\n<\/ul>\n","protected":false},"featured_media":4396,"template":"","meta":[],"product_brand":[],"product_cat":[1041,1062],"product_tag":[],"class_list":{"0":"post-4395","1":"product","2":"type-product","3":"status-publish","4":"has-post-thumbnail","6":"product_cat-oprema-za-delavnice-delovne-mize-ponki-in-police","7":"product_cat-oprema-za-delavnice-delovne-mize-ponki","9":"first","10":"instock","11":"shipping-taxable","12":"purchasable","13":"product-type-simple"},"_links":{"self":[{"href":"https:\/\/www.depoles.com\/hr\/wp-json\/wp\/v2\/product\/4395","targetHints":{"allow":["GET"]}}],"collection":[{"href":"https:\/\/www.depoles.com\/hr\/wp-json\/wp\/v2\/product"}],"about":[{"href":"https:\/\/www.depoles.com\/hr\/wp-json\/wp\/v2\/types\/product"}],"wp:featuredmedia":[{"embeddable":true,"href":"https:\/\/www.depoles.com\/hr\/wp-json\/wp\/v2\/media\/4396"}],"wp:attachment":[{"href":"https:\/\/www.depoles.com\/hr\/wp-json\/wp\/v2\/media?parent=4395"}],"wp:term":[{"taxonomy":"product_brand","embeddable":true,"href":"https:\/\/www.depoles.com\/hr\/wp-json\/wp\/v2\/product_brand?post=4395"},{"taxonomy":"product_cat","embeddable":true,"href":"https:\/\/www.depoles.com\/hr\/wp-json\/wp\/v2\/product_cat?post=4395"},{"taxonomy":"product_tag","embeddable":true,"href":"https:\/\/www.depoles.com\/hr\/wp-json\/wp\/v2\/product_tag?post=4395"}],"curies":[{"name":"wp","href":"https:\/\/api.w.org\/{rel}","templated":true}]}}