{"id":4423,"date":"2019-11-22T12:55:17","date_gmt":"2019-11-22T11:55:17","guid":{"rendered":"https:\/\/nova.depoles.com\/trgovina\/delovna-miza-wt37\/"},"modified":"2026-02-12T13:52:24","modified_gmt":"2026-02-12T12:52:24","slug":"delovna-miza-wt37","status":"publish","type":"product","link":"https:\/\/www.depoles.com\/hr\/trgovina\/delovna-miza-wt37\/","title":{"rendered":"Radni stol WT37"},"content":{"rendered":"<p><strong>Tehni\u010dni podatki<\/strong><\/p>\n<ul>\n<li><strong>Dimenzije (\u0160 x D x V):<\/strong> 1120 x 610 x 158 mm<\/li>\n<li><strong>Nosilnost:<\/strong> 200 kg<\/li>\n<li><strong>Te\u017ea (bruto):<\/strong> 50 kg<\/li>\n<li><strong>Te\u017ea (neto):<\/strong> 48 kg<\/li>\n<li><strong>Dimenzije embala\u017ee (\u0160 x D x V):<\/strong> 640 x 1240 x 90 mm<\/li>\n<li><strong>EAN koda:<\/strong> 9120058376887<\/li>\n<\/ul>\n","protected":false},"excerpt":{"rendered":"<h3>Lastnosti izdelka<\/h3>\n<ul>\n<li>Velika delovna plo\u0161\u010da iz MDF na trdnem okvirju iz plo\u010devine<\/li>\n<li>Vklju\u010duje 20 posami\u010dnih kavljev za hrbet<\/li>\n<li>Dimenzije: 112 x 61 x 158 cm (D x \u0160 x V)<\/li>\n<li>Trgovina s krogli\u010dnimi le\u017eaji<\/li>\n<li>Maksimalna nosilnost 200 kg<\/li>\n<\/ul>\n","protected":false},"featured_media":4424,"template":"","meta":[],"product_brand":[],"product_cat":[1063,1041,1062],"product_tag":[],"class_list":{"0":"post-4423","1":"product","2":"type-product","3":"status-publish","4":"has-post-thumbnail","6":"product_cat-deloven-mize-ponki","7":"product_cat-oprema-za-delavnice-delovne-mize-ponki-in-police","8":"product_cat-oprema-za-delavnice-delovne-mize-ponki","10":"first","11":"instock","12":"shipping-taxable","13":"purchasable","14":"product-type-simple"},"_links":{"self":[{"href":"https:\/\/www.depoles.com\/hr\/wp-json\/wp\/v2\/product\/4423","targetHints":{"allow":["GET"]}}],"collection":[{"href":"https:\/\/www.depoles.com\/hr\/wp-json\/wp\/v2\/product"}],"about":[{"href":"https:\/\/www.depoles.com\/hr\/wp-json\/wp\/v2\/types\/product"}],"wp:featuredmedia":[{"embeddable":true,"href":"https:\/\/www.depoles.com\/hr\/wp-json\/wp\/v2\/media\/4424"}],"wp:attachment":[{"href":"https:\/\/www.depoles.com\/hr\/wp-json\/wp\/v2\/media?parent=4423"}],"wp:term":[{"taxonomy":"product_brand","embeddable":true,"href":"https:\/\/www.depoles.com\/hr\/wp-json\/wp\/v2\/product_brand?post=4423"},{"taxonomy":"product_cat","embeddable":true,"href":"https:\/\/www.depoles.com\/hr\/wp-json\/wp\/v2\/product_cat?post=4423"},{"taxonomy":"product_tag","embeddable":true,"href":"https:\/\/www.depoles.com\/hr\/wp-json\/wp\/v2\/product_tag?post=4423"}],"curies":[{"name":"wp","href":"https:\/\/api.w.org\/{rel}","templated":true}]}}